{"id":4480,"date":"2026-03-23T09:51:45","date_gmt":"2026-03-23T08:51:45","guid":{"rendered":"https:\/\/www.todobudapest.com\/products\/mexikoi-brunch\/"},"modified":"2026-03-23T11:45:56","modified_gmt":"2026-03-23T10:45:56","slug":"mexikoi-brunch","status":"publish","type":"product","link":"https:\/\/www.todobudapest.com\/hu\/products\/mexikoi-brunch\/","title":{"rendered":"Eg\u00e9szs\u00e9ges Mexik\u00f3i Brunch a Lulu Budapestben korl\u00e1tlan pr\u00e9mium alkoholmentes k\u00edn\u00e1lattal"},"content":{"rendered":"","protected":false},"excerpt":{"rendered":"<p>Eg\u00e9szs\u00e9ges \u00edzek \u00e9s mexik\u00f3i hangulat, csak a Lulu Budapestben.<\/p>\n","protected":false},"featured_media":4455,"comment_status":"closed","ping_status":"closed","template":"","meta":[],"product_cat":[40],"product_tag":[],"class_list":["post-4480","product","type-product","status-publish","has-post-thumbnail","hentry","product_cat-gasztronomia"],"acf":[],"yoast_head":"<!-- This site is optimized with the Yoast SEO plugin v20.3 - https:\/\/yoast.com\/wordpress\/plugins\/seo\/ -->\n<title>Eg\u00e9szs\u00e9ges Mexik\u00f3i Brunch a Lulu Budapestben korl\u00e1tlan pr\u00e9mium alkoholmentes k\u00edn\u00e1lattal - To Do Budapest<\/title>\n<meta name=\"description\" content=\"Eg\u00e9szs\u00e9ges Mexik\u00f3i Bruch a Lulu Budapestben korl\u00e1tlan pr\u00e9mium alkoholmentes k\u00edn\u00e1lattal\" \/>\n<meta name=\"robots\" content=\"index, follow, max-snippet:-1, max-image-preview:large, max-video-preview:-1\" \/>\n<link rel=\"canonical\" href=\"https:\/\/www.todobudapest.com\/hu\/products\/mexikoi-brunch\/\" \/>\n<meta property=\"og:locale\" content=\"hu_HU\" \/>\n<meta property=\"og:type\" content=\"article\" \/>\n<meta property=\"og:title\" content=\"Eg\u00e9szs\u00e9ges Mexik\u00f3i Brunch a Lulu Budapestben korl\u00e1tlan pr\u00e9mium alkoholmentes k\u00edn\u00e1lattal - To Do Budapest\" \/>\n<meta property=\"og:description\" content=\"Eg\u00e9szs\u00e9ges Mexik\u00f3i Bruch a Lulu Budapestben korl\u00e1tlan pr\u00e9mium alkoholmentes k\u00edn\u00e1lattal\" \/>\n<meta property=\"og:url\" content=\"https:\/\/www.todobudapest.com\/hu\/products\/mexikoi-brunch\/\" \/>\n<meta property=\"og:site_name\" content=\"To Do Budapest\" \/>\n<meta property=\"article:modified_time\" content=\"2026-03-23T10:45:56+00:00\" \/>\n<meta property=\"og:image\" content=\"https:\/\/www.todobudapest.com\/wp-content\/uploads\/2026\/03\/IMG_5413-scaled.jpg\" \/>\n\t<meta property=\"og:image:width\" content=\"2560\" \/>\n\t<meta property=\"og:image:height\" content=\"2560\" \/>\n\t<meta property=\"og:image:type\" content=\"image\/jpeg\" \/>\n<meta name=\"twitter:card\" content=\"summary_large_image\" \/>\n<script type=\"application\/ld+json\" class=\"yoast-schema-graph\">{\"@context\":\"https:\/\/schema.org\",\"@graph\":[{\"@type\":\"WebPage\",\"@id\":\"https:\/\/www.todobudapest.com\/hu\/products\/mexikoi-brunch\/\",\"url\":\"https:\/\/www.todobudapest.com\/hu\/products\/mexikoi-brunch\/\",\"name\":\"Eg\u00e9szs\u00e9ges Mexik\u00f3i Brunch a Lulu Budapestben korl\u00e1tlan pr\u00e9mium alkoholmentes k\u00edn\u00e1lattal - To Do Budapest\",\"isPartOf\":{\"@id\":\"https:\/\/www.todobudapest.com\/#website\"},\"datePublished\":\"2026-03-23T08:51:45+00:00\",\"dateModified\":\"2026-03-23T10:45:56+00:00\",\"description\":\"Eg\u00e9szs\u00e9ges Mexik\u00f3i Bruch a Lulu Budapestben korl\u00e1tlan pr\u00e9mium alkoholmentes k\u00edn\u00e1lattal\",\"breadcrumb\":{\"@id\":\"https:\/\/www.todobudapest.com\/hu\/products\/mexikoi-brunch\/#breadcrumb\"},\"inLanguage\":\"hu\",\"potentialAction\":[{\"@type\":\"ReadAction\",\"target\":[\"https:\/\/www.todobudapest.com\/hu\/products\/mexikoi-brunch\/\"]}]},{\"@type\":\"BreadcrumbList\",\"@id\":\"https:\/\/www.todobudapest.com\/hu\/products\/mexikoi-brunch\/#breadcrumb\",\"itemListElement\":[{\"@type\":\"ListItem\",\"position\":1,\"name\":\"Home\",\"item\":\"https:\/\/www.todobudapest.com\/hu\/\"},{\"@type\":\"ListItem\",\"position\":2,\"name\":\"Shop\",\"item\":\"https:\/\/www.todobudapest.com\/hu\/shop\/\"},{\"@type\":\"ListItem\",\"position\":3,\"name\":\"Gastronomy\",\"item\":\"https:\/\/www.todobudapest.com\/todo-category\/gastronomy\/\"},{\"@type\":\"ListItem\",\"position\":4,\"name\":\"Eg\u00e9szs\u00e9ges Mexik\u00f3i Brunch a Lulu Budapestben korl\u00e1tlan pr\u00e9mium alkoholmentes k\u00edn\u00e1lattal\"}]},{\"@type\":\"WebSite\",\"@id\":\"https:\/\/www.todobudapest.com\/#website\",\"url\":\"https:\/\/www.todobudapest.com\/\",\"name\":\"To Do Budapest\",\"description\":\"\",\"potentialAction\":[{\"@type\":\"SearchAction\",\"target\":{\"@type\":\"EntryPoint\",\"urlTemplate\":\"https:\/\/www.todobudapest.com\/?s={search_term_string}\"},\"query-input\":\"required name=search_term_string\"}],\"inLanguage\":\"hu\"}]}<\/script>\n<!-- \/ Yoast SEO plugin. -->","yoast_head_json":{"title":"Eg\u00e9szs\u00e9ges Mexik\u00f3i Brunch a Lulu Budapestben korl\u00e1tlan pr\u00e9mium alkoholmentes k\u00edn\u00e1lattal - To Do Budapest","description":"Eg\u00e9szs\u00e9ges Mexik\u00f3i Bruch a Lulu Budapestben korl\u00e1tlan pr\u00e9mium alkoholmentes k\u00edn\u00e1lattal","robots":{"index":"index","follow":"follow","max-snippet":"max-snippet:-1","max-image-preview":"max-image-preview:large","max-video-preview":"max-video-preview:-1"},"canonical":"https:\/\/www.todobudapest.com\/hu\/products\/mexikoi-brunch\/","og_locale":"hu_HU","og_type":"article","og_title":"Eg\u00e9szs\u00e9ges Mexik\u00f3i Brunch a Lulu Budapestben korl\u00e1tlan pr\u00e9mium alkoholmentes k\u00edn\u00e1lattal - To Do Budapest","og_description":"Eg\u00e9szs\u00e9ges Mexik\u00f3i Bruch a Lulu Budapestben korl\u00e1tlan pr\u00e9mium alkoholmentes k\u00edn\u00e1lattal","og_url":"https:\/\/www.todobudapest.com\/hu\/products\/mexikoi-brunch\/","og_site_name":"To Do Budapest","article_modified_time":"2026-03-23T10:45:56+00:00","og_image":[{"width":2560,"height":2560,"url":"https:\/\/www.todobudapest.com\/wp-content\/uploads\/2026\/03\/IMG_5413-scaled.jpg","type":"image\/jpeg"}],"twitter_card":"summary_large_image","schema":{"@context":"https:\/\/schema.org","@graph":[{"@type":"WebPage","@id":"https:\/\/www.todobudapest.com\/hu\/products\/mexikoi-brunch\/","url":"https:\/\/www.todobudapest.com\/hu\/products\/mexikoi-brunch\/","name":"Eg\u00e9szs\u00e9ges Mexik\u00f3i Brunch a Lulu Budapestben korl\u00e1tlan pr\u00e9mium alkoholmentes k\u00edn\u00e1lattal - To Do Budapest","isPartOf":{"@id":"https:\/\/www.todobudapest.com\/#website"},"datePublished":"2026-03-23T08:51:45+00:00","dateModified":"2026-03-23T10:45:56+00:00","description":"Eg\u00e9szs\u00e9ges Mexik\u00f3i Bruch a Lulu Budapestben korl\u00e1tlan pr\u00e9mium alkoholmentes k\u00edn\u00e1lattal","breadcrumb":{"@id":"https:\/\/www.todobudapest.com\/hu\/products\/mexikoi-brunch\/#breadcrumb"},"inLanguage":"hu","potentialAction":[{"@type":"ReadAction","target":["https:\/\/www.todobudapest.com\/hu\/products\/mexikoi-brunch\/"]}]},{"@type":"BreadcrumbList","@id":"https:\/\/www.todobudapest.com\/hu\/products\/mexikoi-brunch\/#breadcrumb","itemListElement":[{"@type":"ListItem","position":1,"name":"Home","item":"https:\/\/www.todobudapest.com\/hu\/"},{"@type":"ListItem","position":2,"name":"Shop","item":"https:\/\/www.todobudapest.com\/hu\/shop\/"},{"@type":"ListItem","position":3,"name":"Gastronomy","item":"https:\/\/www.todobudapest.com\/todo-category\/gastronomy\/"},{"@type":"ListItem","position":4,"name":"Eg\u00e9szs\u00e9ges Mexik\u00f3i Brunch a Lulu Budapestben korl\u00e1tlan pr\u00e9mium alkoholmentes k\u00edn\u00e1lattal"}]},{"@type":"WebSite","@id":"https:\/\/www.todobudapest.com\/#website","url":"https:\/\/www.todobudapest.com\/","name":"To Do Budapest","description":"","potentialAction":[{"@type":"SearchAction","target":{"@type":"EntryPoint","urlTemplate":"https:\/\/www.todobudapest.com\/?s={search_term_string}"},"query-input":"required name=search_term_string"}],"inLanguage":"hu"}]}},"_links":{"self":[{"href":"https:\/\/www.todobudapest.com\/hu\/wp-json\/wp\/v2\/product\/4480","targetHints":{"allow":["GET"]}}],"collection":[{"href":"https:\/\/www.todobudapest.com\/hu\/wp-json\/wp\/v2\/product"}],"about":[{"href":"https:\/\/www.todobudapest.com\/hu\/wp-json\/wp\/v2\/types\/product"}],"replies":[{"embeddable":true,"href":"https:\/\/www.todobudapest.com\/hu\/wp-json\/wp\/v2\/comments?post=4480"}],"wp:featuredmedia":[{"embeddable":true,"href":"https:\/\/www.todobudapest.com\/hu\/wp-json\/wp\/v2\/media\/4455"}],"wp:attachment":[{"href":"https:\/\/www.todobudapest.com\/hu\/wp-json\/wp\/v2\/media?parent=4480"}],"wp:term":[{"taxonomy":"product_cat","embeddable":true,"href":"https:\/\/www.todobudapest.com\/hu\/wp-json\/wp\/v2\/product_cat?post=4480"},{"taxonomy":"product_tag","embeddable":true,"href":"https:\/\/www.todobudapest.com\/hu\/wp-json\/wp\/v2\/product_tag?post=4480"}],"curies":[{"name":"wp","href":"https:\/\/api.w.org\/{rel}","templated":true}]}}