{"id":4196,"date":"2025-11-08T13:17:12","date_gmt":"2025-11-08T12:17:12","guid":{"rendered":"https:\/\/www.todobudapest.com\/products\/egeszseges-mezze-valogatas-a-lulu-budapestben-korlatlan-premium-alkoholmentes-kinalatta\/"},"modified":"2026-01-04T18:38:52","modified_gmt":"2026-01-04T17:38:52","slug":"egeszseges-mezze-valogatas-a-lulu-budapestben-korlatlan-premium-alkoholmentes-kinalatta","status":"publish","type":"product","link":"https:\/\/www.todobudapest.com\/hu\/products\/egeszseges-mezze-valogatas-a-lulu-budapestben-korlatlan-premium-alkoholmentes-kinalatta\/","title":{"rendered":"Eg\u00e9szs\u00e9ges Mezze v\u00e1logat\u00e1s a Lulu Budapestben korl\u00e1tlan pr\u00e9mium alkoholmentes k\u00edn\u00e1lattal"},"content":{"rendered":"","protected":false},"excerpt":{"rendered":"<p>Eg\u00e9szs\u00e9ges \u00edzek, mediterr\u00e1n hangulat \u2013 csak a Lulu Budapestben.<\/p>\n","protected":false},"featured_media":4184,"comment_status":"closed","ping_status":"closed","template":"","meta":[],"product_cat":[40],"product_tag":[],"class_list":["post-4196","product","type-product","status-publish","has-post-thumbnail","hentry","product_cat-gasztronomia"],"acf":[],"yoast_head":"<!-- This site is optimized with the Yoast SEO plugin v20.3 - https:\/\/yoast.com\/wordpress\/plugins\/seo\/ -->\n<title>Eg\u00e9szs\u00e9ges Mezze v\u00e1logat\u00e1s a Lulu Budapestben korl\u00e1tlan pr\u00e9mium alkoholmentes k\u00edn\u00e1lattal - To Do Budapest<\/title>\n<meta name=\"description\" content=\"Engedd, hogy elvar\u00e1zsoljon a v\u00e1ros sz\u00edv\u00e9ben megb\u00fav\u00f3 o\u00e1zis, ahol a frissess\u00e9g \u00e9s a harm\u00f3nia tal\u00e1lkozik.\" \/>\n<meta name=\"robots\" content=\"index, follow, max-snippet:-1, max-image-preview:large, max-video-preview:-1\" \/>\n<link rel=\"canonical\" href=\"https:\/\/www.todobudapest.com\/hu\/products\/egeszseges-mezze-valogatas-a-lulu-budapestben-korlatlan-premium-alkoholmentes-kinalatta\/\" \/>\n<meta property=\"og:locale\" content=\"hu_HU\" \/>\n<meta property=\"og:type\" content=\"article\" \/>\n<meta property=\"og:title\" content=\"Eg\u00e9szs\u00e9ges Mezze v\u00e1logat\u00e1s a Lulu Budapestben korl\u00e1tlan pr\u00e9mium alkoholmentes k\u00edn\u00e1latta\" \/>\n<meta property=\"og:description\" content=\"Engedd, hogy elvar\u00e1zsoljon a v\u00e1ros sz\u00edv\u00e9ben megb\u00fav\u00f3 o\u00e1zis, ahol a frissess\u00e9g \u00e9s a harm\u00f3nia tal\u00e1lkozik.\" \/>\n<meta property=\"og:url\" content=\"https:\/\/www.todobudapest.com\/hu\/products\/egeszseges-mezze-valogatas-a-lulu-budapestben-korlatlan-premium-alkoholmentes-kinalatta\/\" \/>\n<meta property=\"og:site_name\" content=\"To Do Budapest\" \/>\n<meta property=\"article:modified_time\" content=\"2026-01-04T17:38:52+00:00\" \/>\n<meta property=\"og:image\" content=\"https:\/\/www.todobudapest.com\/wp-content\/uploads\/2025\/11\/IMG_1532-240x300.jpg\" \/>\n<meta name=\"twitter:card\" content=\"summary_large_image\" \/>\n<script type=\"application\/ld+json\" class=\"yoast-schema-graph\">{\"@context\":\"https:\/\/schema.org\",\"@graph\":[{\"@type\":\"WebPage\",\"@id\":\"https:\/\/www.todobudapest.com\/hu\/products\/egeszseges-mezze-valogatas-a-lulu-budapestben-korlatlan-premium-alkoholmentes-kinalatta\/\",\"url\":\"https:\/\/www.todobudapest.com\/hu\/products\/egeszseges-mezze-valogatas-a-lulu-budapestben-korlatlan-premium-alkoholmentes-kinalatta\/\",\"name\":\"Eg\u00e9szs\u00e9ges Mezze v\u00e1logat\u00e1s a Lulu Budapestben korl\u00e1tlan pr\u00e9mium alkoholmentes k\u00edn\u00e1lattal - To Do Budapest\",\"isPartOf\":{\"@id\":\"https:\/\/www.todobudapest.com\/#website\"},\"datePublished\":\"2025-11-08T12:17:12+00:00\",\"dateModified\":\"2026-01-04T17:38:52+00:00\",\"description\":\"Engedd, hogy elvar\u00e1zsoljon a v\u00e1ros sz\u00edv\u00e9ben megb\u00fav\u00f3 o\u00e1zis, ahol a frissess\u00e9g \u00e9s a harm\u00f3nia tal\u00e1lkozik.\",\"breadcrumb\":{\"@id\":\"https:\/\/www.todobudapest.com\/hu\/products\/egeszseges-mezze-valogatas-a-lulu-budapestben-korlatlan-premium-alkoholmentes-kinalatta\/#breadcrumb\"},\"inLanguage\":\"hu\",\"potentialAction\":[{\"@type\":\"ReadAction\",\"target\":[\"https:\/\/www.todobudapest.com\/hu\/products\/egeszseges-mezze-valogatas-a-lulu-budapestben-korlatlan-premium-alkoholmentes-kinalatta\/\"]}]},{\"@type\":\"BreadcrumbList\",\"@id\":\"https:\/\/www.todobudapest.com\/hu\/products\/egeszseges-mezze-valogatas-a-lulu-budapestben-korlatlan-premium-alkoholmentes-kinalatta\/#breadcrumb\",\"itemListElement\":[{\"@type\":\"ListItem\",\"position\":1,\"name\":\"Home\",\"item\":\"https:\/\/www.todobudapest.com\/hu\/\"},{\"@type\":\"ListItem\",\"position\":2,\"name\":\"Shop\",\"item\":\"https:\/\/www.todobudapest.com\/hu\/shop\/\"},{\"@type\":\"ListItem\",\"position\":3,\"name\":\"Gastronomy\",\"item\":\"https:\/\/www.todobudapest.com\/todo-category\/gastronomy\/\"},{\"@type\":\"ListItem\",\"position\":4,\"name\":\"Eg\u00e9szs\u00e9ges Mezze v\u00e1logat\u00e1s a Lulu Budapestben korl\u00e1tlan pr\u00e9mium alkoholmentes k\u00edn\u00e1lattal\"}]},{\"@type\":\"WebSite\",\"@id\":\"https:\/\/www.todobudapest.com\/#website\",\"url\":\"https:\/\/www.todobudapest.com\/\",\"name\":\"To Do Budapest\",\"description\":\"\",\"potentialAction\":[{\"@type\":\"SearchAction\",\"target\":{\"@type\":\"EntryPoint\",\"urlTemplate\":\"https:\/\/www.todobudapest.com\/?s={search_term_string}\"},\"query-input\":\"required name=search_term_string\"}],\"inLanguage\":\"hu\"}]}<\/script>\n<!-- \/ Yoast SEO plugin. -->","yoast_head_json":{"title":"Eg\u00e9szs\u00e9ges Mezze v\u00e1logat\u00e1s a Lulu Budapestben korl\u00e1tlan pr\u00e9mium alkoholmentes k\u00edn\u00e1lattal - To Do Budapest","description":"Engedd, hogy elvar\u00e1zsoljon a v\u00e1ros sz\u00edv\u00e9ben megb\u00fav\u00f3 o\u00e1zis, ahol a frissess\u00e9g \u00e9s a harm\u00f3nia tal\u00e1lkozik.","robots":{"index":"index","follow":"follow","max-snippet":"max-snippet:-1","max-image-preview":"max-image-preview:large","max-video-preview":"max-video-preview:-1"},"canonical":"https:\/\/www.todobudapest.com\/hu\/products\/egeszseges-mezze-valogatas-a-lulu-budapestben-korlatlan-premium-alkoholmentes-kinalatta\/","og_locale":"hu_HU","og_type":"article","og_title":"Eg\u00e9szs\u00e9ges Mezze v\u00e1logat\u00e1s a Lulu Budapestben korl\u00e1tlan pr\u00e9mium alkoholmentes k\u00edn\u00e1latta","og_description":"Engedd, hogy elvar\u00e1zsoljon a v\u00e1ros sz\u00edv\u00e9ben megb\u00fav\u00f3 o\u00e1zis, ahol a frissess\u00e9g \u00e9s a harm\u00f3nia tal\u00e1lkozik.","og_url":"https:\/\/www.todobudapest.com\/hu\/products\/egeszseges-mezze-valogatas-a-lulu-budapestben-korlatlan-premium-alkoholmentes-kinalatta\/","og_site_name":"To Do Budapest","article_modified_time":"2026-01-04T17:38:52+00:00","og_image":[{"url":"https:\/\/www.todobudapest.com\/wp-content\/uploads\/2025\/11\/IMG_1532-240x300.jpg"}],"twitter_card":"summary_large_image","schema":{"@context":"https:\/\/schema.org","@graph":[{"@type":"WebPage","@id":"https:\/\/www.todobudapest.com\/hu\/products\/egeszseges-mezze-valogatas-a-lulu-budapestben-korlatlan-premium-alkoholmentes-kinalatta\/","url":"https:\/\/www.todobudapest.com\/hu\/products\/egeszseges-mezze-valogatas-a-lulu-budapestben-korlatlan-premium-alkoholmentes-kinalatta\/","name":"Eg\u00e9szs\u00e9ges Mezze v\u00e1logat\u00e1s a Lulu Budapestben korl\u00e1tlan pr\u00e9mium alkoholmentes k\u00edn\u00e1lattal - To Do Budapest","isPartOf":{"@id":"https:\/\/www.todobudapest.com\/#website"},"datePublished":"2025-11-08T12:17:12+00:00","dateModified":"2026-01-04T17:38:52+00:00","description":"Engedd, hogy elvar\u00e1zsoljon a v\u00e1ros sz\u00edv\u00e9ben megb\u00fav\u00f3 o\u00e1zis, ahol a frissess\u00e9g \u00e9s a harm\u00f3nia tal\u00e1lkozik.","breadcrumb":{"@id":"https:\/\/www.todobudapest.com\/hu\/products\/egeszseges-mezze-valogatas-a-lulu-budapestben-korlatlan-premium-alkoholmentes-kinalatta\/#breadcrumb"},"inLanguage":"hu","potentialAction":[{"@type":"ReadAction","target":["https:\/\/www.todobudapest.com\/hu\/products\/egeszseges-mezze-valogatas-a-lulu-budapestben-korlatlan-premium-alkoholmentes-kinalatta\/"]}]},{"@type":"BreadcrumbList","@id":"https:\/\/www.todobudapest.com\/hu\/products\/egeszseges-mezze-valogatas-a-lulu-budapestben-korlatlan-premium-alkoholmentes-kinalatta\/#breadcrumb","itemListElement":[{"@type":"ListItem","position":1,"name":"Home","item":"https:\/\/www.todobudapest.com\/hu\/"},{"@type":"ListItem","position":2,"name":"Shop","item":"https:\/\/www.todobudapest.com\/hu\/shop\/"},{"@type":"ListItem","position":3,"name":"Gastronomy","item":"https:\/\/www.todobudapest.com\/todo-category\/gastronomy\/"},{"@type":"ListItem","position":4,"name":"Eg\u00e9szs\u00e9ges Mezze v\u00e1logat\u00e1s a Lulu Budapestben korl\u00e1tlan pr\u00e9mium alkoholmentes k\u00edn\u00e1lattal"}]},{"@type":"WebSite","@id":"https:\/\/www.todobudapest.com\/#website","url":"https:\/\/www.todobudapest.com\/","name":"To Do Budapest","description":"","potentialAction":[{"@type":"SearchAction","target":{"@type":"EntryPoint","urlTemplate":"https:\/\/www.todobudapest.com\/?s={search_term_string}"},"query-input":"required name=search_term_string"}],"inLanguage":"hu"}]}},"_links":{"self":[{"href":"https:\/\/www.todobudapest.com\/hu\/wp-json\/wp\/v2\/product\/4196","targetHints":{"allow":["GET"]}}],"collection":[{"href":"https:\/\/www.todobudapest.com\/hu\/wp-json\/wp\/v2\/product"}],"about":[{"href":"https:\/\/www.todobudapest.com\/hu\/wp-json\/wp\/v2\/types\/product"}],"replies":[{"embeddable":true,"href":"https:\/\/www.todobudapest.com\/hu\/wp-json\/wp\/v2\/comments?post=4196"}],"wp:featuredmedia":[{"embeddable":true,"href":"https:\/\/www.todobudapest.com\/hu\/wp-json\/wp\/v2\/media\/4184"}],"wp:attachment":[{"href":"https:\/\/www.todobudapest.com\/hu\/wp-json\/wp\/v2\/media?parent=4196"}],"wp:term":[{"taxonomy":"product_cat","embeddable":true,"href":"https:\/\/www.todobudapest.com\/hu\/wp-json\/wp\/v2\/product_cat?post=4196"},{"taxonomy":"product_tag","embeddable":true,"href":"https:\/\/www.todobudapest.com\/hu\/wp-json\/wp\/v2\/product_tag?post=4196"}],"curies":[{"name":"wp","href":"https:\/\/api.w.org\/{rel}","templated":true}]}}