{"id":3748,"date":"2025-08-02T15:22:54","date_gmt":"2025-08-02T13:22:54","guid":{"rendered":"https:\/\/www.todobudapest.com\/products\/budapesti-varosnezo-hajozas-1-itallal\/"},"modified":"2025-08-02T15:30:19","modified_gmt":"2025-08-02T13:30:19","slug":"budapesti-varosnezo-hajozas-1-itallal","status":"publish","type":"product","link":"https:\/\/www.todobudapest.com\/hu\/products\/budapesti-varosnezo-hajozas-1-itallal\/","title":{"rendered":"Budapesti v\u00e1rosn\u00e9z\u0151 haj\u00f3z\u00e1s 1 itallal"},"content":{"rendered":"","protected":false},"excerpt":{"rendered":"","protected":false},"featured_media":1693,"comment_status":"closed","ping_status":"closed","template":"","meta":[],"product_cat":[34],"product_tag":[],"class_list":["post-3748","product","type-product","status-publish","has-post-thumbnail","hentry","product_cat-hajos-varosnezes"],"acf":[],"yoast_head":"<!-- This site is optimized with the Yoast SEO plugin v20.3 - https:\/\/yoast.com\/wordpress\/plugins\/seo\/ -->\n<title>Budapesti v\u00e1rosn\u00e9z\u0151 haj\u00f3z\u00e1s 1 itallal - To Do Budapest<\/title>\n<meta name=\"description\" content=\"\u00c9lje \u00e1t Budapestet egy egyed\u00fcl\u00e1ll\u00f3 szemsz\u00f6gb\u0151l\u2014egy 60 perces, kikapcsol\u00f3d\u00e1st ny\u00fajt\u00f3 haj\u00f3kir\u00e1ndul\u00e1s a Dun\u00e1n, friss\u00edt\u0151 itallal a kez\u00e9ben.\" \/>\n<meta name=\"robots\" content=\"index, follow, max-snippet:-1, max-image-preview:large, max-video-preview:-1\" \/>\n<link rel=\"canonical\" href=\"https:\/\/www.todobudapest.com\/hu\/products\/budapesti-varosnezo-hajozas-1-itallal\/\" \/>\n<meta property=\"og:locale\" content=\"hu_HU\" \/>\n<meta property=\"og:type\" content=\"article\" \/>\n<meta property=\"og:title\" content=\"Budapesti v\u00e1rosn\u00e9z\u0151 haj\u00f3z\u00e1s 1 itallal\" \/>\n<meta property=\"og:description\" content=\"\u00c9lje \u00e1t Budapestet egy egyed\u00fcl\u00e1ll\u00f3 szemsz\u00f6gb\u0151l\u2014egy 60 perces, kikapcsol\u00f3d\u00e1st ny\u00fajt\u00f3 haj\u00f3kir\u00e1ndul\u00e1s a Dun\u00e1n, friss\u00edt\u0151 itallal a kez\u00e9ben.\" \/>\n<meta property=\"og:url\" content=\"https:\/\/www.todobudapest.com\/hu\/products\/budapesti-varosnezo-hajozas-1-itallal\/\" \/>\n<meta property=\"og:site_name\" content=\"To Do Budapest\" \/>\n<meta property=\"article:modified_time\" content=\"2025-08-02T13:30:19+00:00\" \/>\n<meta property=\"og:image\" content=\"https:\/\/www.todobudapest.com\/wp-content\/uploads\/2023\/04\/P1480062.jpg-masolata1_sm-1024x769.jpg\" \/>\n<meta name=\"twitter:card\" content=\"summary_large_image\" \/>\n<script type=\"application\/ld+json\" class=\"yoast-schema-graph\">{\"@context\":\"https:\/\/schema.org\",\"@graph\":[{\"@type\":\"WebPage\",\"@id\":\"https:\/\/www.todobudapest.com\/hu\/products\/budapesti-varosnezo-hajozas-1-itallal\/\",\"url\":\"https:\/\/www.todobudapest.com\/hu\/products\/budapesti-varosnezo-hajozas-1-itallal\/\",\"name\":\"Budapesti v\u00e1rosn\u00e9z\u0151 haj\u00f3z\u00e1s 1 itallal - To Do Budapest\",\"isPartOf\":{\"@id\":\"https:\/\/www.todobudapest.com\/#website\"},\"datePublished\":\"2025-08-02T13:22:54+00:00\",\"dateModified\":\"2025-08-02T13:30:19+00:00\",\"description\":\"\u00c9lje \u00e1t Budapestet egy egyed\u00fcl\u00e1ll\u00f3 szemsz\u00f6gb\u0151l\u2014egy 60 perces, kikapcsol\u00f3d\u00e1st ny\u00fajt\u00f3 haj\u00f3kir\u00e1ndul\u00e1s a Dun\u00e1n, friss\u00edt\u0151 itallal a kez\u00e9ben.\",\"breadcrumb\":{\"@id\":\"https:\/\/www.todobudapest.com\/hu\/products\/budapesti-varosnezo-hajozas-1-itallal\/#breadcrumb\"},\"inLanguage\":\"hu\",\"potentialAction\":[{\"@type\":\"ReadAction\",\"target\":[\"https:\/\/www.todobudapest.com\/hu\/products\/budapesti-varosnezo-hajozas-1-itallal\/\"]}]},{\"@type\":\"BreadcrumbList\",\"@id\":\"https:\/\/www.todobudapest.com\/hu\/products\/budapesti-varosnezo-hajozas-1-itallal\/#breadcrumb\",\"itemListElement\":[{\"@type\":\"ListItem\",\"position\":1,\"name\":\"Home\",\"item\":\"https:\/\/www.todobudapest.com\/hu\/\"},{\"@type\":\"ListItem\",\"position\":2,\"name\":\"Shop\",\"item\":\"https:\/\/www.todobudapest.com\/hu\/shop\/\"},{\"@type\":\"ListItem\",\"position\":3,\"name\":\"Haj\u00f3s v\u00e1rosn\u00e9z\u00e9s\",\"item\":\"https:\/\/www.todobudapest.com\/hu\/todo-category\/hajos-varosnezes\/\"},{\"@type\":\"ListItem\",\"position\":4,\"name\":\"Budapesti v\u00e1rosn\u00e9z\u0151 haj\u00f3z\u00e1s 1 itallal\"}]},{\"@type\":\"WebSite\",\"@id\":\"https:\/\/www.todobudapest.com\/#website\",\"url\":\"https:\/\/www.todobudapest.com\/\",\"name\":\"To Do Budapest\",\"description\":\"\",\"potentialAction\":[{\"@type\":\"SearchAction\",\"target\":{\"@type\":\"EntryPoint\",\"urlTemplate\":\"https:\/\/www.todobudapest.com\/?s={search_term_string}\"},\"query-input\":\"required name=search_term_string\"}],\"inLanguage\":\"hu\"}]}<\/script>\n<!-- \/ Yoast SEO plugin. -->","yoast_head_json":{"title":"Budapesti v\u00e1rosn\u00e9z\u0151 haj\u00f3z\u00e1s 1 itallal - To Do Budapest","description":"\u00c9lje \u00e1t Budapestet egy egyed\u00fcl\u00e1ll\u00f3 szemsz\u00f6gb\u0151l\u2014egy 60 perces, kikapcsol\u00f3d\u00e1st ny\u00fajt\u00f3 haj\u00f3kir\u00e1ndul\u00e1s a Dun\u00e1n, friss\u00edt\u0151 itallal a kez\u00e9ben.","robots":{"index":"index","follow":"follow","max-snippet":"max-snippet:-1","max-image-preview":"max-image-preview:large","max-video-preview":"max-video-preview:-1"},"canonical":"https:\/\/www.todobudapest.com\/hu\/products\/budapesti-varosnezo-hajozas-1-itallal\/","og_locale":"hu_HU","og_type":"article","og_title":"Budapesti v\u00e1rosn\u00e9z\u0151 haj\u00f3z\u00e1s 1 itallal","og_description":"\u00c9lje \u00e1t Budapestet egy egyed\u00fcl\u00e1ll\u00f3 szemsz\u00f6gb\u0151l\u2014egy 60 perces, kikapcsol\u00f3d\u00e1st ny\u00fajt\u00f3 haj\u00f3kir\u00e1ndul\u00e1s a Dun\u00e1n, friss\u00edt\u0151 itallal a kez\u00e9ben.","og_url":"https:\/\/www.todobudapest.com\/hu\/products\/budapesti-varosnezo-hajozas-1-itallal\/","og_site_name":"To Do Budapest","article_modified_time":"2025-08-02T13:30:19+00:00","og_image":[{"url":"https:\/\/www.todobudapest.com\/wp-content\/uploads\/2023\/04\/P1480062.jpg-masolata1_sm-1024x769.jpg"}],"twitter_card":"summary_large_image","schema":{"@context":"https:\/\/schema.org","@graph":[{"@type":"WebPage","@id":"https:\/\/www.todobudapest.com\/hu\/products\/budapesti-varosnezo-hajozas-1-itallal\/","url":"https:\/\/www.todobudapest.com\/hu\/products\/budapesti-varosnezo-hajozas-1-itallal\/","name":"Budapesti v\u00e1rosn\u00e9z\u0151 haj\u00f3z\u00e1s 1 itallal - To Do Budapest","isPartOf":{"@id":"https:\/\/www.todobudapest.com\/#website"},"datePublished":"2025-08-02T13:22:54+00:00","dateModified":"2025-08-02T13:30:19+00:00","description":"\u00c9lje \u00e1t Budapestet egy egyed\u00fcl\u00e1ll\u00f3 szemsz\u00f6gb\u0151l\u2014egy 60 perces, kikapcsol\u00f3d\u00e1st ny\u00fajt\u00f3 haj\u00f3kir\u00e1ndul\u00e1s a Dun\u00e1n, friss\u00edt\u0151 itallal a kez\u00e9ben.","breadcrumb":{"@id":"https:\/\/www.todobudapest.com\/hu\/products\/budapesti-varosnezo-hajozas-1-itallal\/#breadcrumb"},"inLanguage":"hu","potentialAction":[{"@type":"ReadAction","target":["https:\/\/www.todobudapest.com\/hu\/products\/budapesti-varosnezo-hajozas-1-itallal\/"]}]},{"@type":"BreadcrumbList","@id":"https:\/\/www.todobudapest.com\/hu\/products\/budapesti-varosnezo-hajozas-1-itallal\/#breadcrumb","itemListElement":[{"@type":"ListItem","position":1,"name":"Home","item":"https:\/\/www.todobudapest.com\/hu\/"},{"@type":"ListItem","position":2,"name":"Shop","item":"https:\/\/www.todobudapest.com\/hu\/shop\/"},{"@type":"ListItem","position":3,"name":"Haj\u00f3s v\u00e1rosn\u00e9z\u00e9s","item":"https:\/\/www.todobudapest.com\/hu\/todo-category\/hajos-varosnezes\/"},{"@type":"ListItem","position":4,"name":"Budapesti v\u00e1rosn\u00e9z\u0151 haj\u00f3z\u00e1s 1 itallal"}]},{"@type":"WebSite","@id":"https:\/\/www.todobudapest.com\/#website","url":"https:\/\/www.todobudapest.com\/","name":"To Do Budapest","description":"","potentialAction":[{"@type":"SearchAction","target":{"@type":"EntryPoint","urlTemplate":"https:\/\/www.todobudapest.com\/?s={search_term_string}"},"query-input":"required name=search_term_string"}],"inLanguage":"hu"}]}},"_links":{"self":[{"href":"https:\/\/www.todobudapest.com\/hu\/wp-json\/wp\/v2\/product\/3748","targetHints":{"allow":["GET"]}}],"collection":[{"href":"https:\/\/www.todobudapest.com\/hu\/wp-json\/wp\/v2\/product"}],"about":[{"href":"https:\/\/www.todobudapest.com\/hu\/wp-json\/wp\/v2\/types\/product"}],"replies":[{"embeddable":true,"href":"https:\/\/www.todobudapest.com\/hu\/wp-json\/wp\/v2\/comments?post=3748"}],"wp:featuredmedia":[{"embeddable":true,"href":"https:\/\/www.todobudapest.com\/hu\/wp-json\/wp\/v2\/media\/1693"}],"wp:attachment":[{"href":"https:\/\/www.todobudapest.com\/hu\/wp-json\/wp\/v2\/media?parent=3748"}],"wp:term":[{"taxonomy":"product_cat","embeddable":true,"href":"https:\/\/www.todobudapest.com\/hu\/wp-json\/wp\/v2\/product_cat?post=3748"},{"taxonomy":"product_tag","embeddable":true,"href":"https:\/\/www.todobudapest.com\/hu\/wp-json\/wp\/v2\/product_tag?post=3748"}],"curies":[{"name":"wp","href":"https:\/\/api.w.org\/{rel}","templated":true}]}}