{"id":3217,"date":"2025-02-16T11:19:21","date_gmt":"2025-02-16T10:19:21","guid":{"rendered":"https:\/\/www.todobudapest.com\/products\/lulu-budapest-bottomless-brunch-buda-sziveben-2\/"},"modified":"2025-04-08T23:42:47","modified_gmt":"2025-04-08T21:42:47","slug":"lulu-budapest-bottomless-brunch-buda-sziveben","status":"publish","type":"product","link":"https:\/\/www.todobudapest.com\/hu\/products\/lulu-budapest-bottomless-brunch-buda-sziveben\/","title":{"rendered":"Lulu Budapest \u2013 Bottomless Brunch Buda sz\u00edv\u00e9ben"},"content":{"rendered":"","protected":false},"excerpt":{"rendered":"<p>Lulu Budapest \u2013 Bottomless Brunch Buda sz\u00edv\u00e9ben, a Sz\u00e9na t\u00e9ren m\u00e1r 9,990 Ft-t\u00f3l! A tengerparti nap sugarait hozzuk el nektek Buda legmen\u0151bb brunch hely\u00e9re, a Sz\u00e9na t\u00e9rre!<\/p>\n","protected":false},"featured_media":3184,"comment_status":"closed","ping_status":"closed","template":"","meta":[],"product_cat":[40],"product_tag":[],"class_list":["post-3217","product","type-product","status-publish","has-post-thumbnail","hentry","product_cat-gasztronomia"],"acf":[],"yoast_head":"<!-- This site is optimized with the Yoast SEO plugin v20.3 - https:\/\/yoast.com\/wordpress\/plugins\/seo\/ -->\n<title>Lulu Budapest \u2013 Bottomless Brunch Buda sz\u00edv\u00e9ben - To Do Budapest<\/title>\n<meta name=\"description\" content=\"\u00c9lvezd a tengerparti hangulatot Buda legmen\u0151bb brunch hely\u00e9n, garant\u00e1lt asztalfoglal\u00e1ssal \u00e9s egyed\u00fcl\u00e1ll\u00f3 5 fog\u00e1sos men\u00fcvel, korl\u00e1tlan italv\u00e1laszt\u00e9kkal!\" \/>\n<meta name=\"robots\" content=\"index, follow, max-snippet:-1, max-image-preview:large, max-video-preview:-1\" \/>\n<link rel=\"canonical\" href=\"https:\/\/www.todobudapest.com\/hu\/products\/lulu-budapest-bottomless-brunch-buda-sziveben\/\" \/>\n<meta property=\"og:locale\" content=\"hu_HU\" \/>\n<meta property=\"og:type\" content=\"article\" \/>\n<meta property=\"og:title\" content=\"Lulu Budapest \u2013 Bottomless Brunch Buda sz\u00edv\u00e9ben\" \/>\n<meta property=\"og:description\" content=\"\u00c9lvezd a tengerparti hangulatot Buda legmen\u0151bb brunch hely\u00e9n, garant\u00e1lt asztalfoglal\u00e1ssal \u00e9s egyed\u00fcl\u00e1ll\u00f3 5 fog\u00e1sos men\u00fcvel, korl\u00e1tlan italv\u00e1laszt\u00e9kkal!\" \/>\n<meta property=\"og:url\" content=\"https:\/\/www.todobudapest.com\/hu\/products\/lulu-budapest-bottomless-brunch-buda-sziveben\/\" \/>\n<meta property=\"og:site_name\" content=\"To Do Budapest\" \/>\n<meta property=\"article:modified_time\" content=\"2025-04-08T21:42:47+00:00\" \/>\n<meta property=\"og:image\" content=\"https:\/\/www.todobudapest.com\/wp-content\/uploads\/2025\/02\/IMG_1269-scaled.jpg\" \/>\n\t<meta property=\"og:image:width\" content=\"2560\" \/>\n\t<meta property=\"og:image:height\" content=\"2560\" \/>\n\t<meta property=\"og:image:type\" content=\"image\/jpeg\" \/>\n<meta name=\"twitter:card\" content=\"summary_large_image\" \/>\n<script type=\"application\/ld+json\" class=\"yoast-schema-graph\">{\"@context\":\"https:\/\/schema.org\",\"@graph\":[{\"@type\":\"WebPage\",\"@id\":\"https:\/\/www.todobudapest.com\/hu\/products\/lulu-budapest-bottomless-brunch-buda-sziveben\/\",\"url\":\"https:\/\/www.todobudapest.com\/hu\/products\/lulu-budapest-bottomless-brunch-buda-sziveben\/\",\"name\":\"Lulu Budapest \u2013 Bottomless Brunch Buda sz\u00edv\u00e9ben - To Do Budapest\",\"isPartOf\":{\"@id\":\"https:\/\/www.todobudapest.com\/#website\"},\"datePublished\":\"2025-02-16T10:19:21+00:00\",\"dateModified\":\"2025-04-08T21:42:47+00:00\",\"description\":\"\u00c9lvezd a tengerparti hangulatot Buda legmen\u0151bb brunch hely\u00e9n, garant\u00e1lt asztalfoglal\u00e1ssal \u00e9s egyed\u00fcl\u00e1ll\u00f3 5 fog\u00e1sos men\u00fcvel, korl\u00e1tlan italv\u00e1laszt\u00e9kkal!\",\"breadcrumb\":{\"@id\":\"https:\/\/www.todobudapest.com\/hu\/products\/lulu-budapest-bottomless-brunch-buda-sziveben\/#breadcrumb\"},\"inLanguage\":\"hu\",\"potentialAction\":[{\"@type\":\"ReadAction\",\"target\":[\"https:\/\/www.todobudapest.com\/hu\/products\/lulu-budapest-bottomless-brunch-buda-sziveben\/\"]}]},{\"@type\":\"BreadcrumbList\",\"@id\":\"https:\/\/www.todobudapest.com\/hu\/products\/lulu-budapest-bottomless-brunch-buda-sziveben\/#breadcrumb\",\"itemListElement\":[{\"@type\":\"ListItem\",\"position\":1,\"name\":\"Home\",\"item\":\"https:\/\/www.todobudapest.com\/hu\/\"},{\"@type\":\"ListItem\",\"position\":2,\"name\":\"Shop\",\"item\":\"https:\/\/www.todobudapest.com\/hu\/shop\/\"},{\"@type\":\"ListItem\",\"position\":3,\"name\":\"Gastronomy\",\"item\":\"https:\/\/www.todobudapest.com\/todo-category\/gastronomy\/\"},{\"@type\":\"ListItem\",\"position\":4,\"name\":\"Lulu Budapest \u2013 Bottomless Brunch Buda sz\u00edv\u00e9ben\"}]},{\"@type\":\"WebSite\",\"@id\":\"https:\/\/www.todobudapest.com\/#website\",\"url\":\"https:\/\/www.todobudapest.com\/\",\"name\":\"To Do Budapest\",\"description\":\"\",\"potentialAction\":[{\"@type\":\"SearchAction\",\"target\":{\"@type\":\"EntryPoint\",\"urlTemplate\":\"https:\/\/www.todobudapest.com\/?s={search_term_string}\"},\"query-input\":\"required name=search_term_string\"}],\"inLanguage\":\"hu\"}]}<\/script>\n<!-- \/ Yoast SEO plugin. -->","yoast_head_json":{"title":"Lulu Budapest \u2013 Bottomless Brunch Buda sz\u00edv\u00e9ben - To Do Budapest","description":"\u00c9lvezd a tengerparti hangulatot Buda legmen\u0151bb brunch hely\u00e9n, garant\u00e1lt asztalfoglal\u00e1ssal \u00e9s egyed\u00fcl\u00e1ll\u00f3 5 fog\u00e1sos men\u00fcvel, korl\u00e1tlan italv\u00e1laszt\u00e9kkal!","robots":{"index":"index","follow":"follow","max-snippet":"max-snippet:-1","max-image-preview":"max-image-preview:large","max-video-preview":"max-video-preview:-1"},"canonical":"https:\/\/www.todobudapest.com\/hu\/products\/lulu-budapest-bottomless-brunch-buda-sziveben\/","og_locale":"hu_HU","og_type":"article","og_title":"Lulu Budapest \u2013 Bottomless Brunch Buda sz\u00edv\u00e9ben","og_description":"\u00c9lvezd a tengerparti hangulatot Buda legmen\u0151bb brunch hely\u00e9n, garant\u00e1lt asztalfoglal\u00e1ssal \u00e9s egyed\u00fcl\u00e1ll\u00f3 5 fog\u00e1sos men\u00fcvel, korl\u00e1tlan italv\u00e1laszt\u00e9kkal!","og_url":"https:\/\/www.todobudapest.com\/hu\/products\/lulu-budapest-bottomless-brunch-buda-sziveben\/","og_site_name":"To Do Budapest","article_modified_time":"2025-04-08T21:42:47+00:00","og_image":[{"width":2560,"height":2560,"url":"https:\/\/www.todobudapest.com\/wp-content\/uploads\/2025\/02\/IMG_1269-scaled.jpg","type":"image\/jpeg"}],"twitter_card":"summary_large_image","schema":{"@context":"https:\/\/schema.org","@graph":[{"@type":"WebPage","@id":"https:\/\/www.todobudapest.com\/hu\/products\/lulu-budapest-bottomless-brunch-buda-sziveben\/","url":"https:\/\/www.todobudapest.com\/hu\/products\/lulu-budapest-bottomless-brunch-buda-sziveben\/","name":"Lulu Budapest \u2013 Bottomless Brunch Buda sz\u00edv\u00e9ben - To Do Budapest","isPartOf":{"@id":"https:\/\/www.todobudapest.com\/#website"},"datePublished":"2025-02-16T10:19:21+00:00","dateModified":"2025-04-08T21:42:47+00:00","description":"\u00c9lvezd a tengerparti hangulatot Buda legmen\u0151bb brunch hely\u00e9n, garant\u00e1lt asztalfoglal\u00e1ssal \u00e9s egyed\u00fcl\u00e1ll\u00f3 5 fog\u00e1sos men\u00fcvel, korl\u00e1tlan italv\u00e1laszt\u00e9kkal!","breadcrumb":{"@id":"https:\/\/www.todobudapest.com\/hu\/products\/lulu-budapest-bottomless-brunch-buda-sziveben\/#breadcrumb"},"inLanguage":"hu","potentialAction":[{"@type":"ReadAction","target":["https:\/\/www.todobudapest.com\/hu\/products\/lulu-budapest-bottomless-brunch-buda-sziveben\/"]}]},{"@type":"BreadcrumbList","@id":"https:\/\/www.todobudapest.com\/hu\/products\/lulu-budapest-bottomless-brunch-buda-sziveben\/#breadcrumb","itemListElement":[{"@type":"ListItem","position":1,"name":"Home","item":"https:\/\/www.todobudapest.com\/hu\/"},{"@type":"ListItem","position":2,"name":"Shop","item":"https:\/\/www.todobudapest.com\/hu\/shop\/"},{"@type":"ListItem","position":3,"name":"Gastronomy","item":"https:\/\/www.todobudapest.com\/todo-category\/gastronomy\/"},{"@type":"ListItem","position":4,"name":"Lulu Budapest \u2013 Bottomless Brunch Buda sz\u00edv\u00e9ben"}]},{"@type":"WebSite","@id":"https:\/\/www.todobudapest.com\/#website","url":"https:\/\/www.todobudapest.com\/","name":"To Do Budapest","description":"","potentialAction":[{"@type":"SearchAction","target":{"@type":"EntryPoint","urlTemplate":"https:\/\/www.todobudapest.com\/?s={search_term_string}"},"query-input":"required name=search_term_string"}],"inLanguage":"hu"}]}},"_links":{"self":[{"href":"https:\/\/www.todobudapest.com\/hu\/wp-json\/wp\/v2\/product\/3217","targetHints":{"allow":["GET"]}}],"collection":[{"href":"https:\/\/www.todobudapest.com\/hu\/wp-json\/wp\/v2\/product"}],"about":[{"href":"https:\/\/www.todobudapest.com\/hu\/wp-json\/wp\/v2\/types\/product"}],"replies":[{"embeddable":true,"href":"https:\/\/www.todobudapest.com\/hu\/wp-json\/wp\/v2\/comments?post=3217"}],"wp:featuredmedia":[{"embeddable":true,"href":"https:\/\/www.todobudapest.com\/hu\/wp-json\/wp\/v2\/media\/3184"}],"wp:attachment":[{"href":"https:\/\/www.todobudapest.com\/hu\/wp-json\/wp\/v2\/media?parent=3217"}],"wp:term":[{"taxonomy":"product_cat","embeddable":true,"href":"https:\/\/www.todobudapest.com\/hu\/wp-json\/wp\/v2\/product_cat?post=3217"},{"taxonomy":"product_tag","embeddable":true,"href":"https:\/\/www.todobudapest.com\/hu\/wp-json\/wp\/v2\/product_tag?post=3217"}],"curies":[{"name":"wp","href":"https:\/\/api.w.org\/{rel}","templated":true}]}}