{"id":2581,"date":"2024-09-26T13:16:27","date_gmt":"2024-09-26T11:16:27","guid":{"rendered":"https:\/\/www.todobudapest.com\/?post_type=product&#038;p=2581"},"modified":"2025-08-13T16:10:44","modified_gmt":"2025-08-13T14:10:44","slug":"hajozas-4-fogasos-vacsoraval-es-folklor-eloadassal","status":"publish","type":"product","link":"https:\/\/www.todobudapest.com\/hu\/products\/hajozas-4-fogasos-vacsoraval-es-folklor-eloadassal\/","title":{"rendered":"Budapesti haj\u00f3z\u00e1s 4 fog\u00e1sos vacsor\u00e1val \u00e9s folkl\u00f3r el\u0151ad\u00e1ssal"},"content":{"rendered":"","protected":false},"excerpt":{"rendered":"<p>Csatlakozz hozz\u00e1nk a vacsoraprogramhoz, ha egy val\u00f3di, kultur\u00e1lis elemekkel f\u0171szerezett haj\u00f3s v\u00e1rosn\u00e9z\u00e9sre v\u00e1gysz, m\u00edg h\u00f3dolsz a kulin\u00e1ris \u00e9lvezeteknek.<\/p>\n","protected":false},"featured_media":1615,"comment_status":"open","ping_status":"closed","template":"","meta":[],"product_cat":[34],"product_tag":[],"class_list":["post-2581","product","type-product","status-publish","has-post-thumbnail","hentry","product_cat-hajos-varosnezes"],"acf":[],"yoast_head":"<!-- This site is optimized with the Yoast SEO plugin v20.3 - https:\/\/yoast.com\/wordpress\/plugins\/seo\/ -->\n<title>Budapesti haj\u00f3z\u00e1s 4 fog\u00e1sos vacsor\u00e1val \u00e9s folkl\u00f3r el\u0151ad\u00e1ssal - To Do Budapest<\/title>\n<meta name=\"description\" content=\"Csatlakozz hozz\u00e1nk a vacsoraprogramhoz, ha egy val\u00f3di, kultur\u00e1lis elemekkel f\u0171szerezett haj\u00f3s v\u00e1rosn\u00e9z\u00e9sre v\u00e1gysz, m\u00edg h\u00f3dolsz a kulin\u00e1ris \u00e9lvezeteknek.\" \/>\n<meta name=\"robots\" content=\"index, follow, max-snippet:-1, max-image-preview:large, max-video-preview:-1\" \/>\n<link rel=\"canonical\" href=\"https:\/\/www.todobudapest.com\/hu\/products\/hajozas-4-fogasos-vacsoraval-es-folklor-eloadassal\/\" \/>\n<meta property=\"og:locale\" content=\"hu_HU\" \/>\n<meta property=\"og:type\" content=\"article\" \/>\n<meta property=\"og:title\" content=\"Budapesti haj\u00f3z\u00e1s 4 fog\u00e1sos vacsor\u00e1val \u00e9s folkl\u00f3r el\u0151ad\u00e1ssal - To Do Budapest\" \/>\n<meta property=\"og:description\" content=\"Csatlakozz hozz\u00e1nk a vacsoraprogramhoz, ha egy val\u00f3di, kultur\u00e1lis elemekkel f\u0171szerezett haj\u00f3s v\u00e1rosn\u00e9z\u00e9sre v\u00e1gysz, m\u00edg h\u00f3dolsz a kulin\u00e1ris \u00e9lvezeteknek.\" \/>\n<meta property=\"og:url\" content=\"https:\/\/www.todobudapest.com\/hu\/products\/hajozas-4-fogasos-vacsoraval-es-folklor-eloadassal\/\" \/>\n<meta property=\"og:site_name\" content=\"To Do Budapest\" \/>\n<meta property=\"article:modified_time\" content=\"2025-08-13T14:10:44+00:00\" \/>\n<meta property=\"og:image\" content=\"https:\/\/www.todobudapest.com\/wp-content\/uploads\/2023\/04\/7c-big.jpg-masolata.jpg\" \/>\n\t<meta property=\"og:image:width\" content=\"1202\" \/>\n\t<meta property=\"og:image:height\" content=\"801\" \/>\n\t<meta property=\"og:image:type\" content=\"image\/jpeg\" \/>\n<meta name=\"twitter:card\" content=\"summary_large_image\" \/>\n<script type=\"application\/ld+json\" class=\"yoast-schema-graph\">{\"@context\":\"https:\/\/schema.org\",\"@graph\":[{\"@type\":\"WebPage\",\"@id\":\"https:\/\/www.todobudapest.com\/hu\/products\/hajozas-4-fogasos-vacsoraval-es-folklor-eloadassal\/\",\"url\":\"https:\/\/www.todobudapest.com\/hu\/products\/hajozas-4-fogasos-vacsoraval-es-folklor-eloadassal\/\",\"name\":\"Budapesti haj\u00f3z\u00e1s 4 fog\u00e1sos vacsor\u00e1val \u00e9s folkl\u00f3r el\u0151ad\u00e1ssal - To Do Budapest\",\"isPartOf\":{\"@id\":\"https:\/\/www.todobudapest.com\/#website\"},\"datePublished\":\"2024-09-26T11:16:27+00:00\",\"dateModified\":\"2025-08-13T14:10:44+00:00\",\"description\":\"Csatlakozz hozz\u00e1nk a vacsoraprogramhoz, ha egy val\u00f3di, kultur\u00e1lis elemekkel f\u0171szerezett haj\u00f3s v\u00e1rosn\u00e9z\u00e9sre v\u00e1gysz, m\u00edg h\u00f3dolsz a kulin\u00e1ris \u00e9lvezeteknek.\",\"breadcrumb\":{\"@id\":\"https:\/\/www.todobudapest.com\/hu\/products\/hajozas-4-fogasos-vacsoraval-es-folklor-eloadassal\/#breadcrumb\"},\"inLanguage\":\"hu\",\"potentialAction\":[{\"@type\":\"ReadAction\",\"target\":[\"https:\/\/www.todobudapest.com\/hu\/products\/hajozas-4-fogasos-vacsoraval-es-folklor-eloadassal\/\"]}]},{\"@type\":\"BreadcrumbList\",\"@id\":\"https:\/\/www.todobudapest.com\/hu\/products\/hajozas-4-fogasos-vacsoraval-es-folklor-eloadassal\/#breadcrumb\",\"itemListElement\":[{\"@type\":\"ListItem\",\"position\":1,\"name\":\"Home\",\"item\":\"https:\/\/www.todobudapest.com\/hu\/\"},{\"@type\":\"ListItem\",\"position\":2,\"name\":\"Shop\",\"item\":\"https:\/\/www.todobudapest.com\/hu\/shop\/\"},{\"@type\":\"ListItem\",\"position\":3,\"name\":\"Haj\u00f3s v\u00e1rosn\u00e9z\u00e9s\",\"item\":\"https:\/\/www.todobudapest.com\/hu\/todo-category\/hajos-varosnezes\/\"},{\"@type\":\"ListItem\",\"position\":4,\"name\":\"Budapesti haj\u00f3z\u00e1s 4 fog\u00e1sos vacsor\u00e1val \u00e9s folkl\u00f3r el\u0151ad\u00e1ssal\"}]},{\"@type\":\"WebSite\",\"@id\":\"https:\/\/www.todobudapest.com\/#website\",\"url\":\"https:\/\/www.todobudapest.com\/\",\"name\":\"To Do Budapest\",\"description\":\"\",\"potentialAction\":[{\"@type\":\"SearchAction\",\"target\":{\"@type\":\"EntryPoint\",\"urlTemplate\":\"https:\/\/www.todobudapest.com\/?s={search_term_string}\"},\"query-input\":\"required name=search_term_string\"}],\"inLanguage\":\"hu\"}]}<\/script>\n<!-- \/ Yoast SEO plugin. -->","yoast_head_json":{"title":"Budapesti haj\u00f3z\u00e1s 4 fog\u00e1sos vacsor\u00e1val \u00e9s folkl\u00f3r el\u0151ad\u00e1ssal - To Do Budapest","description":"Csatlakozz hozz\u00e1nk a vacsoraprogramhoz, ha egy val\u00f3di, kultur\u00e1lis elemekkel f\u0171szerezett haj\u00f3s v\u00e1rosn\u00e9z\u00e9sre v\u00e1gysz, m\u00edg h\u00f3dolsz a kulin\u00e1ris \u00e9lvezeteknek.","robots":{"index":"index","follow":"follow","max-snippet":"max-snippet:-1","max-image-preview":"max-image-preview:large","max-video-preview":"max-video-preview:-1"},"canonical":"https:\/\/www.todobudapest.com\/hu\/products\/hajozas-4-fogasos-vacsoraval-es-folklor-eloadassal\/","og_locale":"hu_HU","og_type":"article","og_title":"Budapesti haj\u00f3z\u00e1s 4 fog\u00e1sos vacsor\u00e1val \u00e9s folkl\u00f3r el\u0151ad\u00e1ssal - To Do Budapest","og_description":"Csatlakozz hozz\u00e1nk a vacsoraprogramhoz, ha egy val\u00f3di, kultur\u00e1lis elemekkel f\u0171szerezett haj\u00f3s v\u00e1rosn\u00e9z\u00e9sre v\u00e1gysz, m\u00edg h\u00f3dolsz a kulin\u00e1ris \u00e9lvezeteknek.","og_url":"https:\/\/www.todobudapest.com\/hu\/products\/hajozas-4-fogasos-vacsoraval-es-folklor-eloadassal\/","og_site_name":"To Do Budapest","article_modified_time":"2025-08-13T14:10:44+00:00","og_image":[{"width":1202,"height":801,"url":"https:\/\/www.todobudapest.com\/wp-content\/uploads\/2023\/04\/7c-big.jpg-masolata.jpg","type":"image\/jpeg"}],"twitter_card":"summary_large_image","schema":{"@context":"https:\/\/schema.org","@graph":[{"@type":"WebPage","@id":"https:\/\/www.todobudapest.com\/hu\/products\/hajozas-4-fogasos-vacsoraval-es-folklor-eloadassal\/","url":"https:\/\/www.todobudapest.com\/hu\/products\/hajozas-4-fogasos-vacsoraval-es-folklor-eloadassal\/","name":"Budapesti haj\u00f3z\u00e1s 4 fog\u00e1sos vacsor\u00e1val \u00e9s folkl\u00f3r el\u0151ad\u00e1ssal - To Do Budapest","isPartOf":{"@id":"https:\/\/www.todobudapest.com\/#website"},"datePublished":"2024-09-26T11:16:27+00:00","dateModified":"2025-08-13T14:10:44+00:00","description":"Csatlakozz hozz\u00e1nk a vacsoraprogramhoz, ha egy val\u00f3di, kultur\u00e1lis elemekkel f\u0171szerezett haj\u00f3s v\u00e1rosn\u00e9z\u00e9sre v\u00e1gysz, m\u00edg h\u00f3dolsz a kulin\u00e1ris \u00e9lvezeteknek.","breadcrumb":{"@id":"https:\/\/www.todobudapest.com\/hu\/products\/hajozas-4-fogasos-vacsoraval-es-folklor-eloadassal\/#breadcrumb"},"inLanguage":"hu","potentialAction":[{"@type":"ReadAction","target":["https:\/\/www.todobudapest.com\/hu\/products\/hajozas-4-fogasos-vacsoraval-es-folklor-eloadassal\/"]}]},{"@type":"BreadcrumbList","@id":"https:\/\/www.todobudapest.com\/hu\/products\/hajozas-4-fogasos-vacsoraval-es-folklor-eloadassal\/#breadcrumb","itemListElement":[{"@type":"ListItem","position":1,"name":"Home","item":"https:\/\/www.todobudapest.com\/hu\/"},{"@type":"ListItem","position":2,"name":"Shop","item":"https:\/\/www.todobudapest.com\/hu\/shop\/"},{"@type":"ListItem","position":3,"name":"Haj\u00f3s v\u00e1rosn\u00e9z\u00e9s","item":"https:\/\/www.todobudapest.com\/hu\/todo-category\/hajos-varosnezes\/"},{"@type":"ListItem","position":4,"name":"Budapesti haj\u00f3z\u00e1s 4 fog\u00e1sos vacsor\u00e1val \u00e9s folkl\u00f3r el\u0151ad\u00e1ssal"}]},{"@type":"WebSite","@id":"https:\/\/www.todobudapest.com\/#website","url":"https:\/\/www.todobudapest.com\/","name":"To Do Budapest","description":"","potentialAction":[{"@type":"SearchAction","target":{"@type":"EntryPoint","urlTemplate":"https:\/\/www.todobudapest.com\/?s={search_term_string}"},"query-input":"required name=search_term_string"}],"inLanguage":"hu"}]}},"_links":{"self":[{"href":"https:\/\/www.todobudapest.com\/hu\/wp-json\/wp\/v2\/product\/2581","targetHints":{"allow":["GET"]}}],"collection":[{"href":"https:\/\/www.todobudapest.com\/hu\/wp-json\/wp\/v2\/product"}],"about":[{"href":"https:\/\/www.todobudapest.com\/hu\/wp-json\/wp\/v2\/types\/product"}],"replies":[{"embeddable":true,"href":"https:\/\/www.todobudapest.com\/hu\/wp-json\/wp\/v2\/comments?post=2581"}],"wp:featuredmedia":[{"embeddable":true,"href":"https:\/\/www.todobudapest.com\/hu\/wp-json\/wp\/v2\/media\/1615"}],"wp:attachment":[{"href":"https:\/\/www.todobudapest.com\/hu\/wp-json\/wp\/v2\/media?parent=2581"}],"wp:term":[{"taxonomy":"product_cat","embeddable":true,"href":"https:\/\/www.todobudapest.com\/hu\/wp-json\/wp\/v2\/product_cat?post=2581"},{"taxonomy":"product_tag","embeddable":true,"href":"https:\/\/www.todobudapest.com\/hu\/wp-json\/wp\/v2\/product_tag?post=2581"}],"curies":[{"name":"wp","href":"https:\/\/api.w.org\/{rel}","templated":true}]}}