{"id":2578,"date":"2024-09-26T11:59:19","date_gmt":"2024-09-26T09:59:19","guid":{"rendered":"https:\/\/www.todobudapest.com\/?post_type=product&#038;p=2578"},"modified":"2025-08-13T14:57:06","modified_gmt":"2025-08-13T12:57:06","slug":"hajokirandulas-korlatlan-italfogyasztassal","status":"publish","type":"product","link":"https:\/\/www.todobudapest.com\/hu\/products\/hajokirandulas-korlatlan-italfogyasztassal\/","title":{"rendered":"Haj\u00f3kir\u00e1ndul\u00e1s korl\u00e1tlan italfogyaszt\u00e1ssal"},"content":{"rendered":"","protected":false},"excerpt":{"rendered":"<p>Ha a buli el\u0151tt egy kicsit hangol\u00f3dn\u00e1l a bar\u00e1tokkal, vagy ha a vacsora ut\u00e1n j\u00f3l j\u00f6nne m\u00e9g egy laza, m\u00e9gis k\u00fcl\u00f6nleges program: Ind\u00edtsd n\u00e1lunk az est\u00e9t!<\/p>\n","protected":false},"featured_media":3822,"comment_status":"open","ping_status":"closed","template":"","meta":[],"product_cat":[34],"product_tag":[],"class_list":["post-2578","product","type-product","status-publish","has-post-thumbnail","hentry","product_cat-hajos-varosnezes"],"acf":[],"yoast_head":"<!-- This site is optimized with the Yoast SEO plugin v20.3 - https:\/\/yoast.com\/wordpress\/plugins\/seo\/ -->\n<title>Haj\u00f3kir\u00e1ndul\u00e1s korl\u00e1tlan italfogyaszt\u00e1ssal - To Do Budapest<\/title>\n<meta name=\"description\" content=\"Csatlakozz egy panor\u00e1m\u00e1s, v\u00e1rosn\u00e9z\u0151 t\u00far\u00e1ra Magyarorsz\u00e1g mes\u00e9s f\u0151v\u00e1ros\u00e1ban, ahol a vend\u00e9gek gy\u00f6ny\u00f6rk\u00f6dhetnek Budapest t\u00f6rt\u00e9nelmi nevezetess\u00e9geiben \u00e9s l\u00e1tv\u00e1nyoss\u00e1gaiban.\" \/>\n<meta name=\"robots\" content=\"index, follow, max-snippet:-1, max-image-preview:large, max-video-preview:-1\" \/>\n<link rel=\"canonical\" href=\"https:\/\/www.todobudapest.com\/hu\/products\/hajokirandulas-korlatlan-italfogyasztassal\/\" \/>\n<meta property=\"og:locale\" content=\"hu_HU\" \/>\n<meta property=\"og:type\" content=\"article\" \/>\n<meta property=\"og:title\" content=\"Haj\u00f3kir\u00e1ndul\u00e1s korl\u00e1tlan italfogyaszt\u00e1ssal - To Do Budapest\" \/>\n<meta property=\"og:description\" content=\"Csatlakozz egy panor\u00e1m\u00e1s, v\u00e1rosn\u00e9z\u0151 t\u00far\u00e1ra Magyarorsz\u00e1g mes\u00e9s f\u0151v\u00e1ros\u00e1ban, ahol a vend\u00e9gek gy\u00f6ny\u00f6rk\u00f6dhetnek Budapest t\u00f6rt\u00e9nelmi nevezetess\u00e9geiben \u00e9s l\u00e1tv\u00e1nyoss\u00e1gaiban.\" \/>\n<meta property=\"og:url\" content=\"https:\/\/www.todobudapest.com\/hu\/products\/hajokirandulas-korlatlan-italfogyasztassal\/\" \/>\n<meta property=\"og:site_name\" content=\"To Do Budapest\" \/>\n<meta property=\"article:modified_time\" content=\"2025-08-13T12:57:06+00:00\" \/>\n<meta property=\"og:image\" content=\"https:\/\/www.todobudapest.com\/wp-content\/uploads\/2023\/04\/P1480062.jpg-masolata1_sm.jpg\" \/>\n\t<meta property=\"og:image:width\" content=\"1200\" \/>\n\t<meta property=\"og:image:height\" content=\"901\" \/>\n\t<meta property=\"og:image:type\" content=\"image\/jpeg\" \/>\n<meta name=\"twitter:card\" content=\"summary_large_image\" \/>\n<script type=\"application\/ld+json\" class=\"yoast-schema-graph\">{\"@context\":\"https:\/\/schema.org\",\"@graph\":[{\"@type\":\"WebPage\",\"@id\":\"https:\/\/www.todobudapest.com\/hu\/products\/hajokirandulas-korlatlan-italfogyasztassal\/\",\"url\":\"https:\/\/www.todobudapest.com\/hu\/products\/hajokirandulas-korlatlan-italfogyasztassal\/\",\"name\":\"Haj\u00f3kir\u00e1ndul\u00e1s korl\u00e1tlan italfogyaszt\u00e1ssal - To Do Budapest\",\"isPartOf\":{\"@id\":\"https:\/\/www.todobudapest.com\/#website\"},\"datePublished\":\"2024-09-26T09:59:19+00:00\",\"dateModified\":\"2025-08-13T12:57:06+00:00\",\"description\":\"Csatlakozz egy panor\u00e1m\u00e1s, v\u00e1rosn\u00e9z\u0151 t\u00far\u00e1ra Magyarorsz\u00e1g mes\u00e9s f\u0151v\u00e1ros\u00e1ban, ahol a vend\u00e9gek gy\u00f6ny\u00f6rk\u00f6dhetnek Budapest t\u00f6rt\u00e9nelmi nevezetess\u00e9geiben \u00e9s l\u00e1tv\u00e1nyoss\u00e1gaiban.\",\"breadcrumb\":{\"@id\":\"https:\/\/www.todobudapest.com\/hu\/products\/hajokirandulas-korlatlan-italfogyasztassal\/#breadcrumb\"},\"inLanguage\":\"hu\",\"potentialAction\":[{\"@type\":\"ReadAction\",\"target\":[\"https:\/\/www.todobudapest.com\/hu\/products\/hajokirandulas-korlatlan-italfogyasztassal\/\"]}]},{\"@type\":\"BreadcrumbList\",\"@id\":\"https:\/\/www.todobudapest.com\/hu\/products\/hajokirandulas-korlatlan-italfogyasztassal\/#breadcrumb\",\"itemListElement\":[{\"@type\":\"ListItem\",\"position\":1,\"name\":\"Home\",\"item\":\"https:\/\/www.todobudapest.com\/hu\/\"},{\"@type\":\"ListItem\",\"position\":2,\"name\":\"Shop\",\"item\":\"https:\/\/www.todobudapest.com\/hu\/shop\/\"},{\"@type\":\"ListItem\",\"position\":3,\"name\":\"Haj\u00f3s v\u00e1rosn\u00e9z\u00e9s\",\"item\":\"https:\/\/www.todobudapest.com\/hu\/todo-category\/hajos-varosnezes\/\"},{\"@type\":\"ListItem\",\"position\":4,\"name\":\"Haj\u00f3kir\u00e1ndul\u00e1s korl\u00e1tlan italfogyaszt\u00e1ssal\"}]},{\"@type\":\"WebSite\",\"@id\":\"https:\/\/www.todobudapest.com\/#website\",\"url\":\"https:\/\/www.todobudapest.com\/\",\"name\":\"To Do Budapest\",\"description\":\"\",\"potentialAction\":[{\"@type\":\"SearchAction\",\"target\":{\"@type\":\"EntryPoint\",\"urlTemplate\":\"https:\/\/www.todobudapest.com\/?s={search_term_string}\"},\"query-input\":\"required name=search_term_string\"}],\"inLanguage\":\"hu\"}]}<\/script>\n<!-- \/ Yoast SEO plugin. -->","yoast_head_json":{"title":"Haj\u00f3kir\u00e1ndul\u00e1s korl\u00e1tlan italfogyaszt\u00e1ssal - To Do Budapest","description":"Csatlakozz egy panor\u00e1m\u00e1s, v\u00e1rosn\u00e9z\u0151 t\u00far\u00e1ra Magyarorsz\u00e1g mes\u00e9s f\u0151v\u00e1ros\u00e1ban, ahol a vend\u00e9gek gy\u00f6ny\u00f6rk\u00f6dhetnek Budapest t\u00f6rt\u00e9nelmi nevezetess\u00e9geiben \u00e9s l\u00e1tv\u00e1nyoss\u00e1gaiban.","robots":{"index":"index","follow":"follow","max-snippet":"max-snippet:-1","max-image-preview":"max-image-preview:large","max-video-preview":"max-video-preview:-1"},"canonical":"https:\/\/www.todobudapest.com\/hu\/products\/hajokirandulas-korlatlan-italfogyasztassal\/","og_locale":"hu_HU","og_type":"article","og_title":"Haj\u00f3kir\u00e1ndul\u00e1s korl\u00e1tlan italfogyaszt\u00e1ssal - To Do Budapest","og_description":"Csatlakozz egy panor\u00e1m\u00e1s, v\u00e1rosn\u00e9z\u0151 t\u00far\u00e1ra Magyarorsz\u00e1g mes\u00e9s f\u0151v\u00e1ros\u00e1ban, ahol a vend\u00e9gek gy\u00f6ny\u00f6rk\u00f6dhetnek Budapest t\u00f6rt\u00e9nelmi nevezetess\u00e9geiben \u00e9s l\u00e1tv\u00e1nyoss\u00e1gaiban.","og_url":"https:\/\/www.todobudapest.com\/hu\/products\/hajokirandulas-korlatlan-italfogyasztassal\/","og_site_name":"To Do Budapest","article_modified_time":"2025-08-13T12:57:06+00:00","og_image":[{"width":1200,"height":901,"url":"https:\/\/www.todobudapest.com\/wp-content\/uploads\/2023\/04\/P1480062.jpg-masolata1_sm.jpg","type":"image\/jpeg"}],"twitter_card":"summary_large_image","schema":{"@context":"https:\/\/schema.org","@graph":[{"@type":"WebPage","@id":"https:\/\/www.todobudapest.com\/hu\/products\/hajokirandulas-korlatlan-italfogyasztassal\/","url":"https:\/\/www.todobudapest.com\/hu\/products\/hajokirandulas-korlatlan-italfogyasztassal\/","name":"Haj\u00f3kir\u00e1ndul\u00e1s korl\u00e1tlan italfogyaszt\u00e1ssal - To Do Budapest","isPartOf":{"@id":"https:\/\/www.todobudapest.com\/#website"},"datePublished":"2024-09-26T09:59:19+00:00","dateModified":"2025-08-13T12:57:06+00:00","description":"Csatlakozz egy panor\u00e1m\u00e1s, v\u00e1rosn\u00e9z\u0151 t\u00far\u00e1ra Magyarorsz\u00e1g mes\u00e9s f\u0151v\u00e1ros\u00e1ban, ahol a vend\u00e9gek gy\u00f6ny\u00f6rk\u00f6dhetnek Budapest t\u00f6rt\u00e9nelmi nevezetess\u00e9geiben \u00e9s l\u00e1tv\u00e1nyoss\u00e1gaiban.","breadcrumb":{"@id":"https:\/\/www.todobudapest.com\/hu\/products\/hajokirandulas-korlatlan-italfogyasztassal\/#breadcrumb"},"inLanguage":"hu","potentialAction":[{"@type":"ReadAction","target":["https:\/\/www.todobudapest.com\/hu\/products\/hajokirandulas-korlatlan-italfogyasztassal\/"]}]},{"@type":"BreadcrumbList","@id":"https:\/\/www.todobudapest.com\/hu\/products\/hajokirandulas-korlatlan-italfogyasztassal\/#breadcrumb","itemListElement":[{"@type":"ListItem","position":1,"name":"Home","item":"https:\/\/www.todobudapest.com\/hu\/"},{"@type":"ListItem","position":2,"name":"Shop","item":"https:\/\/www.todobudapest.com\/hu\/shop\/"},{"@type":"ListItem","position":3,"name":"Haj\u00f3s v\u00e1rosn\u00e9z\u00e9s","item":"https:\/\/www.todobudapest.com\/hu\/todo-category\/hajos-varosnezes\/"},{"@type":"ListItem","position":4,"name":"Haj\u00f3kir\u00e1ndul\u00e1s korl\u00e1tlan italfogyaszt\u00e1ssal"}]},{"@type":"WebSite","@id":"https:\/\/www.todobudapest.com\/#website","url":"https:\/\/www.todobudapest.com\/","name":"To Do Budapest","description":"","potentialAction":[{"@type":"SearchAction","target":{"@type":"EntryPoint","urlTemplate":"https:\/\/www.todobudapest.com\/?s={search_term_string}"},"query-input":"required name=search_term_string"}],"inLanguage":"hu"}]}},"_links":{"self":[{"href":"https:\/\/www.todobudapest.com\/hu\/wp-json\/wp\/v2\/product\/2578","targetHints":{"allow":["GET"]}}],"collection":[{"href":"https:\/\/www.todobudapest.com\/hu\/wp-json\/wp\/v2\/product"}],"about":[{"href":"https:\/\/www.todobudapest.com\/hu\/wp-json\/wp\/v2\/types\/product"}],"replies":[{"embeddable":true,"href":"https:\/\/www.todobudapest.com\/hu\/wp-json\/wp\/v2\/comments?post=2578"}],"wp:featuredmedia":[{"embeddable":true,"href":"https:\/\/www.todobudapest.com\/hu\/wp-json\/wp\/v2\/media\/3822"}],"wp:attachment":[{"href":"https:\/\/www.todobudapest.com\/hu\/wp-json\/wp\/v2\/media?parent=2578"}],"wp:term":[{"taxonomy":"product_cat","embeddable":true,"href":"https:\/\/www.todobudapest.com\/hu\/wp-json\/wp\/v2\/product_cat?post=2578"},{"taxonomy":"product_tag","embeddable":true,"href":"https:\/\/www.todobudapest.com\/hu\/wp-json\/wp\/v2\/product_tag?post=2578"}],"curies":[{"name":"wp","href":"https:\/\/api.w.org\/{rel}","templated":true}]}}