{"id":2573,"date":"2024-09-26T11:21:17","date_gmt":"2024-09-26T09:21:17","guid":{"rendered":"https:\/\/www.todobudapest.com\/?post_type=product&#038;p=2573"},"modified":"2025-08-13T15:22:34","modified_gmt":"2025-08-13T13:22:34","slug":"happy-hour-varosnezo-setahajozas","status":"publish","type":"product","link":"https:\/\/www.todobudapest.com\/hu\/products\/happy-hour-varosnezo-setahajozas\/","title":{"rendered":"Happy hour V\u00e1rosn\u00e9z\u0151 S\u00e9tahaj\u00f3z\u00e1s 1 v\u00e1laszthat\u00f3 itallal"},"content":{"rendered":"","protected":false},"excerpt":{"rendered":"<p>\u00c9ld \u00e1t a budapesti s\u00e9tahaj\u00f3z\u00e1s \u00e9lm\u00e9ny\u00e9t, legyen \u00e9jjel, vagy nappal!<\/p>\n","protected":false},"featured_media":3878,"comment_status":"open","ping_status":"closed","template":"","meta":[],"product_cat":[34],"product_tag":[],"class_list":["post-2573","product","type-product","status-publish","has-post-thumbnail","hentry","product_cat-hajos-varosnezes"],"acf":[],"yoast_head":"<!-- This site is optimized with the Yoast SEO plugin v20.3 - https:\/\/yoast.com\/wordpress\/plugins\/seo\/ -->\n<title>Happy hour V\u00e1rosn\u00e9z\u0151 S\u00e9tahaj\u00f3z\u00e1s 1 v\u00e1laszthat\u00f3 itallal - To Do Budapest<\/title>\n<meta name=\"description\" content=\"Indulj el egy felejthetetlen, 60 perces haj\u00f3\u00fatra a fens\u00e9ges Dun\u00e1n, mik\u00f6zben a szemed el\u00e9 t\u00e1rul Budapest l\u00e9legzetel\u00e1ll\u00edt\u00f3 l\u00e1tk\u00e9pe.\" \/>\n<meta name=\"robots\" content=\"index, follow, max-snippet:-1, max-image-preview:large, max-video-preview:-1\" \/>\n<link rel=\"canonical\" href=\"https:\/\/www.todobudapest.com\/hu\/products\/happy-hour-varosnezo-setahajozas\/\" \/>\n<meta property=\"og:locale\" content=\"hu_HU\" \/>\n<meta property=\"og:type\" content=\"article\" \/>\n<meta property=\"og:title\" content=\"Happy hour V\u00e1rosn\u00e9z\u0151 S\u00e9tahaj\u00f3z\u00e1s 1 v\u00e1laszthat\u00f3 itallal\" \/>\n<meta property=\"og:description\" content=\"Indulj el egy felejthetetlen, 60 perces haj\u00f3\u00fatra a fens\u00e9ges Dun\u00e1n, mik\u00f6zben a szemed el\u00e9 t\u00e1rul Budapest l\u00e9legzetel\u00e1ll\u00edt\u00f3 l\u00e1tk\u00e9pe.\" \/>\n<meta property=\"og:url\" content=\"https:\/\/www.todobudapest.com\/hu\/products\/happy-hour-varosnezo-setahajozas\/\" \/>\n<meta property=\"og:site_name\" content=\"To Do Budapest\" \/>\n<meta property=\"article:modified_time\" content=\"2025-08-13T13:22:34+00:00\" \/>\n<meta property=\"og:image\" content=\"https:\/\/www.todobudapest.com\/wp-content\/uploads\/2023\/10\/IMG_1468-scaled.jpg\" \/>\n\t<meta property=\"og:image:width\" content=\"2560\" \/>\n\t<meta property=\"og:image:height\" content=\"1707\" \/>\n\t<meta property=\"og:image:type\" content=\"image\/jpeg\" \/>\n<meta name=\"twitter:card\" content=\"summary_large_image\" \/>\n<script type=\"application\/ld+json\" class=\"yoast-schema-graph\">{\"@context\":\"https:\/\/schema.org\",\"@graph\":[{\"@type\":\"WebPage\",\"@id\":\"https:\/\/www.todobudapest.com\/hu\/products\/happy-hour-varosnezo-setahajozas\/\",\"url\":\"https:\/\/www.todobudapest.com\/hu\/products\/happy-hour-varosnezo-setahajozas\/\",\"name\":\"Happy hour V\u00e1rosn\u00e9z\u0151 S\u00e9tahaj\u00f3z\u00e1s 1 v\u00e1laszthat\u00f3 itallal - To Do Budapest\",\"isPartOf\":{\"@id\":\"https:\/\/www.todobudapest.com\/#website\"},\"datePublished\":\"2024-09-26T09:21:17+00:00\",\"dateModified\":\"2025-08-13T13:22:34+00:00\",\"description\":\"Indulj el egy felejthetetlen, 60 perces haj\u00f3\u00fatra a fens\u00e9ges Dun\u00e1n, mik\u00f6zben a szemed el\u00e9 t\u00e1rul Budapest l\u00e9legzetel\u00e1ll\u00edt\u00f3 l\u00e1tk\u00e9pe.\",\"breadcrumb\":{\"@id\":\"https:\/\/www.todobudapest.com\/hu\/products\/happy-hour-varosnezo-setahajozas\/#breadcrumb\"},\"inLanguage\":\"hu\",\"potentialAction\":[{\"@type\":\"ReadAction\",\"target\":[\"https:\/\/www.todobudapest.com\/hu\/products\/happy-hour-varosnezo-setahajozas\/\"]}]},{\"@type\":\"BreadcrumbList\",\"@id\":\"https:\/\/www.todobudapest.com\/hu\/products\/happy-hour-varosnezo-setahajozas\/#breadcrumb\",\"itemListElement\":[{\"@type\":\"ListItem\",\"position\":1,\"name\":\"Home\",\"item\":\"https:\/\/www.todobudapest.com\/hu\/\"},{\"@type\":\"ListItem\",\"position\":2,\"name\":\"Shop\",\"item\":\"https:\/\/www.todobudapest.com\/hu\/shop\/\"},{\"@type\":\"ListItem\",\"position\":3,\"name\":\"Haj\u00f3s v\u00e1rosn\u00e9z\u00e9s\",\"item\":\"https:\/\/www.todobudapest.com\/hu\/todo-category\/hajos-varosnezes\/\"},{\"@type\":\"ListItem\",\"position\":4,\"name\":\"Happy hour V\u00e1rosn\u00e9z\u0151 S\u00e9tahaj\u00f3z\u00e1s 1 v\u00e1laszthat\u00f3 itallal\"}]},{\"@type\":\"WebSite\",\"@id\":\"https:\/\/www.todobudapest.com\/#website\",\"url\":\"https:\/\/www.todobudapest.com\/\",\"name\":\"To Do Budapest\",\"description\":\"\",\"potentialAction\":[{\"@type\":\"SearchAction\",\"target\":{\"@type\":\"EntryPoint\",\"urlTemplate\":\"https:\/\/www.todobudapest.com\/?s={search_term_string}\"},\"query-input\":\"required name=search_term_string\"}],\"inLanguage\":\"hu\"}]}<\/script>\n<!-- \/ Yoast SEO plugin. -->","yoast_head_json":{"title":"Happy hour V\u00e1rosn\u00e9z\u0151 S\u00e9tahaj\u00f3z\u00e1s 1 v\u00e1laszthat\u00f3 itallal - To Do Budapest","description":"Indulj el egy felejthetetlen, 60 perces haj\u00f3\u00fatra a fens\u00e9ges Dun\u00e1n, mik\u00f6zben a szemed el\u00e9 t\u00e1rul Budapest l\u00e9legzetel\u00e1ll\u00edt\u00f3 l\u00e1tk\u00e9pe.","robots":{"index":"index","follow":"follow","max-snippet":"max-snippet:-1","max-image-preview":"max-image-preview:large","max-video-preview":"max-video-preview:-1"},"canonical":"https:\/\/www.todobudapest.com\/hu\/products\/happy-hour-varosnezo-setahajozas\/","og_locale":"hu_HU","og_type":"article","og_title":"Happy hour V\u00e1rosn\u00e9z\u0151 S\u00e9tahaj\u00f3z\u00e1s 1 v\u00e1laszthat\u00f3 itallal","og_description":"Indulj el egy felejthetetlen, 60 perces haj\u00f3\u00fatra a fens\u00e9ges Dun\u00e1n, mik\u00f6zben a szemed el\u00e9 t\u00e1rul Budapest l\u00e9legzetel\u00e1ll\u00edt\u00f3 l\u00e1tk\u00e9pe.","og_url":"https:\/\/www.todobudapest.com\/hu\/products\/happy-hour-varosnezo-setahajozas\/","og_site_name":"To Do Budapest","article_modified_time":"2025-08-13T13:22:34+00:00","og_image":[{"width":2560,"height":1707,"url":"https:\/\/www.todobudapest.com\/wp-content\/uploads\/2023\/10\/IMG_1468-scaled.jpg","type":"image\/jpeg"}],"twitter_card":"summary_large_image","schema":{"@context":"https:\/\/schema.org","@graph":[{"@type":"WebPage","@id":"https:\/\/www.todobudapest.com\/hu\/products\/happy-hour-varosnezo-setahajozas\/","url":"https:\/\/www.todobudapest.com\/hu\/products\/happy-hour-varosnezo-setahajozas\/","name":"Happy hour V\u00e1rosn\u00e9z\u0151 S\u00e9tahaj\u00f3z\u00e1s 1 v\u00e1laszthat\u00f3 itallal - To Do Budapest","isPartOf":{"@id":"https:\/\/www.todobudapest.com\/#website"},"datePublished":"2024-09-26T09:21:17+00:00","dateModified":"2025-08-13T13:22:34+00:00","description":"Indulj el egy felejthetetlen, 60 perces haj\u00f3\u00fatra a fens\u00e9ges Dun\u00e1n, mik\u00f6zben a szemed el\u00e9 t\u00e1rul Budapest l\u00e9legzetel\u00e1ll\u00edt\u00f3 l\u00e1tk\u00e9pe.","breadcrumb":{"@id":"https:\/\/www.todobudapest.com\/hu\/products\/happy-hour-varosnezo-setahajozas\/#breadcrumb"},"inLanguage":"hu","potentialAction":[{"@type":"ReadAction","target":["https:\/\/www.todobudapest.com\/hu\/products\/happy-hour-varosnezo-setahajozas\/"]}]},{"@type":"BreadcrumbList","@id":"https:\/\/www.todobudapest.com\/hu\/products\/happy-hour-varosnezo-setahajozas\/#breadcrumb","itemListElement":[{"@type":"ListItem","position":1,"name":"Home","item":"https:\/\/www.todobudapest.com\/hu\/"},{"@type":"ListItem","position":2,"name":"Shop","item":"https:\/\/www.todobudapest.com\/hu\/shop\/"},{"@type":"ListItem","position":3,"name":"Haj\u00f3s v\u00e1rosn\u00e9z\u00e9s","item":"https:\/\/www.todobudapest.com\/hu\/todo-category\/hajos-varosnezes\/"},{"@type":"ListItem","position":4,"name":"Happy hour V\u00e1rosn\u00e9z\u0151 S\u00e9tahaj\u00f3z\u00e1s 1 v\u00e1laszthat\u00f3 itallal"}]},{"@type":"WebSite","@id":"https:\/\/www.todobudapest.com\/#website","url":"https:\/\/www.todobudapest.com\/","name":"To Do Budapest","description":"","potentialAction":[{"@type":"SearchAction","target":{"@type":"EntryPoint","urlTemplate":"https:\/\/www.todobudapest.com\/?s={search_term_string}"},"query-input":"required name=search_term_string"}],"inLanguage":"hu"}]}},"_links":{"self":[{"href":"https:\/\/www.todobudapest.com\/hu\/wp-json\/wp\/v2\/product\/2573","targetHints":{"allow":["GET"]}}],"collection":[{"href":"https:\/\/www.todobudapest.com\/hu\/wp-json\/wp\/v2\/product"}],"about":[{"href":"https:\/\/www.todobudapest.com\/hu\/wp-json\/wp\/v2\/types\/product"}],"replies":[{"embeddable":true,"href":"https:\/\/www.todobudapest.com\/hu\/wp-json\/wp\/v2\/comments?post=2573"}],"wp:featuredmedia":[{"embeddable":true,"href":"https:\/\/www.todobudapest.com\/hu\/wp-json\/wp\/v2\/media\/3878"}],"wp:attachment":[{"href":"https:\/\/www.todobudapest.com\/hu\/wp-json\/wp\/v2\/media?parent=2573"}],"wp:term":[{"taxonomy":"product_cat","embeddable":true,"href":"https:\/\/www.todobudapest.com\/hu\/wp-json\/wp\/v2\/product_cat?post=2573"},{"taxonomy":"product_tag","embeddable":true,"href":"https:\/\/www.todobudapest.com\/hu\/wp-json\/wp\/v2\/product_tag?post=2573"}],"curies":[{"name":"wp","href":"https:\/\/api.w.org\/{rel}","templated":true}]}}