{"id":2572,"date":"2024-09-26T11:03:20","date_gmt":"2024-09-26T09:03:20","guid":{"rendered":"https:\/\/www.todobudapest.com\/?post_type=product&#038;p=2572"},"modified":"2025-08-13T15:32:25","modified_gmt":"2025-08-13T13:32:25","slug":"esti-varosnezo-setahajozas-budapest","status":"publish","type":"product","link":"https:\/\/www.todobudapest.com\/hu\/products\/esti-varosnezo-setahajozas-budapest\/","title":{"rendered":"Esti V\u00e1rosn\u00e9z\u0151 S\u00e9tahaj\u00f3z\u00e1s Budapesten"},"content":{"rendered":"","protected":false},"excerpt":{"rendered":"<p>60 perces Esti V\u00e1rosn\u00e9z\u0151 Haj\u00f3k\u00e1z\u00e1s Budapesten<\/p>\n<p>Csod\u00e1latos esti t\u00fara Budapesten. T\u00e9gy egy kalandot a Dun\u00e1n, \u00e9s csod\u00e1ld meg a v\u00e1ros legn\u00e9pszer\u0171bb pontjait.<\/p>\n","protected":false},"featured_media":2000,"comment_status":"closed","ping_status":"closed","template":"","meta":[],"product_cat":[34],"product_tag":[],"class_list":["post-2572","product","type-product","status-publish","has-post-thumbnail","hentry","product_cat-hajos-varosnezes"],"acf":[],"yoast_head":"<!-- This site is optimized with the Yoast SEO plugin v20.3 - https:\/\/yoast.com\/wordpress\/plugins\/seo\/ -->\n<title>Esti V\u00e1rosn\u00e9z\u0151 S\u00e9tahaj\u00f3z\u00e1s Budapesten - To Do Budapest<\/title>\n<meta name=\"description\" content=\"Csod\u00e1latos esti t\u00fara Budapesten. T\u00e9gy egy kalandot a Dun\u00e1n, \u00e9s csod\u00e1ld meg a v\u00e1ros legn\u00e9pszer\u0171bb pontjait. Csatlakozz hozz\u00e1nk budapesti s\u00e9tahaj\u00f3 programunkra\" \/>\n<meta name=\"robots\" content=\"index, follow, max-snippet:-1, max-image-preview:large, max-video-preview:-1\" \/>\n<link rel=\"canonical\" href=\"https:\/\/www.todobudapest.com\/hu\/products\/esti-varosnezo-setahajozas-budapest\/\" \/>\n<meta property=\"og:locale\" content=\"hu_HU\" \/>\n<meta property=\"og:type\" content=\"article\" \/>\n<meta property=\"og:title\" content=\"Esti V\u00e1rosn\u00e9z\u0151 S\u00e9tahaj\u00f3z\u00e1s Budapesten - To Do Budapest\" \/>\n<meta property=\"og:description\" content=\"Csod\u00e1latos esti t\u00fara Budapesten. T\u00e9gy egy kalandot a Dun\u00e1n, \u00e9s csod\u00e1ld meg a v\u00e1ros legn\u00e9pszer\u0171bb pontjait. Csatlakozz hozz\u00e1nk budapesti s\u00e9tahaj\u00f3 programunkra\" \/>\n<meta property=\"og:url\" content=\"https:\/\/www.todobudapest.com\/hu\/products\/esti-varosnezo-setahajozas-budapest\/\" \/>\n<meta property=\"og:site_name\" content=\"To Do Budapest\" \/>\n<meta property=\"article:modified_time\" content=\"2025-08-13T13:32:25+00:00\" \/>\n<meta property=\"og:image\" content=\"https:\/\/www.todobudapest.com\/wp-content\/uploads\/2023\/07\/headout.jpg\" \/>\n\t<meta property=\"og:image:width\" content=\"754\" \/>\n\t<meta property=\"og:image:height\" content=\"390\" \/>\n\t<meta property=\"og:image:type\" content=\"image\/jpeg\" \/>\n<meta name=\"twitter:card\" content=\"summary_large_image\" \/>\n<script type=\"application\/ld+json\" class=\"yoast-schema-graph\">{\"@context\":\"https:\/\/schema.org\",\"@graph\":[{\"@type\":\"WebPage\",\"@id\":\"https:\/\/www.todobudapest.com\/hu\/products\/esti-varosnezo-setahajozas-budapest\/\",\"url\":\"https:\/\/www.todobudapest.com\/hu\/products\/esti-varosnezo-setahajozas-budapest\/\",\"name\":\"Esti V\u00e1rosn\u00e9z\u0151 S\u00e9tahaj\u00f3z\u00e1s Budapesten - To Do Budapest\",\"isPartOf\":{\"@id\":\"https:\/\/www.todobudapest.com\/#website\"},\"datePublished\":\"2024-09-26T09:03:20+00:00\",\"dateModified\":\"2025-08-13T13:32:25+00:00\",\"description\":\"Csod\u00e1latos esti t\u00fara Budapesten. T\u00e9gy egy kalandot a Dun\u00e1n, \u00e9s csod\u00e1ld meg a v\u00e1ros legn\u00e9pszer\u0171bb pontjait. Csatlakozz hozz\u00e1nk budapesti s\u00e9tahaj\u00f3 programunkra\",\"breadcrumb\":{\"@id\":\"https:\/\/www.todobudapest.com\/hu\/products\/esti-varosnezo-setahajozas-budapest\/#breadcrumb\"},\"inLanguage\":\"hu\",\"potentialAction\":[{\"@type\":\"ReadAction\",\"target\":[\"https:\/\/www.todobudapest.com\/hu\/products\/esti-varosnezo-setahajozas-budapest\/\"]}]},{\"@type\":\"BreadcrumbList\",\"@id\":\"https:\/\/www.todobudapest.com\/hu\/products\/esti-varosnezo-setahajozas-budapest\/#breadcrumb\",\"itemListElement\":[{\"@type\":\"ListItem\",\"position\":1,\"name\":\"Home\",\"item\":\"https:\/\/www.todobudapest.com\/hu\/\"},{\"@type\":\"ListItem\",\"position\":2,\"name\":\"Shop\",\"item\":\"https:\/\/www.todobudapest.com\/hu\/shop\/\"},{\"@type\":\"ListItem\",\"position\":3,\"name\":\"Haj\u00f3s v\u00e1rosn\u00e9z\u00e9s\",\"item\":\"https:\/\/www.todobudapest.com\/hu\/todo-category\/hajos-varosnezes\/\"},{\"@type\":\"ListItem\",\"position\":4,\"name\":\"Esti V\u00e1rosn\u00e9z\u0151 S\u00e9tahaj\u00f3z\u00e1s Budapesten\"}]},{\"@type\":\"WebSite\",\"@id\":\"https:\/\/www.todobudapest.com\/#website\",\"url\":\"https:\/\/www.todobudapest.com\/\",\"name\":\"To Do Budapest\",\"description\":\"\",\"potentialAction\":[{\"@type\":\"SearchAction\",\"target\":{\"@type\":\"EntryPoint\",\"urlTemplate\":\"https:\/\/www.todobudapest.com\/?s={search_term_string}\"},\"query-input\":\"required name=search_term_string\"}],\"inLanguage\":\"hu\"}]}<\/script>\n<!-- \/ Yoast SEO plugin. -->","yoast_head_json":{"title":"Esti V\u00e1rosn\u00e9z\u0151 S\u00e9tahaj\u00f3z\u00e1s Budapesten - To Do Budapest","description":"Csod\u00e1latos esti t\u00fara Budapesten. T\u00e9gy egy kalandot a Dun\u00e1n, \u00e9s csod\u00e1ld meg a v\u00e1ros legn\u00e9pszer\u0171bb pontjait. Csatlakozz hozz\u00e1nk budapesti s\u00e9tahaj\u00f3 programunkra","robots":{"index":"index","follow":"follow","max-snippet":"max-snippet:-1","max-image-preview":"max-image-preview:large","max-video-preview":"max-video-preview:-1"},"canonical":"https:\/\/www.todobudapest.com\/hu\/products\/esti-varosnezo-setahajozas-budapest\/","og_locale":"hu_HU","og_type":"article","og_title":"Esti V\u00e1rosn\u00e9z\u0151 S\u00e9tahaj\u00f3z\u00e1s Budapesten - To Do Budapest","og_description":"Csod\u00e1latos esti t\u00fara Budapesten. T\u00e9gy egy kalandot a Dun\u00e1n, \u00e9s csod\u00e1ld meg a v\u00e1ros legn\u00e9pszer\u0171bb pontjait. Csatlakozz hozz\u00e1nk budapesti s\u00e9tahaj\u00f3 programunkra","og_url":"https:\/\/www.todobudapest.com\/hu\/products\/esti-varosnezo-setahajozas-budapest\/","og_site_name":"To Do Budapest","article_modified_time":"2025-08-13T13:32:25+00:00","og_image":[{"width":754,"height":390,"url":"https:\/\/www.todobudapest.com\/wp-content\/uploads\/2023\/07\/headout.jpg","type":"image\/jpeg"}],"twitter_card":"summary_large_image","schema":{"@context":"https:\/\/schema.org","@graph":[{"@type":"WebPage","@id":"https:\/\/www.todobudapest.com\/hu\/products\/esti-varosnezo-setahajozas-budapest\/","url":"https:\/\/www.todobudapest.com\/hu\/products\/esti-varosnezo-setahajozas-budapest\/","name":"Esti V\u00e1rosn\u00e9z\u0151 S\u00e9tahaj\u00f3z\u00e1s Budapesten - To Do Budapest","isPartOf":{"@id":"https:\/\/www.todobudapest.com\/#website"},"datePublished":"2024-09-26T09:03:20+00:00","dateModified":"2025-08-13T13:32:25+00:00","description":"Csod\u00e1latos esti t\u00fara Budapesten. T\u00e9gy egy kalandot a Dun\u00e1n, \u00e9s csod\u00e1ld meg a v\u00e1ros legn\u00e9pszer\u0171bb pontjait. Csatlakozz hozz\u00e1nk budapesti s\u00e9tahaj\u00f3 programunkra","breadcrumb":{"@id":"https:\/\/www.todobudapest.com\/hu\/products\/esti-varosnezo-setahajozas-budapest\/#breadcrumb"},"inLanguage":"hu","potentialAction":[{"@type":"ReadAction","target":["https:\/\/www.todobudapest.com\/hu\/products\/esti-varosnezo-setahajozas-budapest\/"]}]},{"@type":"BreadcrumbList","@id":"https:\/\/www.todobudapest.com\/hu\/products\/esti-varosnezo-setahajozas-budapest\/#breadcrumb","itemListElement":[{"@type":"ListItem","position":1,"name":"Home","item":"https:\/\/www.todobudapest.com\/hu\/"},{"@type":"ListItem","position":2,"name":"Shop","item":"https:\/\/www.todobudapest.com\/hu\/shop\/"},{"@type":"ListItem","position":3,"name":"Haj\u00f3s v\u00e1rosn\u00e9z\u00e9s","item":"https:\/\/www.todobudapest.com\/hu\/todo-category\/hajos-varosnezes\/"},{"@type":"ListItem","position":4,"name":"Esti V\u00e1rosn\u00e9z\u0151 S\u00e9tahaj\u00f3z\u00e1s Budapesten"}]},{"@type":"WebSite","@id":"https:\/\/www.todobudapest.com\/#website","url":"https:\/\/www.todobudapest.com\/","name":"To Do Budapest","description":"","potentialAction":[{"@type":"SearchAction","target":{"@type":"EntryPoint","urlTemplate":"https:\/\/www.todobudapest.com\/?s={search_term_string}"},"query-input":"required name=search_term_string"}],"inLanguage":"hu"}]}},"_links":{"self":[{"href":"https:\/\/www.todobudapest.com\/hu\/wp-json\/wp\/v2\/product\/2572","targetHints":{"allow":["GET"]}}],"collection":[{"href":"https:\/\/www.todobudapest.com\/hu\/wp-json\/wp\/v2\/product"}],"about":[{"href":"https:\/\/www.todobudapest.com\/hu\/wp-json\/wp\/v2\/types\/product"}],"replies":[{"embeddable":true,"href":"https:\/\/www.todobudapest.com\/hu\/wp-json\/wp\/v2\/comments?post=2572"}],"wp:featuredmedia":[{"embeddable":true,"href":"https:\/\/www.todobudapest.com\/hu\/wp-json\/wp\/v2\/media\/2000"}],"wp:attachment":[{"href":"https:\/\/www.todobudapest.com\/hu\/wp-json\/wp\/v2\/media?parent=2572"}],"wp:term":[{"taxonomy":"product_cat","embeddable":true,"href":"https:\/\/www.todobudapest.com\/hu\/wp-json\/wp\/v2\/product_cat?post=2572"},{"taxonomy":"product_tag","embeddable":true,"href":"https:\/\/www.todobudapest.com\/hu\/wp-json\/wp\/v2\/product_tag?post=2572"}],"curies":[{"name":"wp","href":"https:\/\/api.w.org\/{rel}","templated":true}]}}