{"id":993,"date":"2022-05-25T13:25:18","date_gmt":"2022-05-25T11:25:18","guid":{"rendered":"https:\/\/www.todobudapest.com\/accomodation-in-budapest\/"},"modified":"2022-09-15T18:20:44","modified_gmt":"2022-09-15T16:20:44","slug":"szallasok-budapesten","status":"publish","type":"page","link":"https:\/\/www.todobudapest.com\/hu\/szallasok-budapesten\/","title":{"rendered":"Sz\u00e1ll\u00e1sok Budapesten"},"content":{"rendered":"<p>Milyen sz\u00e1ll\u00e1sok v\u00e1rj\u00e1k Budapesten?<\/p>\n<p>Budapesten b\u00e1milyen elk\u00e9pzel\u00e9se van az ide\u00e1lis sz\u00e1ll\u00e1sr\u00f3l, eg\u00e9szen biztosan megtal\u00e1lja az \u00d6nnek legink\u00e1bb megfelel\u0151t.<\/p>\n<p>Sz\u00e1llod\u00e1k<\/p>\n<p>Budapest belv\u00e1ros\u00e1ban sz\u00e1mtalan 5 csillagos sz\u00e1lloda gondoskodik arr\u00f3l, hogy igazi luxus k\u00f6rnyezetben t\u00f6lthesse az itt t\u00f6lt\u00f6tt napokat. Ezen bel\u00fcl is k\u00fcl\u00f6n eml\u00edt\u00e9sre m\u00e9lt\u00f3 a New York Palace, melynek r\u00e9sze a New York K\u00e1v\u00e9h\u00e1z, amely elnyerte a vil\u00e1g legszebb k\u00e1v\u00e9h\u00e1za c\u00edmet is. A Gresham Palot\u00e1ban kialak\u00edtott Four Seasons Hotel sz\u00e1mtalan h\u00edres vend\u00e9gnek ad otthont itt tart\u00f3zkod\u00e1sa ideje alatt, hiszen a Budapest az ut\u00f3bbi \u00e9vekben kedvelt forgat\u00e1si helysz\u00edn a Hollywoodi produkci\u00f3k sz\u00e1m\u00e1ra. A\u00a0<strong>Hotel Clark <\/strong>csod\u00e1latos helysz\u00ednen, a L\u00e1nch\u00edd budai oldal\u00e1n, a Duna parton v\u00e1rja vend\u00e9geit l\u00e9legzetel\u00e1ll\u00edt\u00f3 panor\u00e1m\u00e1val \u00e9s magas sz\u00ednvonal\u00fa szolg\u00e1ltat\u00e1sokkal. K\u00f6zponti elhelyezked\u00e9s\u00e9nek k\u00f6sz\u00f6nhet\u0151en a sz\u00e1llod\u00e1b\u00f3l a belv\u00e1ros b\u00e1rmely pontja k\u00f6nnyen megk\u00f6zel\u00edthet\u0151, a budav\u00e1ri sikl\u00f3 k\u00f6zvetlen\u00fcl az \u00e9p\u00fclet mell\u0151l indul.<\/p>\n<p>4 illetve kevesebb csillaggal rendelkez\u0151 sz\u00e1llod\u00e1kban is minden ig\u00e9nyt kiel\u00e9g\u00edt\u0151 pihen\u00e9sre sz\u00e1m\u00edthat. A szob\u00e1k a csillagoknak megfelel\u0151 alap felszerelts\u00e9ggel rendelkeznek, tiszt\u00e1k \u00e9s minden\u00fctt \u00fcgyelnek arra, hogy vend\u00e9geik kellemesen \u00e9rezz\u00e9k magukat itt tart\u00f3zkod\u00e1suk ideje alatt.<\/p>\n<p>&nbsp;<\/p>\n<p>Appartmanok<\/p>\n<p>Sok sz\u00e1lloda rendelkezik b\u00e9relhet\u0151 appartman szob\u00e1kkal, ha utaz\u00e1s\u00e1t hosszabb t\u00e1vra tervezi. Mag\u00e1nszem\u00e9lyekt\u0151l is b\u00e9rlelhet\u0151 erre a c\u00e9lra sz\u00e1ll\u00e1s, ilyen esetben azonban a sz\u00e1ll\u00e1s elfoglal\u00e1sa el\u0151tt gy\u0151z\u0151dj\u00f6n meg arr\u00f3l, hogy az ingatlan olyan \u00e1llapotban van-e, amelyet a b\u00e9rbead\u00f3val a foglal\u00e1s sor\u00e1n leegyeztetett!<\/p>\n<p><img decoding=\"async\" class=\"alignnone size-full wp-image-491\" src=\"https:\/\/www.todobudapest.com\/wp-content\/uploads\/2022\/07\/Budapest3-1038x576.jpg-masolata.jpg\" alt=\"\" width=\"1038\" height=\"576\" srcset=\"https:\/\/www.todobudapest.com\/wp-content\/uploads\/2022\/07\/Budapest3-1038x576.jpg-masolata.jpg 1038w, https:\/\/www.todobudapest.com\/wp-content\/uploads\/2022\/07\/Budapest3-1038x576.jpg-masolata-600x333.jpg 600w\" sizes=\"(max-width: 1038px) 100vw, 1038px\" \/><\/p>\n<p>AirBNB<\/p>\n<p>Magyarorsz\u00e1gon rendk\u00edv\u00fcl kedvelt sz\u00e1ll\u00e1sad\u00e1si forma. Az AirBNB sz\u00e1ll\u00e1sad\u00f3k rendk\u00edv\u00fcli figyelmet ford\u00edtanak arra, hogy a k\u00f6z\u00f6ss\u00e9gi m\u00e9di\u00e1kban, Tripadvisor \u00e9s egy\u00e9b \u00e9rt\u00e9kel\u00e9si fel\u00fcleteket kiz\u00e1r\u00f3lag pozit\u00edv \u00e9rt\u00e9kel\u00e9seket kapjanak. A belv\u00e1rosi lak\u00e1sok sz\u00ednvonala vetekszik egy sz\u00e1llod\u00e1\u00e9val, \u00edgy amennyiben meghitt hangulatra v\u00e1gyik, \u00e9rdemes megtekintenie a kiad\u00f3 lak\u00e1sok\u00a0 k\u00edn\u00e1lat\u00e1t.<\/p>\n<p>Hostelek<\/p>\n<p>Term\u00e9szetesen a\u00a0 belv\u00e1rosban sz\u00e1mos hostel is ig\u00e9nybe vehet\u0151, de ezeket ink\u00e1bb fiatal bar\u00e1ti t\u00e1rsas\u00e1goknak, 1 vagy maximum 2 \u00e9jszak\u00e1ra \u00e9rdemes kib\u00e9relni\u00fck.<\/p>\n","protected":false},"excerpt":{"rendered":"<p>Milyen sz\u00e1ll\u00e1sok v\u00e1rj\u00e1k Budapesten? Budapesten b\u00e1milyen elk\u00e9pzel\u00e9se van az ide\u00e1lis sz\u00e1ll\u00e1sr\u00f3l, eg\u00e9szen biztosan megtal\u00e1lja az \u00d6nnek legink\u00e1bb megfelel\u0151t. Sz\u00e1llod\u00e1k Budapest belv\u00e1ros\u00e1ban sz\u00e1mtalan 5 csillagos sz\u00e1lloda gondoskodik arr\u00f3l, hogy igazi luxus k\u00f6rnyezetben t\u00f6lthesse az itt t\u00f6lt\u00f6tt napokat. Ezen bel\u00fcl is k\u00fcl\u00f6n eml\u00edt\u00e9sre m\u00e9lt\u00f3 a New York Palace, melynek r\u00e9sze a New York K\u00e1v\u00e9h\u00e1z, amely elnyerte a [&hellip;]<\/p>\n","protected":false},"author":1,"featured_media":0,"parent":0,"menu_order":25,"comment_status":"closed","ping_status":"closed","template":"","meta":{"footnotes":""},"class_list":["post-993","page","type-page","status-publish","hentry"],"acf":[],"yoast_head":"<!-- This site is optimized with the Yoast SEO plugin v20.3 - https:\/\/yoast.com\/wordpress\/plugins\/seo\/ -->\n<title>Sz\u00e1ll\u00e1sok Budapesten - To Do Budapest<\/title>\n<meta name=\"robots\" content=\"index, follow, max-snippet:-1, max-image-preview:large, max-video-preview:-1\" \/>\n<link rel=\"canonical\" href=\"https:\/\/www.todobudapest.com\/hu\/szallasok-budapesten\/\" \/>\n<meta property=\"og:locale\" content=\"hu_HU\" \/>\n<meta property=\"og:type\" content=\"article\" \/>\n<meta property=\"og:title\" content=\"Sz\u00e1ll\u00e1sok Budapesten - To Do Budapest\" \/>\n<meta property=\"og:description\" content=\"Milyen sz\u00e1ll\u00e1sok v\u00e1rj\u00e1k Budapesten? Budapesten b\u00e1milyen elk\u00e9pzel\u00e9se van az ide\u00e1lis sz\u00e1ll\u00e1sr\u00f3l, eg\u00e9szen biztosan megtal\u00e1lja az \u00d6nnek legink\u00e1bb megfelel\u0151t. Sz\u00e1llod\u00e1k Budapest belv\u00e1ros\u00e1ban sz\u00e1mtalan 5 csillagos sz\u00e1lloda gondoskodik arr\u00f3l, hogy igazi luxus k\u00f6rnyezetben t\u00f6lthesse az itt t\u00f6lt\u00f6tt napokat. Ezen bel\u00fcl is k\u00fcl\u00f6n eml\u00edt\u00e9sre m\u00e9lt\u00f3 a New York Palace, melynek r\u00e9sze a New York K\u00e1v\u00e9h\u00e1z, amely elnyerte a [&hellip;]\" \/>\n<meta property=\"og:url\" content=\"https:\/\/www.todobudapest.com\/hu\/szallasok-budapesten\/\" \/>\n<meta property=\"og:site_name\" content=\"To Do Budapest\" \/>\n<meta property=\"article:modified_time\" content=\"2022-09-15T16:20:44+00:00\" \/>\n<meta property=\"og:image\" content=\"https:\/\/www.todobudapest.com\/wp-content\/uploads\/2022\/07\/Budapest3-1038x576.jpg-masolata.jpg\" \/>\n<meta name=\"twitter:card\" content=\"summary_large_image\" \/>\n<meta name=\"twitter:label1\" content=\"Becs\u00fclt olvas\u00e1si id\u0151\" \/>\n\t<meta name=\"twitter:data1\" content=\"2 perc\" \/>\n<script type=\"application\/ld+json\" class=\"yoast-schema-graph\">{\"@context\":\"https:\/\/schema.org\",\"@graph\":[{\"@type\":\"WebPage\",\"@id\":\"https:\/\/www.todobudapest.com\/hu\/szallasok-budapesten\/\",\"url\":\"https:\/\/www.todobudapest.com\/hu\/szallasok-budapesten\/\",\"name\":\"Sz\u00e1ll\u00e1sok Budapesten - To Do Budapest\",\"isPartOf\":{\"@id\":\"https:\/\/www.todobudapest.com\/#website\"},\"datePublished\":\"2022-05-25T11:25:18+00:00\",\"dateModified\":\"2022-09-15T16:20:44+00:00\",\"breadcrumb\":{\"@id\":\"https:\/\/www.todobudapest.com\/hu\/szallasok-budapesten\/#breadcrumb\"},\"inLanguage\":\"hu\",\"potentialAction\":[{\"@type\":\"ReadAction\",\"target\":[\"https:\/\/www.todobudapest.com\/hu\/szallasok-budapesten\/\"]}]},{\"@type\":\"BreadcrumbList\",\"@id\":\"https:\/\/www.todobudapest.com\/hu\/szallasok-budapesten\/#breadcrumb\",\"itemListElement\":[{\"@type\":\"ListItem\",\"position\":1,\"name\":\"Home\",\"item\":\"https:\/\/www.todobudapest.com\/hu\/\"},{\"@type\":\"ListItem\",\"position\":2,\"name\":\"Sz\u00e1ll\u00e1sok Budapesten\"}]},{\"@type\":\"WebSite\",\"@id\":\"https:\/\/www.todobudapest.com\/#website\",\"url\":\"https:\/\/www.todobudapest.com\/\",\"name\":\"To Do Budapest\",\"description\":\"\",\"potentialAction\":[{\"@type\":\"SearchAction\",\"target\":{\"@type\":\"EntryPoint\",\"urlTemplate\":\"https:\/\/www.todobudapest.com\/?s={search_term_string}\"},\"query-input\":\"required name=search_term_string\"}],\"inLanguage\":\"hu\"}]}<\/script>\n<!-- \/ Yoast SEO plugin. -->","yoast_head_json":{"title":"Sz\u00e1ll\u00e1sok Budapesten - To Do Budapest","robots":{"index":"index","follow":"follow","max-snippet":"max-snippet:-1","max-image-preview":"max-image-preview:large","max-video-preview":"max-video-preview:-1"},"canonical":"https:\/\/www.todobudapest.com\/hu\/szallasok-budapesten\/","og_locale":"hu_HU","og_type":"article","og_title":"Sz\u00e1ll\u00e1sok Budapesten - To Do Budapest","og_description":"Milyen sz\u00e1ll\u00e1sok v\u00e1rj\u00e1k Budapesten? Budapesten b\u00e1milyen elk\u00e9pzel\u00e9se van az ide\u00e1lis sz\u00e1ll\u00e1sr\u00f3l, eg\u00e9szen biztosan megtal\u00e1lja az \u00d6nnek legink\u00e1bb megfelel\u0151t. Sz\u00e1llod\u00e1k Budapest belv\u00e1ros\u00e1ban sz\u00e1mtalan 5 csillagos sz\u00e1lloda gondoskodik arr\u00f3l, hogy igazi luxus k\u00f6rnyezetben t\u00f6lthesse az itt t\u00f6lt\u00f6tt napokat. Ezen bel\u00fcl is k\u00fcl\u00f6n eml\u00edt\u00e9sre m\u00e9lt\u00f3 a New York Palace, melynek r\u00e9sze a New York K\u00e1v\u00e9h\u00e1z, amely elnyerte a [&hellip;]","og_url":"https:\/\/www.todobudapest.com\/hu\/szallasok-budapesten\/","og_site_name":"To Do Budapest","article_modified_time":"2022-09-15T16:20:44+00:00","og_image":[{"url":"https:\/\/www.todobudapest.com\/wp-content\/uploads\/2022\/07\/Budapest3-1038x576.jpg-masolata.jpg"}],"twitter_card":"summary_large_image","twitter_misc":{"Becs\u00fclt olvas\u00e1si id\u0151":"2 perc"},"schema":{"@context":"https:\/\/schema.org","@graph":[{"@type":"WebPage","@id":"https:\/\/www.todobudapest.com\/hu\/szallasok-budapesten\/","url":"https:\/\/www.todobudapest.com\/hu\/szallasok-budapesten\/","name":"Sz\u00e1ll\u00e1sok Budapesten - To Do Budapest","isPartOf":{"@id":"https:\/\/www.todobudapest.com\/#website"},"datePublished":"2022-05-25T11:25:18+00:00","dateModified":"2022-09-15T16:20:44+00:00","breadcrumb":{"@id":"https:\/\/www.todobudapest.com\/hu\/szallasok-budapesten\/#breadcrumb"},"inLanguage":"hu","potentialAction":[{"@type":"ReadAction","target":["https:\/\/www.todobudapest.com\/hu\/szallasok-budapesten\/"]}]},{"@type":"BreadcrumbList","@id":"https:\/\/www.todobudapest.com\/hu\/szallasok-budapesten\/#breadcrumb","itemListElement":[{"@type":"ListItem","position":1,"name":"Home","item":"https:\/\/www.todobudapest.com\/hu\/"},{"@type":"ListItem","position":2,"name":"Sz\u00e1ll\u00e1sok Budapesten"}]},{"@type":"WebSite","@id":"https:\/\/www.todobudapest.com\/#website","url":"https:\/\/www.todobudapest.com\/","name":"To Do Budapest","description":"","potentialAction":[{"@type":"SearchAction","target":{"@type":"EntryPoint","urlTemplate":"https:\/\/www.todobudapest.com\/?s={search_term_string}"},"query-input":"required name=search_term_string"}],"inLanguage":"hu"}]}},"_links":{"self":[{"href":"https:\/\/www.todobudapest.com\/hu\/wp-json\/wp\/v2\/pages\/993","targetHints":{"allow":["GET"]}}],"collection":[{"href":"https:\/\/www.todobudapest.com\/hu\/wp-json\/wp\/v2\/pages"}],"about":[{"href":"https:\/\/www.todobudapest.com\/hu\/wp-json\/wp\/v2\/types\/page"}],"author":[{"embeddable":true,"href":"https:\/\/www.todobudapest.com\/hu\/wp-json\/wp\/v2\/users\/1"}],"replies":[{"embeddable":true,"href":"https:\/\/www.todobudapest.com\/hu\/wp-json\/wp\/v2\/comments?post=993"}],"version-history":[{"count":3,"href":"https:\/\/www.todobudapest.com\/hu\/wp-json\/wp\/v2\/pages\/993\/revisions"}],"predecessor-version":[{"id":1002,"href":"https:\/\/www.todobudapest.com\/hu\/wp-json\/wp\/v2\/pages\/993\/revisions\/1002"}],"wp:attachment":[{"href":"https:\/\/www.todobudapest.com\/hu\/wp-json\/wp\/v2\/media?parent=993"}],"curies":[{"name":"wp","href":"https:\/\/api.w.org\/{rel}","templated":true}]}}