{"id":925,"date":"2022-05-25T13:13:24","date_gmt":"2022-05-25T11:13:24","guid":{"rendered":"https:\/\/www.todobudapest.com\/time-zone\/"},"modified":"2022-09-13T17:52:54","modified_gmt":"2022-09-13T15:52:54","slug":"idozona","status":"publish","type":"page","link":"https:\/\/www.todobudapest.com\/hu\/idozona\/","title":{"rendered":"Id\u0151z\u00f3na"},"content":{"rendered":"<p>Id\u0151z\u00f3na<\/p>\n<p>Magyarorsz\u00e1g, \u00edgy Budapest is a k\u00f6z\u00e9p-eur\u00f3pai (Central European Time, CET) id\u0151z\u00f3n\u00e1hoz tartozik. A k\u00f6znyelvben a magyar id\u0151 szerinti megjel\u00f6l\u00e9s jelzi, hogy a vil\u00e1gban zajl\u00f3 esem\u00e9nyek helyi id\u0151 szerint mikor t\u00f6rt\u00e9ntek.<\/p>\n<p>Magyarorsz\u00e1g 1 \u00f3r\u00e1val j\u00e1r az egyezm\u00e9nyes koordin\u00e1lt vil\u00e1gid\u0151 el\u0151tt, vagyis CET=UTC+1. Eur\u00f3pa legnagyobb r\u00e9sze ebbe a z\u00f3n\u00e1ba tartozik. A ny\u00e1ri id\u0151sz\u00e1m\u00edt\u00e1s ideje alatt a CEST van \u00e9rv\u00e9nyben helyette (CEST=UTC+2).<\/p>\n<p><img decoding=\"async\" class=\"alignnone size-full wp-image-452\" src=\"https:\/\/www.todobudapest.com\/wp-content\/uploads\/2022\/03\/Budapest-Danube-Bank-New-Years-Eve.jpg\" alt=\"\" width=\"1685\" height=\"1362\" srcset=\"https:\/\/www.todobudapest.com\/wp-content\/uploads\/2022\/03\/Budapest-Danube-Bank-New-Years-Eve.jpg 1685w, https:\/\/www.todobudapest.com\/wp-content\/uploads\/2022\/03\/Budapest-Danube-Bank-New-Years-Eve-600x485.jpg 600w\" sizes=\"(max-width: 1685px) 100vw, 1685px\" \/><\/p>\n<p>Nem lesz sz\u00fcks\u00e9ge \u00f3r\u00e1j\u00e1nak \u00e1t\u00e1ll\u00edt\u00e1s\u00e1ra, ha a k\u00f6vetkez\u0151 eur\u00f3pai orsz\u00e1gokb\u00f3l \u00e9rkezik haz\u00e1nkba:<\/p>\n<p><a href=\"https:\/\/hu.wikipedia.org\/wiki\/Alb%C3%A1nia\">Alb\u00e1nia<\/a>, <a href=\"https:\/\/hu.wikipedia.org\/wiki\/Andorra\">Andorra<\/a>, <a href=\"https:\/\/hu.wikipedia.org\/wiki\/Ausztria\">Ausztria<\/a>, <a href=\"https:\/\/hu.wikipedia.org\/wiki\/Belgium\">Belgium<\/a>, <a href=\"https:\/\/hu.wikipedia.org\/wiki\/Bosznia-Hercegovina\">Bosznia-Hercegovina<\/a>, <a href=\"https:\/\/hu.wikipedia.org\/wiki\/Csehorsz%C3%A1g\">Csehorsz\u00e1g<\/a>, <a href=\"https:\/\/hu.wikipedia.org\/wiki\/D%C3%A1nia\">D\u00e1nia<\/a>, <a href=\"https:\/\/hu.wikipedia.org\/wiki\/Franciaorsz%C3%A1g\">Franciaorsz\u00e1g<\/a> , <a href=\"https:\/\/hu.wikipedia.org\/wiki\/Hollandia\">Hollandia<\/a>, <a href=\"https:\/\/hu.wikipedia.org\/wiki\/Horv%C3%A1torsz%C3%A1g\">Horv\u00e1torsz\u00e1g<\/a>, <a href=\"https:\/\/hu.wikipedia.org\/wiki\/Lengyelorsz%C3%A1g\">Lengyelorsz\u00e1g<\/a>, <a href=\"https:\/\/hu.wikipedia.org\/wiki\/Liechtenstein\">Liechtenstein<\/a>, <a href=\"https:\/\/hu.wikipedia.org\/wiki\/Luxemburg\">Luxemburg<\/a>, <a href=\"https:\/\/hu.wikipedia.org\/wiki\/Maced%C3%B3nia\">Maced\u00f3nia<\/a>, <a href=\"https:\/\/hu.wikipedia.org\/wiki\/M%C3%A1lta\">M\u00e1lta<\/a>, <a href=\"https:\/\/hu.wikipedia.org\/wiki\/Monaco\">Monaco<\/a>, <a href=\"https:\/\/hu.wikipedia.org\/wiki\/Montenegr%C3%B3\">Montenegr\u00f3<\/a>, <a href=\"https:\/\/hu.wikipedia.org\/wiki\/N%C3%A9metorsz%C3%A1g\">N\u00e9metorsz\u00e1g<\/a>, <a href=\"https:\/\/hu.wikipedia.org\/wiki\/Norv%C3%A9gia\">Norv\u00e9gia<\/a>, <a href=\"https:\/\/hu.wikipedia.org\/wiki\/Olaszorsz%C3%A1g\">Olaszorsz\u00e1g<\/a>, <a href=\"https:\/\/hu.wikipedia.org\/wiki\/San_Marino\">San Marino<\/a>, <a href=\"https:\/\/hu.wikipedia.org\/wiki\/Szerbia\">Szerbia<\/a>, <a href=\"https:\/\/hu.wikipedia.org\/wiki\/Szlov%C3%A1kia\">Szlov\u00e1kia<\/a>, <a href=\"https:\/\/hu.wikipedia.org\/wiki\/Szlov%C3%A9nia\">Szlov\u00e9nia<\/a>, <a href=\"https:\/\/hu.wikipedia.org\/wiki\/Spanyolorsz%C3%A1g\">Spanyolorsz\u00e1g<\/a>, <a href=\"https:\/\/hu.wikipedia.org\/wiki\/Sv%C3%A9dorsz%C3%A1g\">Sv\u00e9dorsz\u00e1g<\/a>, <a href=\"https:\/\/hu.wikipedia.org\/wiki\/Sv%C3%A1jc\">Sv\u00e1jc<\/a>, <a href=\"https:\/\/hu.wikipedia.org\/wiki\/Vatik%C3%A1n\">Vatik\u00e1n<\/a>.<\/p>\n<p>\u00d3ra\u00e1t\u00e1ll\u00edt\u00e1s d\u00e1tumai helyi id\u0151 szerint:<\/p>\n<p><strong>Ny\u00e1ri id\u0151sz\u00e1m\u00edt\u00e1s kezdete:<\/strong> <em>m\u00e1rcius 25.<\/em> vas\u00e1rnap hajnalban 2:00 \u00f3rakor 3:00 \u00f3r\u00e1ra kell el\u0151re \u00e1ll\u00edtani az \u00f3r\u00e1t<br \/>\n<strong>T\u00e9li id\u0151sz\u00e1m\u00edt\u00e1s kezdete:<\/strong> <em>\u00a0okt\u00f3ber 28.<\/em> vas\u00e1rnap hajnalban 3:00 \u00f3rakor 2:00 \u00f3r\u00e1ra kell vissza\u00e1ll\u00edtani az \u00f3r\u00e1t.<\/p>\n","protected":false},"excerpt":{"rendered":"<p>Id\u0151z\u00f3na Magyarorsz\u00e1g, \u00edgy Budapest is a k\u00f6z\u00e9p-eur\u00f3pai (Central European Time, CET) id\u0151z\u00f3n\u00e1hoz tartozik. A k\u00f6znyelvben a magyar id\u0151 szerinti megjel\u00f6l\u00e9s jelzi, hogy a vil\u00e1gban zajl\u00f3 esem\u00e9nyek helyi id\u0151 szerint mikor t\u00f6rt\u00e9ntek. Magyarorsz\u00e1g 1 \u00f3r\u00e1val j\u00e1r az egyezm\u00e9nyes koordin\u00e1lt vil\u00e1gid\u0151 el\u0151tt, vagyis CET=UTC+1. Eur\u00f3pa legnagyobb r\u00e9sze ebbe a z\u00f3n\u00e1ba tartozik. A ny\u00e1ri id\u0151sz\u00e1m\u00edt\u00e1s ideje alatt a [&hellip;]<\/p>\n","protected":false},"author":1,"featured_media":0,"parent":0,"menu_order":33,"comment_status":"closed","ping_status":"closed","template":"","meta":{"footnotes":""},"class_list":["post-925","page","type-page","status-publish","hentry"],"acf":[],"yoast_head":"<!-- This site is optimized with the Yoast SEO plugin v20.3 - https:\/\/yoast.com\/wordpress\/plugins\/seo\/ -->\n<title>Id\u0151z\u00f3na - To Do Budapest<\/title>\n<meta name=\"robots\" content=\"index, follow, max-snippet:-1, max-image-preview:large, max-video-preview:-1\" \/>\n<link rel=\"canonical\" href=\"https:\/\/www.todobudapest.com\/hu\/idozona\/\" \/>\n<meta property=\"og:locale\" content=\"hu_HU\" \/>\n<meta property=\"og:type\" content=\"article\" \/>\n<meta property=\"og:title\" content=\"Id\u0151z\u00f3na - To Do Budapest\" \/>\n<meta property=\"og:description\" content=\"Id\u0151z\u00f3na Magyarorsz\u00e1g, \u00edgy Budapest is a k\u00f6z\u00e9p-eur\u00f3pai (Central European Time, CET) id\u0151z\u00f3n\u00e1hoz tartozik. A k\u00f6znyelvben a magyar id\u0151 szerinti megjel\u00f6l\u00e9s jelzi, hogy a vil\u00e1gban zajl\u00f3 esem\u00e9nyek helyi id\u0151 szerint mikor t\u00f6rt\u00e9ntek. Magyarorsz\u00e1g 1 \u00f3r\u00e1val j\u00e1r az egyezm\u00e9nyes koordin\u00e1lt vil\u00e1gid\u0151 el\u0151tt, vagyis CET=UTC+1. Eur\u00f3pa legnagyobb r\u00e9sze ebbe a z\u00f3n\u00e1ba tartozik. A ny\u00e1ri id\u0151sz\u00e1m\u00edt\u00e1s ideje alatt a [&hellip;]\" \/>\n<meta property=\"og:url\" content=\"https:\/\/www.todobudapest.com\/hu\/idozona\/\" \/>\n<meta property=\"og:site_name\" content=\"To Do Budapest\" \/>\n<meta property=\"article:modified_time\" content=\"2022-09-13T15:52:54+00:00\" \/>\n<meta property=\"og:image\" content=\"https:\/\/www.todobudapest.com\/wp-content\/uploads\/2022\/03\/Budapest-Danube-Bank-New-Years-Eve.jpg\" \/>\n<meta name=\"twitter:card\" content=\"summary_large_image\" \/>\n<meta name=\"twitter:label1\" content=\"Becs\u00fclt olvas\u00e1si id\u0151\" \/>\n\t<meta name=\"twitter:data1\" content=\"1 perc\" \/>\n<script type=\"application\/ld+json\" class=\"yoast-schema-graph\">{\"@context\":\"https:\/\/schema.org\",\"@graph\":[{\"@type\":\"WebPage\",\"@id\":\"https:\/\/www.todobudapest.com\/hu\/idozona\/\",\"url\":\"https:\/\/www.todobudapest.com\/hu\/idozona\/\",\"name\":\"Id\u0151z\u00f3na - To Do Budapest\",\"isPartOf\":{\"@id\":\"https:\/\/www.todobudapest.com\/#website\"},\"datePublished\":\"2022-05-25T11:13:24+00:00\",\"dateModified\":\"2022-09-13T15:52:54+00:00\",\"breadcrumb\":{\"@id\":\"https:\/\/www.todobudapest.com\/hu\/idozona\/#breadcrumb\"},\"inLanguage\":\"hu\",\"potentialAction\":[{\"@type\":\"ReadAction\",\"target\":[\"https:\/\/www.todobudapest.com\/hu\/idozona\/\"]}]},{\"@type\":\"BreadcrumbList\",\"@id\":\"https:\/\/www.todobudapest.com\/hu\/idozona\/#breadcrumb\",\"itemListElement\":[{\"@type\":\"ListItem\",\"position\":1,\"name\":\"Home\",\"item\":\"https:\/\/www.todobudapest.com\/hu\/\"},{\"@type\":\"ListItem\",\"position\":2,\"name\":\"Id\u0151z\u00f3na\"}]},{\"@type\":\"WebSite\",\"@id\":\"https:\/\/www.todobudapest.com\/#website\",\"url\":\"https:\/\/www.todobudapest.com\/\",\"name\":\"To Do Budapest\",\"description\":\"\",\"potentialAction\":[{\"@type\":\"SearchAction\",\"target\":{\"@type\":\"EntryPoint\",\"urlTemplate\":\"https:\/\/www.todobudapest.com\/?s={search_term_string}\"},\"query-input\":\"required name=search_term_string\"}],\"inLanguage\":\"hu\"}]}<\/script>\n<!-- \/ Yoast SEO plugin. -->","yoast_head_json":{"title":"Id\u0151z\u00f3na - To Do Budapest","robots":{"index":"index","follow":"follow","max-snippet":"max-snippet:-1","max-image-preview":"max-image-preview:large","max-video-preview":"max-video-preview:-1"},"canonical":"https:\/\/www.todobudapest.com\/hu\/idozona\/","og_locale":"hu_HU","og_type":"article","og_title":"Id\u0151z\u00f3na - To Do Budapest","og_description":"Id\u0151z\u00f3na Magyarorsz\u00e1g, \u00edgy Budapest is a k\u00f6z\u00e9p-eur\u00f3pai (Central European Time, CET) id\u0151z\u00f3n\u00e1hoz tartozik. A k\u00f6znyelvben a magyar id\u0151 szerinti megjel\u00f6l\u00e9s jelzi, hogy a vil\u00e1gban zajl\u00f3 esem\u00e9nyek helyi id\u0151 szerint mikor t\u00f6rt\u00e9ntek. Magyarorsz\u00e1g 1 \u00f3r\u00e1val j\u00e1r az egyezm\u00e9nyes koordin\u00e1lt vil\u00e1gid\u0151 el\u0151tt, vagyis CET=UTC+1. Eur\u00f3pa legnagyobb r\u00e9sze ebbe a z\u00f3n\u00e1ba tartozik. A ny\u00e1ri id\u0151sz\u00e1m\u00edt\u00e1s ideje alatt a [&hellip;]","og_url":"https:\/\/www.todobudapest.com\/hu\/idozona\/","og_site_name":"To Do Budapest","article_modified_time":"2022-09-13T15:52:54+00:00","og_image":[{"url":"https:\/\/www.todobudapest.com\/wp-content\/uploads\/2022\/03\/Budapest-Danube-Bank-New-Years-Eve.jpg"}],"twitter_card":"summary_large_image","twitter_misc":{"Becs\u00fclt olvas\u00e1si id\u0151":"1 perc"},"schema":{"@context":"https:\/\/schema.org","@graph":[{"@type":"WebPage","@id":"https:\/\/www.todobudapest.com\/hu\/idozona\/","url":"https:\/\/www.todobudapest.com\/hu\/idozona\/","name":"Id\u0151z\u00f3na - To Do Budapest","isPartOf":{"@id":"https:\/\/www.todobudapest.com\/#website"},"datePublished":"2022-05-25T11:13:24+00:00","dateModified":"2022-09-13T15:52:54+00:00","breadcrumb":{"@id":"https:\/\/www.todobudapest.com\/hu\/idozona\/#breadcrumb"},"inLanguage":"hu","potentialAction":[{"@type":"ReadAction","target":["https:\/\/www.todobudapest.com\/hu\/idozona\/"]}]},{"@type":"BreadcrumbList","@id":"https:\/\/www.todobudapest.com\/hu\/idozona\/#breadcrumb","itemListElement":[{"@type":"ListItem","position":1,"name":"Home","item":"https:\/\/www.todobudapest.com\/hu\/"},{"@type":"ListItem","position":2,"name":"Id\u0151z\u00f3na"}]},{"@type":"WebSite","@id":"https:\/\/www.todobudapest.com\/#website","url":"https:\/\/www.todobudapest.com\/","name":"To Do Budapest","description":"","potentialAction":[{"@type":"SearchAction","target":{"@type":"EntryPoint","urlTemplate":"https:\/\/www.todobudapest.com\/?s={search_term_string}"},"query-input":"required name=search_term_string"}],"inLanguage":"hu"}]}},"_links":{"self":[{"href":"https:\/\/www.todobudapest.com\/hu\/wp-json\/wp\/v2\/pages\/925","targetHints":{"allow":["GET"]}}],"collection":[{"href":"https:\/\/www.todobudapest.com\/hu\/wp-json\/wp\/v2\/pages"}],"about":[{"href":"https:\/\/www.todobudapest.com\/hu\/wp-json\/wp\/v2\/types\/page"}],"author":[{"embeddable":true,"href":"https:\/\/www.todobudapest.com\/hu\/wp-json\/wp\/v2\/users\/1"}],"replies":[{"embeddable":true,"href":"https:\/\/www.todobudapest.com\/hu\/wp-json\/wp\/v2\/comments?post=925"}],"version-history":[{"count":2,"href":"https:\/\/www.todobudapest.com\/hu\/wp-json\/wp\/v2\/pages\/925\/revisions"}],"predecessor-version":[{"id":927,"href":"https:\/\/www.todobudapest.com\/hu\/wp-json\/wp\/v2\/pages\/925\/revisions\/927"}],"wp:attachment":[{"href":"https:\/\/www.todobudapest.com\/hu\/wp-json\/wp\/v2\/media?parent=925"}],"curies":[{"name":"wp","href":"https:\/\/api.w.org\/{rel}","templated":true}]}}