{"id":922,"date":"2022-05-25T13:12:14","date_gmt":"2022-05-25T11:12:14","guid":{"rendered":"https:\/\/www.todobudapest.com\/currency-exchange-rate-currency-exchange-credit-card-use-in-budapest\/"},"modified":"2022-09-13T17:50:34","modified_gmt":"2022-09-13T15:50:34","slug":"arfolyam-bankkartya-hasznalat-budapesten","status":"publish","type":"page","link":"https:\/\/www.todobudapest.com\/hu\/arfolyam-bankkartya-hasznalat-budapesten\/","title":{"rendered":"\u00c1rfolyam, bankk\u00e1rtya haszn\u00e1lat Budapesten"},"content":{"rendered":"<p>P\u00e9nznem, \u00e1rfolyam, p\u00e9nzv\u00e1lt\u00e1s bankk\u00e1rtya haszn\u00e1lat Budapesten<\/p>\n<p>Magyarorsz\u00e1g hivatalos p\u00e9nzneme a forint, \u00edgy ha Budapestre l\u00e1togat, mindenk\u00e9pp fel kell keresnie egy p\u00e9nzv\u00e1lt\u00f3t. \u00c9rdemes mindezt azonban k\u00f6r\u00fcltekint\u0151en megtenni. Mivel a napi \u00e1rfolyam folyamatosan v\u00e1ltozik, \u00edgy mindenk\u00e9pp l\u00e1togasson el az al\u00e1bb le\u00edrt weboldalra, ahol t\u00e1j\u00e9koz\u00f3dhat a napi \u00e1rfolyamokr\u00f3l.<\/p>\n<p>A napi valuta \u00e1rfolyam ezen a linken \u00e9rhet\u0151 el: (ideiglenes link: , amikor k\u00e9sz van a tietek cser\u00e9lni kell: ) <a href=\"http:\/\/napiarfolyam.hu\/\">http:\/\/napiarfolyam.hu\/<\/a><\/p>\n<p>Hol ne(!) v\u00e1ltson valut\u00e1t a v\u00e1rosban?<\/p>\n<p>Ha csak teheti, ker\u00fclje a hotelekben t\u00f6rt\u00e9n\u0151 valutav\u00e1lt\u00e1st, ugyanis itt a legnagyobb az es\u00e9lye, hogy a legalacsonyabb \u00e9rt\u00e9ken v\u00e1ltj\u00e1k be saj\u00e1t fizet\u0151 eszk\u00f6z\u00e9t. Ha csak teheti, sem benzinkutakon, sem \u00e9tteremben, sem pedig \u00e9lelmiszer boltokban ne fizessen eur\u00f3val. Gondoskodjon arr\u00f3l, hogy Magyarorsz\u00e1gra \u00e9rkezve a lehet\u0151 leghamarabb be tudja v\u00e1ltani valut\u00e1j\u00e1t. A v\u00e1ros legt\u00f6bb pontj\u00e1n tal\u00e1l olyan p\u00e9nzv\u00e1lt\u00f3t, ahol rendk\u00edv\u00fcl j\u00f3 \u00e1ron cser\u00e9lheti valut\u00e1j\u00e1t magyar forintra.<\/p>\n<p><img decoding=\"async\" class=\"alignnone size-full wp-image-450\" src=\"https:\/\/www.todobudapest.com\/wp-content\/uploads\/2022\/03\/Beautiful-Budapest-at-New-Years-Eve.jpg\" alt=\"\" width=\"1943\" height=\"1681\" srcset=\"https:\/\/www.todobudapest.com\/wp-content\/uploads\/2022\/03\/Beautiful-Budapest-at-New-Years-Eve.jpg 1943w, https:\/\/www.todobudapest.com\/wp-content\/uploads\/2022\/03\/Beautiful-Budapest-at-New-Years-Eve-600x519.jpg 600w\" sizes=\"(max-width: 1943px) 100vw, 1943px\" \/><\/p>\n<p>Bankk\u00e1rty\u00e1val a kisebb \u00e9lelmiszerboltokat, \u00fczlethelyis\u00e9geket lesz\u00e1m\u00edtva szinte mindenhol fizethet. V\u00e1s\u00e1rl\u00e1s el\u0151tt mindenk\u00e9pp gy\u0151z\u0151dj\u00f6n meg arr\u00f3l, hogy az adott vend\u00e9gl\u00e1t\u00f3 egys\u00e9g, bolt rendelkezik termin\u00e1llal. Jellemz\u0151en a Magyarorsz\u00e1gon tal\u00e1lhat\u00f3 bankk\u00e1rty\u00e1s fizet\u00e9sre szolg\u00e1l\u00f3 termin\u00e1lok nagyr\u00e9sze alkalmas b\u00e1rmilyen bankk\u00e1rtya beolvas\u00e1s\u00e1ra, azonban akadhatnak olyan rendszerek is, amelyek kiz\u00e1r\u00f3lag Master Card k\u00e1rty\u00e1kat tudnak leolvasni, Visa k\u00e1rty\u00e1kat azonban nem. A kellemetlens\u00e9gek elker\u00fcl\u00e9se \u00e9rdek\u00e9ben mindenk\u00e9pp tartson mag\u00e1n\u00e1l k\u00e9szp\u00e9nzt is.<\/p>\n<p>A belv\u00e1ros utc\u00e1iban tal\u00e1lhat\u00f3ak kifejezetten eurov\u00e1lt\u00e1sra alkalmas termin\u00e1lok. Az utcai p\u00e9nzv\u00e1lt\u00e1st k\u00fcl\u00f6n\u00f6sen Budapest bels\u0151 ker\u00fcleteiben ker\u00fclje, \u00e9s ink\u00e1bb keressen fel egy p\u00e9nzv\u00e1lt\u00e1sra kijel\u00f6lt irod\u00e1t.<\/p>\n","protected":false},"excerpt":{"rendered":"<p>P\u00e9nznem, \u00e1rfolyam, p\u00e9nzv\u00e1lt\u00e1s bankk\u00e1rtya haszn\u00e1lat Budapesten Magyarorsz\u00e1g hivatalos p\u00e9nzneme a forint, \u00edgy ha Budapestre l\u00e1togat, mindenk\u00e9pp fel kell keresnie egy p\u00e9nzv\u00e1lt\u00f3t. \u00c9rdemes mindezt azonban k\u00f6r\u00fcltekint\u0151en megtenni. Mivel a napi \u00e1rfolyam folyamatosan v\u00e1ltozik, \u00edgy mindenk\u00e9pp l\u00e1togasson el az al\u00e1bb le\u00edrt weboldalra, ahol t\u00e1j\u00e9koz\u00f3dhat a napi \u00e1rfolyamokr\u00f3l. A napi valuta \u00e1rfolyam ezen a linken \u00e9rhet\u0151 el: (ideiglenes [&hellip;]<\/p>\n","protected":false},"author":1,"featured_media":0,"parent":0,"menu_order":35,"comment_status":"closed","ping_status":"closed","template":"","meta":{"footnotes":""},"class_list":["post-922","page","type-page","status-publish","hentry"],"acf":[],"yoast_head":"<!-- This site is optimized with the Yoast SEO plugin v20.3 - https:\/\/yoast.com\/wordpress\/plugins\/seo\/ -->\n<title>Currency-exchange rate - credit card use in Budapest - To Do Budapest<\/title>\n<meta name=\"robots\" content=\"index, follow, max-snippet:-1, max-image-preview:large, max-video-preview:-1\" \/>\n<link rel=\"canonical\" href=\"https:\/\/www.todobudapest.com\/hu\/arfolyam-bankkartya-hasznalat-budapesten\/\" \/>\n<meta property=\"og:locale\" content=\"hu_HU\" \/>\n<meta property=\"og:type\" content=\"article\" \/>\n<meta property=\"og:title\" content=\"Currency-exchange rate - credit card use in Budapest - To Do Budapest\" \/>\n<meta property=\"og:description\" content=\"P\u00e9nznem, \u00e1rfolyam, p\u00e9nzv\u00e1lt\u00e1s bankk\u00e1rtya haszn\u00e1lat Budapesten Magyarorsz\u00e1g hivatalos p\u00e9nzneme a forint, \u00edgy ha Budapestre l\u00e1togat, mindenk\u00e9pp fel kell keresnie egy p\u00e9nzv\u00e1lt\u00f3t. \u00c9rdemes mindezt azonban k\u00f6r\u00fcltekint\u0151en megtenni. Mivel a napi \u00e1rfolyam folyamatosan v\u00e1ltozik, \u00edgy mindenk\u00e9pp l\u00e1togasson el az al\u00e1bb le\u00edrt weboldalra, ahol t\u00e1j\u00e9koz\u00f3dhat a napi \u00e1rfolyamokr\u00f3l. A napi valuta \u00e1rfolyam ezen a linken \u00e9rhet\u0151 el: (ideiglenes [&hellip;]\" \/>\n<meta property=\"og:url\" content=\"https:\/\/www.todobudapest.com\/hu\/arfolyam-bankkartya-hasznalat-budapesten\/\" \/>\n<meta property=\"og:site_name\" content=\"To Do Budapest\" \/>\n<meta property=\"article:modified_time\" content=\"2022-09-13T15:50:34+00:00\" \/>\n<meta property=\"og:image\" content=\"https:\/\/www.todobudapest.com\/wp-content\/uploads\/2022\/03\/Beautiful-Budapest-at-New-Years-Eve.jpg\" \/>\n<meta name=\"twitter:card\" content=\"summary_large_image\" \/>\n<meta name=\"twitter:label1\" content=\"Becs\u00fclt olvas\u00e1si id\u0151\" \/>\n\t<meta name=\"twitter:data1\" content=\"2 perc\" \/>\n<script type=\"application\/ld+json\" class=\"yoast-schema-graph\">{\"@context\":\"https:\/\/schema.org\",\"@graph\":[{\"@type\":\"WebPage\",\"@id\":\"https:\/\/www.todobudapest.com\/hu\/arfolyam-bankkartya-hasznalat-budapesten\/\",\"url\":\"https:\/\/www.todobudapest.com\/hu\/arfolyam-bankkartya-hasznalat-budapesten\/\",\"name\":\"Currency-exchange rate - credit card use in Budapest - To Do Budapest\",\"isPartOf\":{\"@id\":\"https:\/\/www.todobudapest.com\/#website\"},\"datePublished\":\"2022-05-25T11:12:14+00:00\",\"dateModified\":\"2022-09-13T15:50:34+00:00\",\"breadcrumb\":{\"@id\":\"https:\/\/www.todobudapest.com\/hu\/arfolyam-bankkartya-hasznalat-budapesten\/#breadcrumb\"},\"inLanguage\":\"hu\",\"potentialAction\":[{\"@type\":\"ReadAction\",\"target\":[\"https:\/\/www.todobudapest.com\/hu\/arfolyam-bankkartya-hasznalat-budapesten\/\"]}]},{\"@type\":\"BreadcrumbList\",\"@id\":\"https:\/\/www.todobudapest.com\/hu\/arfolyam-bankkartya-hasznalat-budapesten\/#breadcrumb\",\"itemListElement\":[{\"@type\":\"ListItem\",\"position\":1,\"name\":\"Home\",\"item\":\"https:\/\/www.todobudapest.com\/hu\/\"},{\"@type\":\"ListItem\",\"position\":2,\"name\":\"\u00c1rfolyam, bankk\u00e1rtya haszn\u00e1lat Budapesten\"}]},{\"@type\":\"WebSite\",\"@id\":\"https:\/\/www.todobudapest.com\/#website\",\"url\":\"https:\/\/www.todobudapest.com\/\",\"name\":\"To Do Budapest\",\"description\":\"\",\"potentialAction\":[{\"@type\":\"SearchAction\",\"target\":{\"@type\":\"EntryPoint\",\"urlTemplate\":\"https:\/\/www.todobudapest.com\/?s={search_term_string}\"},\"query-input\":\"required name=search_term_string\"}],\"inLanguage\":\"hu\"}]}<\/script>\n<!-- \/ Yoast SEO plugin. -->","yoast_head_json":{"title":"Currency-exchange rate - credit card use in Budapest - To Do Budapest","robots":{"index":"index","follow":"follow","max-snippet":"max-snippet:-1","max-image-preview":"max-image-preview:large","max-video-preview":"max-video-preview:-1"},"canonical":"https:\/\/www.todobudapest.com\/hu\/arfolyam-bankkartya-hasznalat-budapesten\/","og_locale":"hu_HU","og_type":"article","og_title":"Currency-exchange rate - credit card use in Budapest - To Do Budapest","og_description":"P\u00e9nznem, \u00e1rfolyam, p\u00e9nzv\u00e1lt\u00e1s bankk\u00e1rtya haszn\u00e1lat Budapesten Magyarorsz\u00e1g hivatalos p\u00e9nzneme a forint, \u00edgy ha Budapestre l\u00e1togat, mindenk\u00e9pp fel kell keresnie egy p\u00e9nzv\u00e1lt\u00f3t. \u00c9rdemes mindezt azonban k\u00f6r\u00fcltekint\u0151en megtenni. Mivel a napi \u00e1rfolyam folyamatosan v\u00e1ltozik, \u00edgy mindenk\u00e9pp l\u00e1togasson el az al\u00e1bb le\u00edrt weboldalra, ahol t\u00e1j\u00e9koz\u00f3dhat a napi \u00e1rfolyamokr\u00f3l. A napi valuta \u00e1rfolyam ezen a linken \u00e9rhet\u0151 el: (ideiglenes [&hellip;]","og_url":"https:\/\/www.todobudapest.com\/hu\/arfolyam-bankkartya-hasznalat-budapesten\/","og_site_name":"To Do Budapest","article_modified_time":"2022-09-13T15:50:34+00:00","og_image":[{"url":"https:\/\/www.todobudapest.com\/wp-content\/uploads\/2022\/03\/Beautiful-Budapest-at-New-Years-Eve.jpg"}],"twitter_card":"summary_large_image","twitter_misc":{"Becs\u00fclt olvas\u00e1si id\u0151":"2 perc"},"schema":{"@context":"https:\/\/schema.org","@graph":[{"@type":"WebPage","@id":"https:\/\/www.todobudapest.com\/hu\/arfolyam-bankkartya-hasznalat-budapesten\/","url":"https:\/\/www.todobudapest.com\/hu\/arfolyam-bankkartya-hasznalat-budapesten\/","name":"Currency-exchange rate - credit card use in Budapest - To Do Budapest","isPartOf":{"@id":"https:\/\/www.todobudapest.com\/#website"},"datePublished":"2022-05-25T11:12:14+00:00","dateModified":"2022-09-13T15:50:34+00:00","breadcrumb":{"@id":"https:\/\/www.todobudapest.com\/hu\/arfolyam-bankkartya-hasznalat-budapesten\/#breadcrumb"},"inLanguage":"hu","potentialAction":[{"@type":"ReadAction","target":["https:\/\/www.todobudapest.com\/hu\/arfolyam-bankkartya-hasznalat-budapesten\/"]}]},{"@type":"BreadcrumbList","@id":"https:\/\/www.todobudapest.com\/hu\/arfolyam-bankkartya-hasznalat-budapesten\/#breadcrumb","itemListElement":[{"@type":"ListItem","position":1,"name":"Home","item":"https:\/\/www.todobudapest.com\/hu\/"},{"@type":"ListItem","position":2,"name":"\u00c1rfolyam, bankk\u00e1rtya haszn\u00e1lat Budapesten"}]},{"@type":"WebSite","@id":"https:\/\/www.todobudapest.com\/#website","url":"https:\/\/www.todobudapest.com\/","name":"To Do Budapest","description":"","potentialAction":[{"@type":"SearchAction","target":{"@type":"EntryPoint","urlTemplate":"https:\/\/www.todobudapest.com\/?s={search_term_string}"},"query-input":"required name=search_term_string"}],"inLanguage":"hu"}]}},"_links":{"self":[{"href":"https:\/\/www.todobudapest.com\/hu\/wp-json\/wp\/v2\/pages\/922","targetHints":{"allow":["GET"]}}],"collection":[{"href":"https:\/\/www.todobudapest.com\/hu\/wp-json\/wp\/v2\/pages"}],"about":[{"href":"https:\/\/www.todobudapest.com\/hu\/wp-json\/wp\/v2\/types\/page"}],"author":[{"embeddable":true,"href":"https:\/\/www.todobudapest.com\/hu\/wp-json\/wp\/v2\/users\/1"}],"replies":[{"embeddable":true,"href":"https:\/\/www.todobudapest.com\/hu\/wp-json\/wp\/v2\/comments?post=922"}],"version-history":[{"count":2,"href":"https:\/\/www.todobudapest.com\/hu\/wp-json\/wp\/v2\/pages\/922\/revisions"}],"predecessor-version":[{"id":924,"href":"https:\/\/www.todobudapest.com\/hu\/wp-json\/wp\/v2\/pages\/922\/revisions\/924"}],"wp:attachment":[{"href":"https:\/\/www.todobudapest.com\/hu\/wp-json\/wp\/v2\/media?parent=922"}],"curies":[{"name":"wp","href":"https:\/\/api.w.org\/{rel}","templated":true}]}}