{"id":920,"date":"2022-05-25T13:10:22","date_gmt":"2022-05-25T11:10:22","guid":{"rendered":"https:\/\/www.todobudapest.com\/public-safety-in-budapest\/"},"modified":"2022-09-13T17:47:37","modified_gmt":"2022-09-13T15:47:37","slug":"kozbiztonsag-budapesten","status":"publish","type":"page","link":"https:\/\/www.todobudapest.com\/hu\/kozbiztonsag-budapesten\/","title":{"rendered":"K\u00f6zbiztons\u00e1g Budapesten"},"content":{"rendered":"<p>K\u00f6zbiztons\u00e1g Budapesten<\/p>\n<p>Budapest az elm\u00falt \u00e9vekben a turist\u00e1k egyik kedvenc c\u00e9lorsz\u00e1ga lett, hiszen nem csak l\u00e1tnival\u00f3kban gazdag v\u00e1ros, de eur\u00f3pai viszonylatban is biztons\u00e1gosnak tekinthet\u0151. Budapesten csal\u00e1ddal, bar\u00e1ti t\u00e1rsas\u00e1ggal egyar\u00e1nt kellemesen \u00e9rezheti mag\u00e1t, nem kell att\u00f3l tartania, hogy atrocit\u00e1s \u00e9ri. Azonban mint minden nagyv\u00e1rosban, itt is \u00e9rdemes betartani n\u00e9h\u00e1ny j\u00f3tan\u00e1csot, hogy elker\u00fclje a felesleges kellemetlens\u00e9geket.<\/p>\n<ul>\n<li>K\u00f6zleked\u00e9si eszk\u00f6z\u00f6k\u00f6n \u00fcgyeljen \u00e9rt\u00e9keire!<\/li>\n<li>Taxit lehet\u0151s\u00e9g szerint telefonon h\u00edvjon, mert a t\u00e1rsas\u00e1gok c\u00edmre \u00e9rkez\u0151 aut\u00f3i olcs\u00f3bban sz\u00e1ll\u00edtj\u00e1k az utasokat, mint az utc\u00e1n leintett taxisok.<\/li>\n<li>Amennyiben elt\u00e9ved, keresse fel az els\u0151 hotelt, motelt vagy hostelt, ahol a port\u00e1sok azonnal \u00fatbaigaz\u00edtj\u00e1k vagy taxit h\u00edvnak az \u00d6n sz\u00e1m\u00e1ra.<\/li>\n<li>Valut\u00e1t kiz\u00e1r\u00f3lag az erre kijel\u00f6lt egys\u00e9gekben v\u00e1ltson. Az utcai p\u00e9nzv\u00e1lt\u00f3 delaerekkel ne elegyedjen sz\u00f3ba.<\/li>\n<li>Mentse el telefonj\u00e1ba 112-es h\u00edv\u00f3sz\u00e1mot, ahol azonnal seg\u00edts\u00e9get k\u00e9rhet v\u00e9sz eset\u00e9n.<\/li>\n<\/ul>\n<p><img decoding=\"async\" class=\"alignnone size-full wp-image-442\" src=\"https:\/\/www.todobudapest.com\/wp-content\/uploads\/2022\/03\/Liberty-Bridge-at-New-Years-Eve.jpg\" alt=\"\" width=\"1943\" height=\"1546\" srcset=\"https:\/\/www.todobudapest.com\/wp-content\/uploads\/2022\/03\/Liberty-Bridge-at-New-Years-Eve.jpg 1943w, https:\/\/www.todobudapest.com\/wp-content\/uploads\/2022\/03\/Liberty-Bridge-at-New-Years-Eve-600x477.jpg 600w\" sizes=\"(max-width: 1943px) 100vw, 1943px\" \/><\/p>\n<p>&nbsp;<\/p>\n","protected":false},"excerpt":{"rendered":"<p>K\u00f6zbiztons\u00e1g Budapesten Budapest az elm\u00falt \u00e9vekben a turist\u00e1k egyik kedvenc c\u00e9lorsz\u00e1ga lett, hiszen nem csak l\u00e1tnival\u00f3kban gazdag v\u00e1ros, de eur\u00f3pai viszonylatban is biztons\u00e1gosnak tekinthet\u0151. Budapesten csal\u00e1ddal, bar\u00e1ti t\u00e1rsas\u00e1ggal egyar\u00e1nt kellemesen \u00e9rezheti mag\u00e1t, nem kell att\u00f3l tartania, hogy atrocit\u00e1s \u00e9ri. Azonban mint minden nagyv\u00e1rosban, itt is \u00e9rdemes betartani n\u00e9h\u00e1ny j\u00f3tan\u00e1csot, hogy elker\u00fclje a felesleges kellemetlens\u00e9geket. K\u00f6zleked\u00e9si [&hellip;]<\/p>\n","protected":false},"author":1,"featured_media":0,"parent":0,"menu_order":38,"comment_status":"closed","ping_status":"closed","template":"","meta":{"footnotes":""},"class_list":["post-920","page","type-page","status-publish","hentry"],"acf":[],"yoast_head":"<!-- This site is optimized with the Yoast SEO plugin v20.3 - https:\/\/yoast.com\/wordpress\/plugins\/seo\/ -->\n<title>K\u00f6zbiztons\u00e1g Budapesten - To Do Budapest<\/title>\n<meta name=\"robots\" content=\"index, follow, max-snippet:-1, max-image-preview:large, max-video-preview:-1\" \/>\n<link rel=\"canonical\" href=\"https:\/\/www.todobudapest.com\/hu\/kozbiztonsag-budapesten\/\" \/>\n<meta property=\"og:locale\" content=\"hu_HU\" \/>\n<meta property=\"og:type\" content=\"article\" \/>\n<meta property=\"og:title\" content=\"K\u00f6zbiztons\u00e1g Budapesten - To Do Budapest\" \/>\n<meta property=\"og:description\" content=\"K\u00f6zbiztons\u00e1g Budapesten Budapest az elm\u00falt \u00e9vekben a turist\u00e1k egyik kedvenc c\u00e9lorsz\u00e1ga lett, hiszen nem csak l\u00e1tnival\u00f3kban gazdag v\u00e1ros, de eur\u00f3pai viszonylatban is biztons\u00e1gosnak tekinthet\u0151. Budapesten csal\u00e1ddal, bar\u00e1ti t\u00e1rsas\u00e1ggal egyar\u00e1nt kellemesen \u00e9rezheti mag\u00e1t, nem kell att\u00f3l tartania, hogy atrocit\u00e1s \u00e9ri. Azonban mint minden nagyv\u00e1rosban, itt is \u00e9rdemes betartani n\u00e9h\u00e1ny j\u00f3tan\u00e1csot, hogy elker\u00fclje a felesleges kellemetlens\u00e9geket. K\u00f6zleked\u00e9si [&hellip;]\" \/>\n<meta property=\"og:url\" content=\"https:\/\/www.todobudapest.com\/hu\/kozbiztonsag-budapesten\/\" \/>\n<meta property=\"og:site_name\" content=\"To Do Budapest\" \/>\n<meta property=\"article:modified_time\" content=\"2022-09-13T15:47:37+00:00\" \/>\n<meta property=\"og:image\" content=\"https:\/\/www.todobudapest.com\/wp-content\/uploads\/2022\/03\/Liberty-Bridge-at-New-Years-Eve.jpg\" \/>\n<meta name=\"twitter:card\" content=\"summary_large_image\" \/>\n<meta name=\"twitter:label1\" content=\"Becs\u00fclt olvas\u00e1si id\u0151\" \/>\n\t<meta name=\"twitter:data1\" content=\"1 perc\" \/>\n<script type=\"application\/ld+json\" class=\"yoast-schema-graph\">{\"@context\":\"https:\/\/schema.org\",\"@graph\":[{\"@type\":\"WebPage\",\"@id\":\"https:\/\/www.todobudapest.com\/hu\/kozbiztonsag-budapesten\/\",\"url\":\"https:\/\/www.todobudapest.com\/hu\/kozbiztonsag-budapesten\/\",\"name\":\"K\u00f6zbiztons\u00e1g Budapesten - To Do Budapest\",\"isPartOf\":{\"@id\":\"https:\/\/www.todobudapest.com\/#website\"},\"datePublished\":\"2022-05-25T11:10:22+00:00\",\"dateModified\":\"2022-09-13T15:47:37+00:00\",\"breadcrumb\":{\"@id\":\"https:\/\/www.todobudapest.com\/hu\/kozbiztonsag-budapesten\/#breadcrumb\"},\"inLanguage\":\"hu\",\"potentialAction\":[{\"@type\":\"ReadAction\",\"target\":[\"https:\/\/www.todobudapest.com\/hu\/kozbiztonsag-budapesten\/\"]}]},{\"@type\":\"BreadcrumbList\",\"@id\":\"https:\/\/www.todobudapest.com\/hu\/kozbiztonsag-budapesten\/#breadcrumb\",\"itemListElement\":[{\"@type\":\"ListItem\",\"position\":1,\"name\":\"Home\",\"item\":\"https:\/\/www.todobudapest.com\/hu\/\"},{\"@type\":\"ListItem\",\"position\":2,\"name\":\"K\u00f6zbiztons\u00e1g Budapesten\"}]},{\"@type\":\"WebSite\",\"@id\":\"https:\/\/www.todobudapest.com\/#website\",\"url\":\"https:\/\/www.todobudapest.com\/\",\"name\":\"To Do Budapest\",\"description\":\"\",\"potentialAction\":[{\"@type\":\"SearchAction\",\"target\":{\"@type\":\"EntryPoint\",\"urlTemplate\":\"https:\/\/www.todobudapest.com\/?s={search_term_string}\"},\"query-input\":\"required name=search_term_string\"}],\"inLanguage\":\"hu\"}]}<\/script>\n<!-- \/ Yoast SEO plugin. -->","yoast_head_json":{"title":"K\u00f6zbiztons\u00e1g Budapesten - To Do Budapest","robots":{"index":"index","follow":"follow","max-snippet":"max-snippet:-1","max-image-preview":"max-image-preview:large","max-video-preview":"max-video-preview:-1"},"canonical":"https:\/\/www.todobudapest.com\/hu\/kozbiztonsag-budapesten\/","og_locale":"hu_HU","og_type":"article","og_title":"K\u00f6zbiztons\u00e1g Budapesten - To Do Budapest","og_description":"K\u00f6zbiztons\u00e1g Budapesten Budapest az elm\u00falt \u00e9vekben a turist\u00e1k egyik kedvenc c\u00e9lorsz\u00e1ga lett, hiszen nem csak l\u00e1tnival\u00f3kban gazdag v\u00e1ros, de eur\u00f3pai viszonylatban is biztons\u00e1gosnak tekinthet\u0151. Budapesten csal\u00e1ddal, bar\u00e1ti t\u00e1rsas\u00e1ggal egyar\u00e1nt kellemesen \u00e9rezheti mag\u00e1t, nem kell att\u00f3l tartania, hogy atrocit\u00e1s \u00e9ri. Azonban mint minden nagyv\u00e1rosban, itt is \u00e9rdemes betartani n\u00e9h\u00e1ny j\u00f3tan\u00e1csot, hogy elker\u00fclje a felesleges kellemetlens\u00e9geket. K\u00f6zleked\u00e9si [&hellip;]","og_url":"https:\/\/www.todobudapest.com\/hu\/kozbiztonsag-budapesten\/","og_site_name":"To Do Budapest","article_modified_time":"2022-09-13T15:47:37+00:00","og_image":[{"url":"https:\/\/www.todobudapest.com\/wp-content\/uploads\/2022\/03\/Liberty-Bridge-at-New-Years-Eve.jpg"}],"twitter_card":"summary_large_image","twitter_misc":{"Becs\u00fclt olvas\u00e1si id\u0151":"1 perc"},"schema":{"@context":"https:\/\/schema.org","@graph":[{"@type":"WebPage","@id":"https:\/\/www.todobudapest.com\/hu\/kozbiztonsag-budapesten\/","url":"https:\/\/www.todobudapest.com\/hu\/kozbiztonsag-budapesten\/","name":"K\u00f6zbiztons\u00e1g Budapesten - To Do Budapest","isPartOf":{"@id":"https:\/\/www.todobudapest.com\/#website"},"datePublished":"2022-05-25T11:10:22+00:00","dateModified":"2022-09-13T15:47:37+00:00","breadcrumb":{"@id":"https:\/\/www.todobudapest.com\/hu\/kozbiztonsag-budapesten\/#breadcrumb"},"inLanguage":"hu","potentialAction":[{"@type":"ReadAction","target":["https:\/\/www.todobudapest.com\/hu\/kozbiztonsag-budapesten\/"]}]},{"@type":"BreadcrumbList","@id":"https:\/\/www.todobudapest.com\/hu\/kozbiztonsag-budapesten\/#breadcrumb","itemListElement":[{"@type":"ListItem","position":1,"name":"Home","item":"https:\/\/www.todobudapest.com\/hu\/"},{"@type":"ListItem","position":2,"name":"K\u00f6zbiztons\u00e1g Budapesten"}]},{"@type":"WebSite","@id":"https:\/\/www.todobudapest.com\/#website","url":"https:\/\/www.todobudapest.com\/","name":"To Do Budapest","description":"","potentialAction":[{"@type":"SearchAction","target":{"@type":"EntryPoint","urlTemplate":"https:\/\/www.todobudapest.com\/?s={search_term_string}"},"query-input":"required name=search_term_string"}],"inLanguage":"hu"}]}},"_links":{"self":[{"href":"https:\/\/www.todobudapest.com\/hu\/wp-json\/wp\/v2\/pages\/920","targetHints":{"allow":["GET"]}}],"collection":[{"href":"https:\/\/www.todobudapest.com\/hu\/wp-json\/wp\/v2\/pages"}],"about":[{"href":"https:\/\/www.todobudapest.com\/hu\/wp-json\/wp\/v2\/types\/page"}],"author":[{"embeddable":true,"href":"https:\/\/www.todobudapest.com\/hu\/wp-json\/wp\/v2\/users\/1"}],"replies":[{"embeddable":true,"href":"https:\/\/www.todobudapest.com\/hu\/wp-json\/wp\/v2\/comments?post=920"}],"version-history":[{"count":1,"href":"https:\/\/www.todobudapest.com\/hu\/wp-json\/wp\/v2\/pages\/920\/revisions"}],"predecessor-version":[{"id":921,"href":"https:\/\/www.todobudapest.com\/hu\/wp-json\/wp\/v2\/pages\/920\/revisions\/921"}],"wp:attachment":[{"href":"https:\/\/www.todobudapest.com\/hu\/wp-json\/wp\/v2\/media?parent=920"}],"curies":[{"name":"wp","href":"https:\/\/api.w.org\/{rel}","templated":true}]}}