{"id":914,"date":"2022-05-25T12:55:58","date_gmt":"2022-05-25T10:55:58","guid":{"rendered":"https:\/\/www.todobudapest.com\/key-phone-numbers\/"},"modified":"2022-09-13T17:41:41","modified_gmt":"2022-09-13T15:41:41","slug":"legfontosabb-telefonszamok","status":"publish","type":"page","link":"https:\/\/www.todobudapest.com\/hu\/legfontosabb-telefonszamok\/","title":{"rendered":"Legfontosabb telefonsz\u00e1mok"},"content":{"rendered":"<p>Legfontosabb telefonsz\u00e1mok Budapesten<\/p>\n<p>\u00d6sszegy\u0171jt\u00f6tt\u00fck, hogy Budapestre l\u00e1togatva mely telefonsz\u00e1mokra lehet sz\u00fcks\u00e9ged.<\/p>\n<p>Angol nyelven besz\u00e9l\u0151 oper\u00e1torokhoz kapcsol\u00f3d\u00f3 telefonsz\u00e1mok:<\/p>\n<p>\u00c1ltal\u00e1nos seg\u00e9lyh\u00edv\u00f3:\u00a0 112<\/p>\n<p>Eur\u00f3pai Uni\u00f3 mind a 27 tag\u00e1llam\u00e1ban h\u00edvhat\u00f3 seg\u00edts\u00e9gk\u00e9r\u0151 sz\u00e1m. Ha bajba ker\u00fclt\u00e9l, vagy baleset helysz\u00edn\u00e9n vagy, h\u00edvd ezt a sz\u00e1mot. A rend\u0151rs\u00e9g, t\u0171zolt\u00f3k vagy ment\u0151k ki\u00e9rkez\u00e9s\u00e9ig maradj vonalban, hogy a diszp\u00e9cser seg\u00edteni tudjon neked a seg\u00edts\u00e9g meg\u00e9rkez\u00e9s\u00e9ig.<\/p>\n<p>Tourist Police (0-24): 06-1-438-8080<\/p>\n<p>&nbsp;<\/p>\n<p>Nonstop orvosi seg\u00edts\u00e9g angol nyelven (Falck SOS Hungary): 06-1-2400-475<\/p>\n<p>\u00c9jjel-nappal nyitva tart\u00f3 gy\u00f3gyszert\u00e1r: Budapest VI. ker, Ter\u00e9z krt 41. (telefon: 06-1-311-4439)<\/p>\n<p>&nbsp;<\/p>\n<p><img decoding=\"async\" class=\"alignnone size-full wp-image-436\" src=\"https:\/\/www.todobudapest.com\/wp-content\/uploads\/2022\/03\/Chain-Bridge-and-the-Parliament-Building-at-New-Years-Eve.jpg\" alt=\"\" width=\"1944\" height=\"1637\" srcset=\"https:\/\/www.todobudapest.com\/wp-content\/uploads\/2022\/03\/Chain-Bridge-and-the-Parliament-Building-at-New-Years-Eve.jpg 1944w, https:\/\/www.todobudapest.com\/wp-content\/uploads\/2022\/03\/Chain-Bridge-and-the-Parliament-Building-at-New-Years-Eve-600x505.jpg 600w\" sizes=\"(max-width: 1944px) 100vw, 1944px\" \/><\/p>\n<p>&nbsp;<\/p>\n<p>Ferihegy rept\u00e9r<\/p>\n<ul>\n<li>Budapest Ferihegyi rep\u00fcl\u0151t\u00e9r (j\u00e1rat inform\u00e1ci\u00f3) : 06-1-296-7000<\/li>\n<li>Elveszett csomagok ut\u00e1ni \u00e9rdekl\u0151d\u00e9s, termin\u00e1l 2A: 06-1-296-8108, 06-1-296-7217<\/li>\n<li>Elveszett csomagok ut\u00e1ni \u00e9rdekl\u0151d\u00e9s, termin\u00e1l 2B: 06-1-296-7690, 06-1-295-3480<\/li>\n<li>Ferihegy Terminal 2A &#8211; \u00e9rkez\u00e9sek: 06-1-296-8000<\/li>\n<li>Ferihegy Terminal 2A &#8211; indul\u00e1sok: 06-1-296-7000<\/li>\n<li>Ferihegy Terminal 2B &#8211; \u00e9rkez\u00e9sek: 06-1-296-5052<\/li>\n<li>Ferihegy Terminal 2B &#8211; indul\u00e1sok: 06-1-296-5883<\/li>\n<\/ul>\n<p>Ha b\u00e9relt aut\u00f3val k\u00f6zlekedsz \u00e9s baleset vagy meghib\u00e1sod\u00e1s t\u00f6rt\u00e9nik:<\/p>\n<p>Aut\u00f3klub seg\u00e9lyh\u00edv\u00f3: 188<\/p>\n<p>Taxi t\u00e1rsas\u00e1gok:<\/p>\n<p>6&#215;6 Taxi: +36-1-666-6666<\/p>\n<p>Budapest Taxi: 4-333-333<\/p>\n<p>City Taxi: 2-111-111<\/p>\n<p>F\u0151taxi: 2- 222-222<\/p>\n<p>Max Taxi: 2-222-333<\/p>\n<p>MB Elit Taxi: 232-32-32<\/p>\n<p>Taxi 2000: 2-000-000<\/p>\n<p>Taxi4: 4-444-444<\/p>\n<p>Taxi Plus: 7-888-999<\/p>\n<p>&nbsp;<\/p>\n<p>Elveszett \u00fatlev\u00e9l, okirat:<\/p>\n<p>Bev\u00e1ndorl\u00e1si \u00e9s \u00c1llampolg\u00e1rs\u00e1gi Hivatal Budapesti \u00e9s Pest megyei Igazgat\u00f3s\u00e1ga.<br \/>\nC\u00edm: 1117 Budapest, Budafoki \u00fat 60.<br \/>\nTel: 463-9100<\/p>\n<p>Ellopott \u00fatlev\u00e9l bejelent\u00e9se a rend\u0151rs\u00e9gen: 107 vagy 112<\/p>\n<p>&nbsp;<\/p>\n","protected":false},"excerpt":{"rendered":"<p>Legfontosabb telefonsz\u00e1mok Budapesten \u00d6sszegy\u0171jt\u00f6tt\u00fck, hogy Budapestre l\u00e1togatva mely telefonsz\u00e1mokra lehet sz\u00fcks\u00e9ged. Angol nyelven besz\u00e9l\u0151 oper\u00e1torokhoz kapcsol\u00f3d\u00f3 telefonsz\u00e1mok: \u00c1ltal\u00e1nos seg\u00e9lyh\u00edv\u00f3:\u00a0 112 Eur\u00f3pai Uni\u00f3 mind a 27 tag\u00e1llam\u00e1ban h\u00edvhat\u00f3 seg\u00edts\u00e9gk\u00e9r\u0151 sz\u00e1m. Ha bajba ker\u00fclt\u00e9l, vagy baleset helysz\u00edn\u00e9n vagy, h\u00edvd ezt a sz\u00e1mot. A rend\u0151rs\u00e9g, t\u0171zolt\u00f3k vagy ment\u0151k ki\u00e9rkez\u00e9s\u00e9ig maradj vonalban, hogy a diszp\u00e9cser seg\u00edteni tudjon neked a [&hellip;]<\/p>\n","protected":false},"author":1,"featured_media":0,"parent":0,"menu_order":44,"comment_status":"closed","ping_status":"closed","template":"","meta":{"footnotes":""},"class_list":["post-914","page","type-page","status-publish","hentry"],"acf":[],"yoast_head":"<!-- This site is optimized with the Yoast SEO plugin v20.3 - https:\/\/yoast.com\/wordpress\/plugins\/seo\/ -->\n<title>Legfontosabb telefonsz\u00e1mok - To Do Budapest<\/title>\n<meta name=\"robots\" content=\"index, follow, max-snippet:-1, max-image-preview:large, max-video-preview:-1\" \/>\n<link rel=\"canonical\" href=\"https:\/\/www.todobudapest.com\/hu\/legfontosabb-telefonszamok\/\" \/>\n<meta property=\"og:locale\" content=\"hu_HU\" \/>\n<meta property=\"og:type\" content=\"article\" \/>\n<meta property=\"og:title\" content=\"Legfontosabb telefonsz\u00e1mok - To Do Budapest\" \/>\n<meta property=\"og:description\" content=\"Legfontosabb telefonsz\u00e1mok Budapesten \u00d6sszegy\u0171jt\u00f6tt\u00fck, hogy Budapestre l\u00e1togatva mely telefonsz\u00e1mokra lehet sz\u00fcks\u00e9ged. Angol nyelven besz\u00e9l\u0151 oper\u00e1torokhoz kapcsol\u00f3d\u00f3 telefonsz\u00e1mok: \u00c1ltal\u00e1nos seg\u00e9lyh\u00edv\u00f3:\u00a0 112 Eur\u00f3pai Uni\u00f3 mind a 27 tag\u00e1llam\u00e1ban h\u00edvhat\u00f3 seg\u00edts\u00e9gk\u00e9r\u0151 sz\u00e1m. Ha bajba ker\u00fclt\u00e9l, vagy baleset helysz\u00edn\u00e9n vagy, h\u00edvd ezt a sz\u00e1mot. A rend\u0151rs\u00e9g, t\u0171zolt\u00f3k vagy ment\u0151k ki\u00e9rkez\u00e9s\u00e9ig maradj vonalban, hogy a diszp\u00e9cser seg\u00edteni tudjon neked a [&hellip;]\" \/>\n<meta property=\"og:url\" content=\"https:\/\/www.todobudapest.com\/hu\/legfontosabb-telefonszamok\/\" \/>\n<meta property=\"og:site_name\" content=\"To Do Budapest\" \/>\n<meta property=\"article:modified_time\" content=\"2022-09-13T15:41:41+00:00\" \/>\n<meta property=\"og:image\" content=\"https:\/\/www.todobudapest.com\/wp-content\/uploads\/2022\/03\/Chain-Bridge-and-the-Parliament-Building-at-New-Years-Eve.jpg\" \/>\n<meta name=\"twitter:card\" content=\"summary_large_image\" \/>\n<meta name=\"twitter:label1\" content=\"Becs\u00fclt olvas\u00e1si id\u0151\" \/>\n\t<meta name=\"twitter:data1\" content=\"2 perc\" \/>\n<script type=\"application\/ld+json\" class=\"yoast-schema-graph\">{\"@context\":\"https:\/\/schema.org\",\"@graph\":[{\"@type\":\"WebPage\",\"@id\":\"https:\/\/www.todobudapest.com\/hu\/legfontosabb-telefonszamok\/\",\"url\":\"https:\/\/www.todobudapest.com\/hu\/legfontosabb-telefonszamok\/\",\"name\":\"Legfontosabb telefonsz\u00e1mok - To Do Budapest\",\"isPartOf\":{\"@id\":\"https:\/\/www.todobudapest.com\/#website\"},\"datePublished\":\"2022-05-25T10:55:58+00:00\",\"dateModified\":\"2022-09-13T15:41:41+00:00\",\"breadcrumb\":{\"@id\":\"https:\/\/www.todobudapest.com\/hu\/legfontosabb-telefonszamok\/#breadcrumb\"},\"inLanguage\":\"hu\",\"potentialAction\":[{\"@type\":\"ReadAction\",\"target\":[\"https:\/\/www.todobudapest.com\/hu\/legfontosabb-telefonszamok\/\"]}]},{\"@type\":\"BreadcrumbList\",\"@id\":\"https:\/\/www.todobudapest.com\/hu\/legfontosabb-telefonszamok\/#breadcrumb\",\"itemListElement\":[{\"@type\":\"ListItem\",\"position\":1,\"name\":\"Home\",\"item\":\"https:\/\/www.todobudapest.com\/hu\/\"},{\"@type\":\"ListItem\",\"position\":2,\"name\":\"Legfontosabb telefonsz\u00e1mok\"}]},{\"@type\":\"WebSite\",\"@id\":\"https:\/\/www.todobudapest.com\/#website\",\"url\":\"https:\/\/www.todobudapest.com\/\",\"name\":\"To Do Budapest\",\"description\":\"\",\"potentialAction\":[{\"@type\":\"SearchAction\",\"target\":{\"@type\":\"EntryPoint\",\"urlTemplate\":\"https:\/\/www.todobudapest.com\/?s={search_term_string}\"},\"query-input\":\"required name=search_term_string\"}],\"inLanguage\":\"hu\"}]}<\/script>\n<!-- \/ Yoast SEO plugin. -->","yoast_head_json":{"title":"Legfontosabb telefonsz\u00e1mok - To Do Budapest","robots":{"index":"index","follow":"follow","max-snippet":"max-snippet:-1","max-image-preview":"max-image-preview:large","max-video-preview":"max-video-preview:-1"},"canonical":"https:\/\/www.todobudapest.com\/hu\/legfontosabb-telefonszamok\/","og_locale":"hu_HU","og_type":"article","og_title":"Legfontosabb telefonsz\u00e1mok - To Do Budapest","og_description":"Legfontosabb telefonsz\u00e1mok Budapesten \u00d6sszegy\u0171jt\u00f6tt\u00fck, hogy Budapestre l\u00e1togatva mely telefonsz\u00e1mokra lehet sz\u00fcks\u00e9ged. Angol nyelven besz\u00e9l\u0151 oper\u00e1torokhoz kapcsol\u00f3d\u00f3 telefonsz\u00e1mok: \u00c1ltal\u00e1nos seg\u00e9lyh\u00edv\u00f3:\u00a0 112 Eur\u00f3pai Uni\u00f3 mind a 27 tag\u00e1llam\u00e1ban h\u00edvhat\u00f3 seg\u00edts\u00e9gk\u00e9r\u0151 sz\u00e1m. Ha bajba ker\u00fclt\u00e9l, vagy baleset helysz\u00edn\u00e9n vagy, h\u00edvd ezt a sz\u00e1mot. A rend\u0151rs\u00e9g, t\u0171zolt\u00f3k vagy ment\u0151k ki\u00e9rkez\u00e9s\u00e9ig maradj vonalban, hogy a diszp\u00e9cser seg\u00edteni tudjon neked a [&hellip;]","og_url":"https:\/\/www.todobudapest.com\/hu\/legfontosabb-telefonszamok\/","og_site_name":"To Do Budapest","article_modified_time":"2022-09-13T15:41:41+00:00","og_image":[{"url":"https:\/\/www.todobudapest.com\/wp-content\/uploads\/2022\/03\/Chain-Bridge-and-the-Parliament-Building-at-New-Years-Eve.jpg"}],"twitter_card":"summary_large_image","twitter_misc":{"Becs\u00fclt olvas\u00e1si id\u0151":"2 perc"},"schema":{"@context":"https:\/\/schema.org","@graph":[{"@type":"WebPage","@id":"https:\/\/www.todobudapest.com\/hu\/legfontosabb-telefonszamok\/","url":"https:\/\/www.todobudapest.com\/hu\/legfontosabb-telefonszamok\/","name":"Legfontosabb telefonsz\u00e1mok - To Do Budapest","isPartOf":{"@id":"https:\/\/www.todobudapest.com\/#website"},"datePublished":"2022-05-25T10:55:58+00:00","dateModified":"2022-09-13T15:41:41+00:00","breadcrumb":{"@id":"https:\/\/www.todobudapest.com\/hu\/legfontosabb-telefonszamok\/#breadcrumb"},"inLanguage":"hu","potentialAction":[{"@type":"ReadAction","target":["https:\/\/www.todobudapest.com\/hu\/legfontosabb-telefonszamok\/"]}]},{"@type":"BreadcrumbList","@id":"https:\/\/www.todobudapest.com\/hu\/legfontosabb-telefonszamok\/#breadcrumb","itemListElement":[{"@type":"ListItem","position":1,"name":"Home","item":"https:\/\/www.todobudapest.com\/hu\/"},{"@type":"ListItem","position":2,"name":"Legfontosabb telefonsz\u00e1mok"}]},{"@type":"WebSite","@id":"https:\/\/www.todobudapest.com\/#website","url":"https:\/\/www.todobudapest.com\/","name":"To Do Budapest","description":"","potentialAction":[{"@type":"SearchAction","target":{"@type":"EntryPoint","urlTemplate":"https:\/\/www.todobudapest.com\/?s={search_term_string}"},"query-input":"required name=search_term_string"}],"inLanguage":"hu"}]}},"_links":{"self":[{"href":"https:\/\/www.todobudapest.com\/hu\/wp-json\/wp\/v2\/pages\/914","targetHints":{"allow":["GET"]}}],"collection":[{"href":"https:\/\/www.todobudapest.com\/hu\/wp-json\/wp\/v2\/pages"}],"about":[{"href":"https:\/\/www.todobudapest.com\/hu\/wp-json\/wp\/v2\/types\/page"}],"author":[{"embeddable":true,"href":"https:\/\/www.todobudapest.com\/hu\/wp-json\/wp\/v2\/users\/1"}],"replies":[{"embeddable":true,"href":"https:\/\/www.todobudapest.com\/hu\/wp-json\/wp\/v2\/comments?post=914"}],"version-history":[{"count":2,"href":"https:\/\/www.todobudapest.com\/hu\/wp-json\/wp\/v2\/pages\/914\/revisions"}],"predecessor-version":[{"id":916,"href":"https:\/\/www.todobudapest.com\/hu\/wp-json\/wp\/v2\/pages\/914\/revisions\/916"}],"wp:attachment":[{"href":"https:\/\/www.todobudapest.com\/hu\/wp-json\/wp\/v2\/media?parent=914"}],"curies":[{"name":"wp","href":"https:\/\/api.w.org\/{rel}","templated":true}]}}