{"id":909,"date":"2022-05-25T12:57:47","date_gmt":"2022-05-25T10:57:47","guid":{"rendered":"https:\/\/www.todobudapest.com\/smoking-in-budapest\/"},"modified":"2022-09-13T17:37:07","modified_gmt":"2022-09-13T15:37:07","slug":"dohanyzas-budapesten","status":"publish","type":"page","link":"https:\/\/www.todobudapest.com\/hu\/dohanyzas-budapesten\/","title":{"rendered":"Doh\u00e1nyz\u00e1s Budapesten"},"content":{"rendered":"<p>Doh\u00e1nyz\u00e1s Budapesten<\/p>\n<p>A nemdoh\u00e1nyz\u00f3k eg\u00e9szs\u00e9g\u00e9nek meg\u0151rz\u00e9se \u00e9rdek\u00e9ben Magyarorsz\u00e1gon is jogszab\u00e1lyok tiltj\u00e1k a k\u00f6zter\u00fcleteken, z\u00e1rt terekben val\u00f3 doh\u00e1nyz\u00e1st. Ha Magyarorsz\u00e1gra l\u00e1togatsz, \u00e9s doh\u00e1nyzol, j\u00f3 ha tiszt\u00e1ban vagy a doh\u00e1nyz\u00e1sra vonatkoz\u00f3 szab\u00e1lyokkal, hiszen a tiltott z\u00f3n\u00e1kban val\u00f3 f\u00fcst\u00f6l\u00e9st b\u00fcntetik. Mindig gy\u0151z\u0151dj meg arr\u00f3l, b\u00e1rhol is j\u00e1rsz a v\u00e1rosban, hogy doh\u00e1nyz\u00e1sra kijel\u00f6lt helyen gy\u00fajtasz r\u00e1.<\/p>\n<p>Hol tudsz doh\u00e1ny term\u00e9ket v\u00e1s\u00e1rolni?<\/p>\n<ul>\n<li>Doh\u00e1nyterm\u00e9ket kiz\u00e1r\u00f3lag Nemzeti Doh\u00e1nyboltban tudsz v\u00e1s\u00e1rolni.<\/li>\n<li>A doh\u00e1nyboltok ablakait \u00e9s bej\u00e1rat\u00e1t jelz\u0151 t\u00e1bla \u00e9s megk\u00fcl\u00f6nb\u00f6ztetett ablak dekor\u00e1ci\u00f3 bor\u00edtja, k\u00f6nny\u0171 \u00e9szrevenni.<\/li>\n<li>1 doboz cigaretta m\u00e1rk\u00e1t\u00f3l f\u00fcgg\u0151en 1100-1500 Ft-ba ker\u00fcl.<\/li>\n<li>A doh\u00e1nyboltokba 18 \u00e9ven aluli szem\u00e9ly nem l\u00e9phet be! M\u00e9g feln\u0151tt k\u00eds\u00e9ret\u00e9vel sem!<\/li>\n<li>A doh\u00e1nyboltokban a fiatal v\u00e1s\u00e1rl\u00f3kt\u00f3l elk\u00e9rhetik a szem\u00e9lyigazolv\u00e1nyaikat vagy egy\u00e9b hivatalos okiratukat, amellyel igazolj\u00e1k, hogy elm\u00faltak 18 \u00e9vesek.<\/li>\n<\/ul>\n<p><img decoding=\"async\" class=\"alignnone size-full wp-image-438\" src=\"https:\/\/www.todobudapest.com\/wp-content\/uploads\/2022\/03\/Matthias-Church-with-the-sunset-at-new-years-eve.jpg\" alt=\"\" width=\"1943\" height=\"1592\" srcset=\"https:\/\/www.todobudapest.com\/wp-content\/uploads\/2022\/03\/Matthias-Church-with-the-sunset-at-new-years-eve.jpg 1943w, https:\/\/www.todobudapest.com\/wp-content\/uploads\/2022\/03\/Matthias-Church-with-the-sunset-at-new-years-eve-600x492.jpg 600w\" sizes=\"(max-width: 1943px) 100vw, 1943px\" \/><\/p>\n<p>Hol tilos a doh\u00e1nyz\u00e1s Budapesten?<\/p>\n<p>Doh\u00e1nyozni \u00e9ttermekben, k\u00e1v\u00e9z\u00f3kban term\u00e9szetesen csak az arra kijel\u00f6lt z\u00f3n\u00e1kban lehets\u00e9ges. Ha r\u00e1 szeretn\u00e9l gy\u00fajtani, mindenk\u00e9pp jelezd az asztalfoglal\u00e1s alkalm\u00e1val, hogy doh\u00e1nyz\u00f3 z\u00f3n\u00e1ban szeretn\u00e9l \u00fclni.<\/p>\n<p>A v\u00e1rosban j\u00e1rva \u00fcgyelj arra, hogy cigarett\u00e1val elker\u00fcld a k\u00f6vetkez\u0151 helyeket.<\/p>\n<p>Itt semmilyen esetben ne cigarett\u00e1zz:<\/p>\n<ul>\n<li>t\u00f6megk\u00f6zleked\u00e9si eszk\u00f6z\u00f6k\u00f6n<\/li>\n<li>alulj\u00e1r\u00f3kban<\/li>\n<li>t\u00f6megk\u00f6zleked\u00e9si eszk\u00f6z\u00f6k meg\u00e1ll\u00f3j\u00e1nak 5 m\u00e9teres k\u00f6rzet\u00e9n bel\u00fcl<\/li>\n<li>j\u00e1tsz\u00f3terek, iskol\u00e1k, \u00f3vod\u00e1k 5 m\u00e9teres k\u00f6rzet\u00e9ben<\/li>\n<li>k\u00f3rh\u00e1zak, eg\u00e9szs\u00e9g\u00fcgyi int\u00e9zm\u00e9nyek 10 m\u00e9teres k\u00f6rzet\u00e9ben<\/li>\n<\/ul>\n<p>&nbsp;<\/p>\n<p>B\u00edrs\u00e1g tiltott helyen val\u00f3 doh\u00e1nyz\u00e1s\u00e9rt<\/p>\n<p>A k\u00f6zter\u00fclet-fel\u00fcgyelet munkat\u00e1rsai a doh\u00e1nyz\u00e1si korl\u00e1toz\u00e1s tetten \u00e9rt megszeg\u0151j\u00e9t 30 000 Ft-ig terjed\u0151 helysz\u00ednen kiszabott b\u00edrs\u00e1ggal b\u00fcnteti.<\/p>\n","protected":false},"excerpt":{"rendered":"<p>Doh\u00e1nyz\u00e1s Budapesten A nemdoh\u00e1nyz\u00f3k eg\u00e9szs\u00e9g\u00e9nek meg\u0151rz\u00e9se \u00e9rdek\u00e9ben Magyarorsz\u00e1gon is jogszab\u00e1lyok tiltj\u00e1k a k\u00f6zter\u00fcleteken, z\u00e1rt terekben val\u00f3 doh\u00e1nyz\u00e1st. Ha Magyarorsz\u00e1gra l\u00e1togatsz, \u00e9s doh\u00e1nyzol, j\u00f3 ha tiszt\u00e1ban vagy a doh\u00e1nyz\u00e1sra vonatkoz\u00f3 szab\u00e1lyokkal, hiszen a tiltott z\u00f3n\u00e1kban val\u00f3 f\u00fcst\u00f6l\u00e9st b\u00fcntetik. Mindig gy\u0151z\u0151dj meg arr\u00f3l, b\u00e1rhol is j\u00e1rsz a v\u00e1rosban, hogy doh\u00e1nyz\u00e1sra kijel\u00f6lt helyen gy\u00fajtasz r\u00e1. Hol tudsz doh\u00e1ny [&hellip;]<\/p>\n","protected":false},"author":1,"featured_media":0,"parent":0,"menu_order":42,"comment_status":"closed","ping_status":"closed","template":"","meta":{"footnotes":""},"class_list":["post-909","page","type-page","status-publish","hentry"],"acf":[],"yoast_head":"<!-- This site is optimized with the Yoast SEO plugin v20.3 - https:\/\/yoast.com\/wordpress\/plugins\/seo\/ -->\n<title>Doh\u00e1nyz\u00e1s Budapesten - To Do Budapest<\/title>\n<meta name=\"robots\" content=\"index, follow, max-snippet:-1, max-image-preview:large, max-video-preview:-1\" \/>\n<link rel=\"canonical\" href=\"https:\/\/www.todobudapest.com\/hu\/dohanyzas-budapesten\/\" \/>\n<meta property=\"og:locale\" content=\"hu_HU\" \/>\n<meta property=\"og:type\" content=\"article\" \/>\n<meta property=\"og:title\" content=\"Doh\u00e1nyz\u00e1s Budapesten - To Do Budapest\" \/>\n<meta property=\"og:description\" content=\"Doh\u00e1nyz\u00e1s Budapesten A nemdoh\u00e1nyz\u00f3k eg\u00e9szs\u00e9g\u00e9nek meg\u0151rz\u00e9se \u00e9rdek\u00e9ben Magyarorsz\u00e1gon is jogszab\u00e1lyok tiltj\u00e1k a k\u00f6zter\u00fcleteken, z\u00e1rt terekben val\u00f3 doh\u00e1nyz\u00e1st. Ha Magyarorsz\u00e1gra l\u00e1togatsz, \u00e9s doh\u00e1nyzol, j\u00f3 ha tiszt\u00e1ban vagy a doh\u00e1nyz\u00e1sra vonatkoz\u00f3 szab\u00e1lyokkal, hiszen a tiltott z\u00f3n\u00e1kban val\u00f3 f\u00fcst\u00f6l\u00e9st b\u00fcntetik. Mindig gy\u0151z\u0151dj meg arr\u00f3l, b\u00e1rhol is j\u00e1rsz a v\u00e1rosban, hogy doh\u00e1nyz\u00e1sra kijel\u00f6lt helyen gy\u00fajtasz r\u00e1. Hol tudsz doh\u00e1ny [&hellip;]\" \/>\n<meta property=\"og:url\" content=\"https:\/\/www.todobudapest.com\/hu\/dohanyzas-budapesten\/\" \/>\n<meta property=\"og:site_name\" content=\"To Do Budapest\" \/>\n<meta property=\"article:modified_time\" content=\"2022-09-13T15:37:07+00:00\" \/>\n<meta property=\"og:image\" content=\"https:\/\/www.todobudapest.com\/wp-content\/uploads\/2022\/03\/Matthias-Church-with-the-sunset-at-new-years-eve.jpg\" \/>\n<meta name=\"twitter:card\" content=\"summary_large_image\" \/>\n<meta name=\"twitter:label1\" content=\"Becs\u00fclt olvas\u00e1si id\u0151\" \/>\n\t<meta name=\"twitter:data1\" content=\"2 perc\" \/>\n<script type=\"application\/ld+json\" class=\"yoast-schema-graph\">{\"@context\":\"https:\/\/schema.org\",\"@graph\":[{\"@type\":\"WebPage\",\"@id\":\"https:\/\/www.todobudapest.com\/hu\/dohanyzas-budapesten\/\",\"url\":\"https:\/\/www.todobudapest.com\/hu\/dohanyzas-budapesten\/\",\"name\":\"Doh\u00e1nyz\u00e1s Budapesten - To Do Budapest\",\"isPartOf\":{\"@id\":\"https:\/\/www.todobudapest.com\/#website\"},\"datePublished\":\"2022-05-25T10:57:47+00:00\",\"dateModified\":\"2022-09-13T15:37:07+00:00\",\"breadcrumb\":{\"@id\":\"https:\/\/www.todobudapest.com\/hu\/dohanyzas-budapesten\/#breadcrumb\"},\"inLanguage\":\"hu\",\"potentialAction\":[{\"@type\":\"ReadAction\",\"target\":[\"https:\/\/www.todobudapest.com\/hu\/dohanyzas-budapesten\/\"]}]},{\"@type\":\"BreadcrumbList\",\"@id\":\"https:\/\/www.todobudapest.com\/hu\/dohanyzas-budapesten\/#breadcrumb\",\"itemListElement\":[{\"@type\":\"ListItem\",\"position\":1,\"name\":\"Home\",\"item\":\"https:\/\/www.todobudapest.com\/hu\/\"},{\"@type\":\"ListItem\",\"position\":2,\"name\":\"Doh\u00e1nyz\u00e1s Budapesten\"}]},{\"@type\":\"WebSite\",\"@id\":\"https:\/\/www.todobudapest.com\/#website\",\"url\":\"https:\/\/www.todobudapest.com\/\",\"name\":\"To Do Budapest\",\"description\":\"\",\"potentialAction\":[{\"@type\":\"SearchAction\",\"target\":{\"@type\":\"EntryPoint\",\"urlTemplate\":\"https:\/\/www.todobudapest.com\/?s={search_term_string}\"},\"query-input\":\"required name=search_term_string\"}],\"inLanguage\":\"hu\"}]}<\/script>\n<!-- \/ Yoast SEO plugin. -->","yoast_head_json":{"title":"Doh\u00e1nyz\u00e1s Budapesten - To Do Budapest","robots":{"index":"index","follow":"follow","max-snippet":"max-snippet:-1","max-image-preview":"max-image-preview:large","max-video-preview":"max-video-preview:-1"},"canonical":"https:\/\/www.todobudapest.com\/hu\/dohanyzas-budapesten\/","og_locale":"hu_HU","og_type":"article","og_title":"Doh\u00e1nyz\u00e1s Budapesten - To Do Budapest","og_description":"Doh\u00e1nyz\u00e1s Budapesten A nemdoh\u00e1nyz\u00f3k eg\u00e9szs\u00e9g\u00e9nek meg\u0151rz\u00e9se \u00e9rdek\u00e9ben Magyarorsz\u00e1gon is jogszab\u00e1lyok tiltj\u00e1k a k\u00f6zter\u00fcleteken, z\u00e1rt terekben val\u00f3 doh\u00e1nyz\u00e1st. Ha Magyarorsz\u00e1gra l\u00e1togatsz, \u00e9s doh\u00e1nyzol, j\u00f3 ha tiszt\u00e1ban vagy a doh\u00e1nyz\u00e1sra vonatkoz\u00f3 szab\u00e1lyokkal, hiszen a tiltott z\u00f3n\u00e1kban val\u00f3 f\u00fcst\u00f6l\u00e9st b\u00fcntetik. Mindig gy\u0151z\u0151dj meg arr\u00f3l, b\u00e1rhol is j\u00e1rsz a v\u00e1rosban, hogy doh\u00e1nyz\u00e1sra kijel\u00f6lt helyen gy\u00fajtasz r\u00e1. Hol tudsz doh\u00e1ny [&hellip;]","og_url":"https:\/\/www.todobudapest.com\/hu\/dohanyzas-budapesten\/","og_site_name":"To Do Budapest","article_modified_time":"2022-09-13T15:37:07+00:00","og_image":[{"url":"https:\/\/www.todobudapest.com\/wp-content\/uploads\/2022\/03\/Matthias-Church-with-the-sunset-at-new-years-eve.jpg"}],"twitter_card":"summary_large_image","twitter_misc":{"Becs\u00fclt olvas\u00e1si id\u0151":"2 perc"},"schema":{"@context":"https:\/\/schema.org","@graph":[{"@type":"WebPage","@id":"https:\/\/www.todobudapest.com\/hu\/dohanyzas-budapesten\/","url":"https:\/\/www.todobudapest.com\/hu\/dohanyzas-budapesten\/","name":"Doh\u00e1nyz\u00e1s Budapesten - To Do Budapest","isPartOf":{"@id":"https:\/\/www.todobudapest.com\/#website"},"datePublished":"2022-05-25T10:57:47+00:00","dateModified":"2022-09-13T15:37:07+00:00","breadcrumb":{"@id":"https:\/\/www.todobudapest.com\/hu\/dohanyzas-budapesten\/#breadcrumb"},"inLanguage":"hu","potentialAction":[{"@type":"ReadAction","target":["https:\/\/www.todobudapest.com\/hu\/dohanyzas-budapesten\/"]}]},{"@type":"BreadcrumbList","@id":"https:\/\/www.todobudapest.com\/hu\/dohanyzas-budapesten\/#breadcrumb","itemListElement":[{"@type":"ListItem","position":1,"name":"Home","item":"https:\/\/www.todobudapest.com\/hu\/"},{"@type":"ListItem","position":2,"name":"Doh\u00e1nyz\u00e1s Budapesten"}]},{"@type":"WebSite","@id":"https:\/\/www.todobudapest.com\/#website","url":"https:\/\/www.todobudapest.com\/","name":"To Do Budapest","description":"","potentialAction":[{"@type":"SearchAction","target":{"@type":"EntryPoint","urlTemplate":"https:\/\/www.todobudapest.com\/?s={search_term_string}"},"query-input":"required name=search_term_string"}],"inLanguage":"hu"}]}},"_links":{"self":[{"href":"https:\/\/www.todobudapest.com\/hu\/wp-json\/wp\/v2\/pages\/909","targetHints":{"allow":["GET"]}}],"collection":[{"href":"https:\/\/www.todobudapest.com\/hu\/wp-json\/wp\/v2\/pages"}],"about":[{"href":"https:\/\/www.todobudapest.com\/hu\/wp-json\/wp\/v2\/types\/page"}],"author":[{"embeddable":true,"href":"https:\/\/www.todobudapest.com\/hu\/wp-json\/wp\/v2\/users\/1"}],"replies":[{"embeddable":true,"href":"https:\/\/www.todobudapest.com\/hu\/wp-json\/wp\/v2\/comments?post=909"}],"version-history":[{"count":2,"href":"https:\/\/www.todobudapest.com\/hu\/wp-json\/wp\/v2\/pages\/909\/revisions"}],"predecessor-version":[{"id":911,"href":"https:\/\/www.todobudapest.com\/hu\/wp-json\/wp\/v2\/pages\/909\/revisions\/911"}],"wp:attachment":[{"href":"https:\/\/www.todobudapest.com\/hu\/wp-json\/wp\/v2\/media?parent=909"}],"curies":[{"name":"wp","href":"https:\/\/api.w.org\/{rel}","templated":true}]}}