{"id":746,"date":"2022-04-11T17:39:15","date_gmt":"2022-04-11T15:39:15","guid":{"rendered":"https:\/\/todobudapest.com\/our-todos\/"},"modified":"2022-10-26T18:37:56","modified_gmt":"2022-10-26T16:37:56","slug":"our-todos","status":"publish","type":"page","link":"https:\/\/www.todobudapest.com\/hu\/our-todos\/","title":{"rendered":"Aj\u00e1nlataink"},"content":{"rendered":"<p>N\u00e9zd meg k\u00edn\u00e1latunkat, amelyet Neked v\u00e1logattunk \u00f6ssze. Mindegy hogy 1 vagy t\u00f6bb napra j\u00f6tt\u00e9l Budapestre, az itt tal\u00e1lhat\u00f3 programokkal garant\u00e1ltan el\u00e9gedett leszel!<\/p>\n","protected":false},"excerpt":{"rendered":"<p>N\u00e9zd meg k\u00edn\u00e1latunkat, amelyet Neked v\u00e1logattunk \u00f6ssze. Mindegy hogy 1 vagy t\u00f6bb napra j\u00f6tt\u00e9l Budapestre, az itt tal\u00e1lhat\u00f3 programokkal garant\u00e1ltan el\u00e9gedett leszel!<\/p>\n","protected":false},"author":1,"featured_media":0,"parent":0,"menu_order":49,"comment_status":"closed","ping_status":"closed","template":"template-our-todos-list.php","meta":{"footnotes":""},"class_list":["post-746","page","type-page","status-publish","hentry"],"acf":[],"yoast_head":"<!-- This site is optimized with the Yoast SEO plugin v20.3 - https:\/\/yoast.com\/wordpress\/plugins\/seo\/ -->\n<title>Aj\u00e1nlataink - To Do Budapest<\/title>\n<meta name=\"robots\" content=\"index, follow, max-snippet:-1, max-image-preview:large, max-video-preview:-1\" \/>\n<link rel=\"canonical\" href=\"https:\/\/www.todobudapest.com\/hu\/our-todos\/\" \/>\n<meta property=\"og:locale\" content=\"hu_HU\" \/>\n<meta property=\"og:type\" content=\"article\" \/>\n<meta property=\"og:title\" content=\"Aj\u00e1nlataink - To Do Budapest\" \/>\n<meta property=\"og:description\" content=\"N\u00e9zd meg k\u00edn\u00e1latunkat, amelyet Neked v\u00e1logattunk \u00f6ssze. Mindegy hogy 1 vagy t\u00f6bb napra j\u00f6tt\u00e9l Budapestre, az itt tal\u00e1lhat\u00f3 programokkal garant\u00e1ltan el\u00e9gedett leszel!\" \/>\n<meta property=\"og:url\" content=\"https:\/\/www.todobudapest.com\/hu\/our-todos\/\" \/>\n<meta property=\"og:site_name\" content=\"To Do Budapest\" \/>\n<meta property=\"article:modified_time\" content=\"2022-10-26T16:37:56+00:00\" \/>\n<meta name=\"twitter:card\" content=\"summary_large_image\" \/>\n<script type=\"application\/ld+json\" class=\"yoast-schema-graph\">{\"@context\":\"https:\/\/schema.org\",\"@graph\":[{\"@type\":\"WebPage\",\"@id\":\"https:\/\/www.todobudapest.com\/hu\/our-todos\/\",\"url\":\"https:\/\/www.todobudapest.com\/hu\/our-todos\/\",\"name\":\"Aj\u00e1nlataink - To Do Budapest\",\"isPartOf\":{\"@id\":\"https:\/\/www.todobudapest.com\/#website\"},\"datePublished\":\"2022-04-11T15:39:15+00:00\",\"dateModified\":\"2022-10-26T16:37:56+00:00\",\"breadcrumb\":{\"@id\":\"https:\/\/www.todobudapest.com\/hu\/our-todos\/#breadcrumb\"},\"inLanguage\":\"hu\",\"potentialAction\":[{\"@type\":\"ReadAction\",\"target\":[\"https:\/\/www.todobudapest.com\/hu\/our-todos\/\"]}]},{\"@type\":\"BreadcrumbList\",\"@id\":\"https:\/\/www.todobudapest.com\/hu\/our-todos\/#breadcrumb\",\"itemListElement\":[{\"@type\":\"ListItem\",\"position\":1,\"name\":\"Home\",\"item\":\"https:\/\/www.todobudapest.com\/hu\/\"},{\"@type\":\"ListItem\",\"position\":2,\"name\":\"Aj\u00e1nlataink\"}]},{\"@type\":\"WebSite\",\"@id\":\"https:\/\/www.todobudapest.com\/#website\",\"url\":\"https:\/\/www.todobudapest.com\/\",\"name\":\"To Do Budapest\",\"description\":\"\",\"potentialAction\":[{\"@type\":\"SearchAction\",\"target\":{\"@type\":\"EntryPoint\",\"urlTemplate\":\"https:\/\/www.todobudapest.com\/?s={search_term_string}\"},\"query-input\":\"required name=search_term_string\"}],\"inLanguage\":\"hu\"}]}<\/script>\n<!-- \/ Yoast SEO plugin. -->","yoast_head_json":{"title":"Aj\u00e1nlataink - To Do Budapest","robots":{"index":"index","follow":"follow","max-snippet":"max-snippet:-1","max-image-preview":"max-image-preview:large","max-video-preview":"max-video-preview:-1"},"canonical":"https:\/\/www.todobudapest.com\/hu\/our-todos\/","og_locale":"hu_HU","og_type":"article","og_title":"Aj\u00e1nlataink - To Do Budapest","og_description":"N\u00e9zd meg k\u00edn\u00e1latunkat, amelyet Neked v\u00e1logattunk \u00f6ssze. Mindegy hogy 1 vagy t\u00f6bb napra j\u00f6tt\u00e9l Budapestre, az itt tal\u00e1lhat\u00f3 programokkal garant\u00e1ltan el\u00e9gedett leszel!","og_url":"https:\/\/www.todobudapest.com\/hu\/our-todos\/","og_site_name":"To Do Budapest","article_modified_time":"2022-10-26T16:37:56+00:00","twitter_card":"summary_large_image","schema":{"@context":"https:\/\/schema.org","@graph":[{"@type":"WebPage","@id":"https:\/\/www.todobudapest.com\/hu\/our-todos\/","url":"https:\/\/www.todobudapest.com\/hu\/our-todos\/","name":"Aj\u00e1nlataink - To Do Budapest","isPartOf":{"@id":"https:\/\/www.todobudapest.com\/#website"},"datePublished":"2022-04-11T15:39:15+00:00","dateModified":"2022-10-26T16:37:56+00:00","breadcrumb":{"@id":"https:\/\/www.todobudapest.com\/hu\/our-todos\/#breadcrumb"},"inLanguage":"hu","potentialAction":[{"@type":"ReadAction","target":["https:\/\/www.todobudapest.com\/hu\/our-todos\/"]}]},{"@type":"BreadcrumbList","@id":"https:\/\/www.todobudapest.com\/hu\/our-todos\/#breadcrumb","itemListElement":[{"@type":"ListItem","position":1,"name":"Home","item":"https:\/\/www.todobudapest.com\/hu\/"},{"@type":"ListItem","position":2,"name":"Aj\u00e1nlataink"}]},{"@type":"WebSite","@id":"https:\/\/www.todobudapest.com\/#website","url":"https:\/\/www.todobudapest.com\/","name":"To Do Budapest","description":"","potentialAction":[{"@type":"SearchAction","target":{"@type":"EntryPoint","urlTemplate":"https:\/\/www.todobudapest.com\/?s={search_term_string}"},"query-input":"required name=search_term_string"}],"inLanguage":"hu"}]}},"_links":{"self":[{"href":"https:\/\/www.todobudapest.com\/hu\/wp-json\/wp\/v2\/pages\/746","targetHints":{"allow":["GET"]}}],"collection":[{"href":"https:\/\/www.todobudapest.com\/hu\/wp-json\/wp\/v2\/pages"}],"about":[{"href":"https:\/\/www.todobudapest.com\/hu\/wp-json\/wp\/v2\/types\/page"}],"author":[{"embeddable":true,"href":"https:\/\/www.todobudapest.com\/hu\/wp-json\/wp\/v2\/users\/1"}],"replies":[{"embeddable":true,"href":"https:\/\/www.todobudapest.com\/hu\/wp-json\/wp\/v2\/comments?post=746"}],"version-history":[{"count":4,"href":"https:\/\/www.todobudapest.com\/hu\/wp-json\/wp\/v2\/pages\/746\/revisions"}],"predecessor-version":[{"id":1237,"href":"https:\/\/www.todobudapest.com\/hu\/wp-json\/wp\/v2\/pages\/746\/revisions\/1237"}],"wp:attachment":[{"href":"https:\/\/www.todobudapest.com\/hu\/wp-json\/wp\/v2\/media?parent=746"}],"curies":[{"name":"wp","href":"https:\/\/api.w.org\/{rel}","templated":true}]}}